{"id":113306,"date":"2023-06-01T00:00:00","date_gmt":"2023-05-31T22:00:00","guid":{"rendered":"http:\/\/gpl-love.com\/fr\/produit\/pinkmart-ajax-theme-for-woocommerce\/"},"modified":"2026-04-10T18:36:31","modified_gmt":"2026-04-10T16:36:31","slug":"pinkmart-ajax-theme-for-woocommerce","status":"publish","type":"product","link":"https:\/\/gpl-love.com\/fr\/produit\/pinkmart-ajax-theme-for-woocommerce\/","title":{"rendered":"Pinkmart AJAX theme pour WooCommerce 3.7.8"},"content":{"rendered":"<h3>Pinkmart AJAX theme pour WooCommerce Traits<\/h3>\n<p>Le th\u00e8me Pinkmart Ajax, sp\u00e9cialement con\u00e7u pour WooCommerce, sert de solution exemplaire pour ceux qui en possession de magasins de commerce \u00e9lectronique, car il vise \u00e0 \u00e9lever leur exp\u00e9rience d&rsquo;achat en ligne \u00e0 de nouveaux sommets. Ce th\u00e8me particulier est fier de porter un design de pointe et d&rsquo;immaculement, avec une interface lisse, rationalis\u00e9e et remarquablement conviviale, ce qui en fait un choix in\u00e9gal\u00e9 pour captiver votre client\u00e8le estim\u00e9e. Il convient de noter que ce th\u00e8me est \u00e9quip\u00e9 de la technologie innovante de l&rsquo;Ajax, qui, \u00e0 son tour, permet le chargement rapide des pages Web, ce qui entra\u00eene une exp\u00e9rience d&rsquo;achat ind\u00e9niablement transparente. De plus, il est de la plus haute importance de souligner le fait que l&rsquo;on peut personnaliser sans effort ce th\u00e8me, l&rsquo;alignant avec le style et les pr\u00e9f\u00e9rences distinctifs de leur marque, gracieuset\u00e9 du vaste comit\u00e9 d&rsquo;options de th\u00e8me inclus. De plus, le th\u00e8me Pinkmart garantit de tout c\u0153ur la compatibilit\u00e9 WooCommerce, garantissant ainsi que les individus ont acc\u00e8s \u00e0 un \u00e9ventail de caract\u00e9ristiques et de capacit\u00e9s indispensables qui sont essentielles pour le fonctionnement r\u00e9ussi de leurs efforts respectifs de commerce \u00e9lectronique. Avec ses alternatives de recherche et de filtrage tr\u00e8s avanc\u00e9es, ainsi que l&rsquo;incorporation de plusieurs aper\u00e7us de produits et la fonctionnalit\u00e9 de vue rapide, il est sans aucun doute que le th\u00e8me de Pinkmart Ajax est un atout indispensable pour tout propri\u00e9taire d&rsquo;une boutique en ligne qui vise \u00e0 se distinguer sans effort sans effort De leurs rivaux et avancez dans cette industrie farouchement comp\u00e9titive.<\/p>\n<ul>\n<li>Un th\u00e8me WooCommerce visuellement magnifique avec un design moderne et \u00e9l\u00e9gant<\/li>\n<li>Enti\u00e8rement r\u00e9actif et optimis\u00e9 pour les appareils mobiles, offrant une excellente exp\u00e9rience utilisateur aux clients<\/li>\n<li>Construit avec la technologie Ajax pour le chargement de pages-pages et la navigation en douceur<\/li>\n<li>Plusieurs options de mise en page pr\u00e9-construites, ce qui facilite la personnalisation de votre boutique en ligne<\/li>\n<li>Int\u00e9gr\u00e9 avec des plugins WordPress populaires tels que Visual Composer et Revolution Clider<\/li>\n<li>Facile \u00e0 utiliser avec une interface intuitive, m\u00eame pour ceux qui ont une exp\u00e9rience de conception limit\u00e9e<\/li>\n<li>Optimis\u00e9 pour le r\u00e9f\u00e9rencement, garantissant que votre site Web se classe bien dans les r\u00e9sultats du moteur de recherche<\/li>\n<li>R\u00e9guli\u00e8rement mis \u00e0 jour avec de nouvelles fonctionnalit\u00e9s et am\u00e9liorations pour garder votre boutique en ligne avant le concours<\/li>\n<li>Excellent support client de l&rsquo;\u00e9quipe Pinkmart pour r\u00e9pondre \u00e0 toutes les questions ou aider \u00e0 d\u00e9panner.<\/li>\n<\/ul>\n","protected":false},"excerpt":{"rendered":"<p>Mettez \u00e0 niveau votre boutique en ligne vers un march\u00e9 \u00e9l\u00e9gant et moderne en utilisant le th\u00e8me Pinkmart Ajax sp\u00e9cialement con\u00e7u pour WooCommerce. En incorporant sa conception visuellement attrayante, sa navigation sans effort et sa fonctionnalit\u00e9 en douceur de l&rsquo;AJAX, vous pouvez offrir \u00e0 vos clients une exp\u00e9rience d&rsquo;achat transparente qui est garantie pour g\u00e9n\u00e9rer des chiffres de vente plus \u00e9lev\u00e9s et une satisfaction accrue du client. De plus, ce th\u00e8me poss\u00e8de une multitude d&rsquo;options personnalisables, vous permettant d&rsquo;adapter votre site Web \u00e0 refl\u00e9ter le caract\u00e8re distinctif et le professionnalisme de votre entreprise. Posez le temps et transformez votre boutique en ligne aujourd&rsquo;hui en mettant en \u0153uvre le th\u00e8me PinkMart Ajax pour WooCommerce.<\/p>\n","protected":false},"featured_media":144979,"comment_status":"open","ping_status":"open","template":"","meta":[],"product_brand":[2433],"product_cat":[1238,1851,1212],"product_tag":[1366],"class_list":{"0":"post-113306","1":"product","2":"type-product","3":"status-publish","4":"has-post-thumbnail","6":"product_brand-themeforest","7":"product_cat-commerce-electronique-themes","8":"product_cat-entreprise-commerce-electronique-themes","9":"product_cat-themes","10":"product_tag-themeforest","11":"member-discount","12":"discount-restricted","14":"first","15":"instock","16":"sale","17":"downloadable","18":"virtual","19":"sold-individually","20":"purchasable","21":"product-type-simple"},"_links":{"self":[{"href":"https:\/\/gpl-love.com\/fr\/wp-json\/wp\/v2\/product\/113306","targetHints":{"allow":["GET"]}}],"collection":[{"href":"https:\/\/gpl-love.com\/fr\/wp-json\/wp\/v2\/product"}],"about":[{"href":"https:\/\/gpl-love.com\/fr\/wp-json\/wp\/v2\/types\/product"}],"replies":[{"embeddable":true,"href":"https:\/\/gpl-love.com\/fr\/wp-json\/wp\/v2\/comments?post=113306"}],"wp:featuredmedia":[{"embeddable":true,"href":"https:\/\/gpl-love.com\/fr\/wp-json\/wp\/v2\/media\/144979"}],"wp:attachment":[{"href":"https:\/\/gpl-love.com\/fr\/wp-json\/wp\/v2\/media?parent=113306"}],"wp:term":[{"taxonomy":"product_brand","embeddable":true,"href":"https:\/\/gpl-love.com\/fr\/wp-json\/wp\/v2\/product_brand?post=113306"},{"taxonomy":"product_cat","embeddable":true,"href":"https:\/\/gpl-love.com\/fr\/wp-json\/wp\/v2\/product_cat?post=113306"},{"taxonomy":"product_tag","embeddable":true,"href":"https:\/\/gpl-love.com\/fr\/wp-json\/wp\/v2\/product_tag?post=113306"}],"curies":[{"name":"wp","href":"https:\/\/api.w.org\/{rel}","templated":true}]}}