{"id":113304,"date":"2021-03-28T00:00:00","date_gmt":"2021-03-27T23:00:00","guid":{"rendered":"http:\/\/gpl-love.com\/fr\/produit\/solutech-security-and-cctv-wordpress-theme\/"},"modified":"2026-04-10T18:40:16","modified_gmt":"2026-04-10T16:40:16","slug":"solutech-security-and-cctv-wordpress-theme","status":"publish","type":"product","link":"https:\/\/gpl-love.com\/fr\/produit\/solutech-security-and-cctv-wordpress-theme\/","title":{"rendered":"Solutech 1.4.1"},"content":{"rendered":"<h3>Solutech Traits<\/h3>\n<p>Le th\u00e8me Solutech Security et CCTV WordPress, un th\u00e8me remarquablement polyvalent et personnalisable, a \u00e9t\u00e9 sp\u00e9cifiquement con\u00e7u pour r\u00e9pondre aux besoins des soci\u00e9t\u00e9s de s\u00e9curit\u00e9 et de surveillance. B\u00e9n\u00e9ficiant d&rsquo;un design \u00e9l\u00e9gant et professionnel, ce th\u00e8me offre une gamme de fonctionnalit\u00e9s qui permettent aux entreprises d&rsquo;exposer efficacement leurs produits et services. Notamment, l&rsquo;interface conviviale de ce th\u00e8me s&rsquo;accompagne d&rsquo;une multitude de pages et de mod\u00e8les pr\u00e9d\u00e9finis, rationalisant le processus de mise en place d&rsquo;un site Web poli et sophistiqu\u00e9. De plus, ce th\u00e8me est pleinement r\u00e9actif, garantissant qu&rsquo;il d\u00e9gagera de l&rsquo;\u00e9clat visuel sur tous les types d&rsquo;appareils. Que son intention soit de d\u00e9velopper un site Web pour une entreprise de s\u00e9curit\u00e9, une entreprise d&rsquo;installation de vid\u00e9osurveillance ou un fournisseur d&rsquo;\u00e9quipements de surveillance, le th\u00e8me Solutech Security et CCTV WordPress sert de choix exceptionnel.<\/p>\n<ul>\n<li>Un th\u00e8me WordPress r\u00e9actif et moderne con\u00e7u sp\u00e9cifiquement pour les entreprises de s\u00e9curit\u00e9 et de vid\u00e9osurveillance<\/li>\n<li>Caract\u00e9ristiques des mod\u00e8les de pages pr\u00e9d\u00e9finis pour les services, \u00e0 propos de nous, d&rsquo;\u00e9quipe, de produits et de pages de contact<\/li>\n<li>Comprend un panneau d&rsquo;administration puissant pour une personnalisation facile des param\u00e8tres du th\u00e8me et de la mise en page<\/li>\n<li>Livr\u00e9 avec une vari\u00e9t\u00e9 de widgets personnalisables pour afficher les informations de l&rsquo;entreprise, les publications r\u00e9centes et les liens de m\u00e9dias sociaux<\/li>\n<li>Offre une vari\u00e9t\u00e9 de sch\u00e9mas de couleurs pr\u00e9d\u00e9finis et d&rsquo;options de police pour correspondre \u00e0 l&rsquo;identit\u00e9 de toute marque<\/li>\n<li>S&rsquo;int\u00e8gre aux plugins WordPress populaires comme WooCommerce, Yoast SEO et le formulaire de contact 7<\/li>\n<li>Comprend un blog enti\u00e8rement fonctionnel pour la publication des nouvelles et des informations de l&rsquo;industrie<\/li>\n<li>Offre du code optimis\u00e9 et des vitesses de chargement rapide pour une exp\u00e9rience utilisateur optimale<\/li>\n<li>Compatible avec tous les navigateurs Web modernes, y compris Chrome, Firefox, Safari et Edge<\/li>\n<li>Fournit des instructions d&rsquo;installation et de configuration faciles pour les utilisateurs de WordPress novices.<\/li>\n<\/ul>\n","protected":false},"excerpt":{"rendered":"<p>Le th\u00e8me Solutech Security et CCTV WordPress, avec sa nature innovante et moderne, sert de solution tr\u00e8s efficace pour les soci\u00e9t\u00e9s de s\u00e9curit\u00e9 visant \u00e0 fournir des services de s\u00e9curit\u00e9 de premier ordre. Sa pl\u00e9thore de fonctionnalit\u00e9s avanc\u00e9es, associ\u00e9e \u00e0 son design \u00e9l\u00e9gant et esth\u00e9tique, en fait le choix id\u00e9al pour ceux qui cherchent \u00e0 \u00e9tablir une pr\u00e9sence en ligne professionnelle et conviviale. Ce th\u00e8me poss\u00e8de non seulement une mise en page r\u00e9active, mais propose \u00e9galement des mises en page personnalisables et un panneau d&rsquo;administration convivial, garantissant qu&rsquo;il r\u00e9pond \u00e0 tous vos besoins. De plus, ses puissantes int\u00e9grations de s\u00e9curit\u00e9 et de vid\u00e9osurveillance vous permettent de pr\u00e9senter vos services de la mani\u00e8re la plus compl\u00e8te possible, vous permettant de r\u00e9pondre efficacement \u00e0 vos clients. Pascez pas de temps et laissez-vous adonner aux avantages du th\u00e8me Solutech Security et CCTV WordPress en lan\u00e7ant votre site Web aujourd&rsquo;hui!<\/p>\n","protected":false},"featured_media":145306,"comment_status":"open","ping_status":"open","template":"","meta":[],"product_brand":[2433],"product_cat":[1242,1212,1213],"product_tag":[1366],"class_list":{"0":"post-113304","1":"product","2":"type-product","3":"status-publish","4":"has-post-thumbnail","6":"product_brand-themeforest","7":"product_cat-creatif","8":"product_cat-themes","9":"product_cat-wordpress-themes","10":"product_tag-themeforest","11":"member-discount","12":"discount-restricted","14":"first","15":"instock","16":"sale","17":"downloadable","18":"virtual","19":"sold-individually","20":"purchasable","21":"product-type-simple"},"_links":{"self":[{"href":"https:\/\/gpl-love.com\/fr\/wp-json\/wp\/v2\/product\/113304","targetHints":{"allow":["GET"]}}],"collection":[{"href":"https:\/\/gpl-love.com\/fr\/wp-json\/wp\/v2\/product"}],"about":[{"href":"https:\/\/gpl-love.com\/fr\/wp-json\/wp\/v2\/types\/product"}],"replies":[{"embeddable":true,"href":"https:\/\/gpl-love.com\/fr\/wp-json\/wp\/v2\/comments?post=113304"}],"wp:featuredmedia":[{"embeddable":true,"href":"https:\/\/gpl-love.com\/fr\/wp-json\/wp\/v2\/media\/145306"}],"wp:attachment":[{"href":"https:\/\/gpl-love.com\/fr\/wp-json\/wp\/v2\/media?parent=113304"}],"wp:term":[{"taxonomy":"product_brand","embeddable":true,"href":"https:\/\/gpl-love.com\/fr\/wp-json\/wp\/v2\/product_brand?post=113304"},{"taxonomy":"product_cat","embeddable":true,"href":"https:\/\/gpl-love.com\/fr\/wp-json\/wp\/v2\/product_cat?post=113304"},{"taxonomy":"product_tag","embeddable":true,"href":"https:\/\/gpl-love.com\/fr\/wp-json\/wp\/v2\/product_tag?post=113304"}],"curies":[{"name":"wp","href":"https:\/\/api.w.org\/{rel}","templated":true}]}}