{"id":113302,"date":"2026-02-05T00:00:00","date_gmt":"2026-02-04T23:00:00","guid":{"rendered":"http:\/\/gpl-love.com\/fr\/produit\/breek-minimal-masonry-wordpress-theme\/"},"modified":"2026-03-20T22:57:25","modified_gmt":"2026-03-20T21:57:25","slug":"breek-minimal-masonry-wordpress-theme","status":"publish","type":"product","link":"https:\/\/gpl-love.com\/fr\/produit\/breek-minimal-masonry-wordpress-theme\/","title":{"rendered":"Breek Minimal Masonry WordPress Theme 4.2.1"},"content":{"rendered":"<h3>Breek Minimal Masonry WordPress Theme Traits<\/h3>\n<p>Le th\u00e8me Breek Minimal Masonry WordPress, avec son design \u00e9tonnamment simple et moderne, offre aux utilisateurs la possibilit\u00e9 de cr\u00e9er sans effort un site Web \u00e0 la fois propre et \u00e9pur\u00e9. Ce th\u00e8me exceptionnel est particuli\u00e8rement bien adapt\u00e9 aux personnes dans des domaines tels que les blogs, la photographie et le marketing num\u00e9rique qui cherchent \u00e0 pr\u00e9senter leur travail de mani\u00e8re visuellement \u00e9tonnante. En utilisant sa mise en page de ma\u00e7onnerie, votre contenu sera non seulement attrayant visuellement, mais aussi m\u00e9ticuleusement organis\u00e9. De plus, la conception enti\u00e8rement r\u00e9active garantit que votre site Web conservera son attrait esth\u00e9tique quel que soit l&rsquo;appareil utilis\u00e9 pour y acc\u00e9der. En plus de ces fonctionnalit\u00e9s, le th\u00e8me Breek Minimal Masonry WordPress fournit \u00e9galement un large \u00e9ventail de widgets personnalis\u00e9s et de codes short, permettant ainsi aux utilisateurs d&rsquo;am\u00e9liorer facilement la fonctionnalit\u00e9 et l&rsquo;individualit\u00e9 de leur site. En conclusion, si vous vous trouvez \u00e0 la recherche d&rsquo;une conception de site Web \u00e9l\u00e9gante, intuitive et conviviale, le th\u00e8me Breek Minimal Masonry WordPress est sans aucun doute un choix exceptionnel.<\/p>\n<ul>\n<li>Design propre et moderne<\/li>\n<li>Enti\u00e8rement r\u00e9actif et convivial<\/li>\n<li>Disposition de ma\u00e7onnerie pour une organisation facile du contenu<\/li>\n<li>Comprend plusieurs mod\u00e8les de pages et options de mise en page<\/li>\n<li>Sections d&rsquo;en-t\u00eate et de pied de page personnalisables<\/li>\n<li>Int\u00e9gration avec les plateformes de m\u00e9dias sociaux<\/li>\n<li>SEO optimis\u00e9 pour un meilleur classement des moteurs de recherche<\/li>\n<li>Compatible avec les plugins WordPress populaires<\/li>\n<li>Facile \u00e0 utiliser et \u00e0 personnaliser avec le g\u00e9n\u00e9rateur de page glisser-d\u00e9poser<\/li>\n<li>Comprend la documentation et le soutien des d\u00e9veloppeurs de th\u00e8mes.<\/li>\n<\/ul>\n","protected":false},"excerpt":{"rendered":"<p>D\u00e9couvrez l&rsquo;\u00e9l\u00e9gance du th\u00e8me WordPress de ma\u00e7onnerie minimale de Brek. Con\u00e7u avec une disposition unique de ma\u00e7onnerie, Breek se distingue comme un th\u00e8me polyvalent parfait pour les blogueurs, artistes ou entreprises qui cherchent \u00e0 pr\u00e9senter leurs produits ou services de mani\u00e8re sophistiqu\u00e9e. La conception minimale de Breek, associ\u00e9e \u00e0 des fonctionnalit\u00e9s de haute qualit\u00e9 comme les m\u00e9ga menus, les widgets personnalis\u00e9s et une vari\u00e9t\u00e9 de formats post-post, garantit que votre contenu brille et attire des clients potentiels. Que vous soyez un utilisateur de WordPress chevronn\u00e9 ou un d\u00e9butant, Breek offre une installation et une configuration faciles. Le th\u00e8me est \u00e9galement convivial, ce qui signifie que votre site a de meilleures chances de se classer sur les moteurs de recherche. Profitez des avantages du th\u00e8me Breek Minimal Masonry WordPress et passez votre pr\u00e9sence en ligne au niveau sup\u00e9rieur.<\/p>\n","protected":false},"featured_media":143316,"comment_status":"open","ping_status":"open","template":"","meta":[],"product_brand":[2433],"product_cat":[1242,1212,1213],"product_tag":[1366],"class_list":{"0":"post-113302","1":"product","2":"type-product","3":"status-publish","4":"has-post-thumbnail","6":"product_brand-themeforest","7":"product_cat-creatif","8":"product_cat-themes","9":"product_cat-wordpress-themes","10":"product_tag-themeforest","11":"member-discount","12":"discount-restricted","14":"first","15":"instock","16":"sale","17":"downloadable","18":"virtual","19":"sold-individually","20":"purchasable","21":"product-type-simple"},"_links":{"self":[{"href":"https:\/\/gpl-love.com\/fr\/wp-json\/wp\/v2\/product\/113302","targetHints":{"allow":["GET"]}}],"collection":[{"href":"https:\/\/gpl-love.com\/fr\/wp-json\/wp\/v2\/product"}],"about":[{"href":"https:\/\/gpl-love.com\/fr\/wp-json\/wp\/v2\/types\/product"}],"replies":[{"embeddable":true,"href":"https:\/\/gpl-love.com\/fr\/wp-json\/wp\/v2\/comments?post=113302"}],"wp:featuredmedia":[{"embeddable":true,"href":"https:\/\/gpl-love.com\/fr\/wp-json\/wp\/v2\/media\/143316"}],"wp:attachment":[{"href":"https:\/\/gpl-love.com\/fr\/wp-json\/wp\/v2\/media?parent=113302"}],"wp:term":[{"taxonomy":"product_brand","embeddable":true,"href":"https:\/\/gpl-love.com\/fr\/wp-json\/wp\/v2\/product_brand?post=113302"},{"taxonomy":"product_cat","embeddable":true,"href":"https:\/\/gpl-love.com\/fr\/wp-json\/wp\/v2\/product_cat?post=113302"},{"taxonomy":"product_tag","embeddable":true,"href":"https:\/\/gpl-love.com\/fr\/wp-json\/wp\/v2\/product_tag?post=113302"}],"curies":[{"name":"wp","href":"https:\/\/api.w.org\/{rel}","templated":true}]}}