{"id":113300,"date":"2022-07-07T00:00:00","date_gmt":"2022-07-06T22:00:00","guid":{"rendered":"http:\/\/gpl-love.com\/fr\/produit\/brikk-directory-and-listing-wordpress-theme\/"},"modified":"2026-03-20T22:57:29","modified_gmt":"2026-03-20T21:57:29","slug":"brikk-directory-and-listing-wordpress-theme","status":"publish","type":"product","link":"https:\/\/gpl-love.com\/fr\/produit\/brikk-directory-and-listing-wordpress-theme\/","title":{"rendered":"Brikk Directory et Listing WordPress Theme 1.6.0.9"},"content":{"rendered":"<h3>Brikk Directory et Listing WordPress Theme Traits<\/h3>\n<p>Le r\u00e9pertoire Brikk et le th\u00e8me WordPress inscrit sont un th\u00e8me incroyablement polyvalent et exceptionnellement puissant qui a \u00e9t\u00e9 con\u00e7u de mani\u00e8re experte dans le seul but de faciliter la cr\u00e9ation de sites Web de r\u00e9pertoire et de r\u00e9pertage tr\u00e8s fonctionnel et visuellement \u00e9tonnant. B\u00e9n\u00e9ficiant d&rsquo;un design \u00e9l\u00e9gant et contemporain, ce th\u00e8me offre aux utilisateurs la possibilit\u00e9 de le personnaliser sans effort afin de s&rsquo;aligner parfaitement avec leur identit\u00e9 de marque unique. En raison de son interface remarquablement conviviale, les individus peuvent rapidement g\u00e9n\u00e9rer des listes, les g\u00e9rer facilement et en ajouter de mani\u00e8re transparente selon les besoins. De plus, ce th\u00e8me est \u00e9galement \u00e9quip\u00e9 d&rsquo;un large \u00e9ventail d&rsquo;options de recherche avanc\u00e9es, de capacit\u00e9s de filtrage bas\u00e9es sur la localisation et d&rsquo;un assortiment d&rsquo;autres fonctionnalit\u00e9s qui servent collectivement \u00e0 optimiser l&rsquo;exp\u00e9rience utilisateur en s&rsquo;assurant que les individus sont capables de localiser sans effort ce qu&rsquo;ils recherchent pour. En outre, il est imp\u00e9ratif de noter que Brikk est pleinement r\u00e9actif, garantissant ainsi qu&rsquo;il offre syst\u00e9matiquement une pr\u00e9sentation visuelle exceptionnelle quel que soit le dispositif utilis\u00e9. En r\u00e9sum\u00e9, il est clair de voir que le r\u00e9pertoire Brikk et le th\u00e8me WordPress listing sont un choix exceptionnel pour les personnes qui cherchent \u00e0 cr\u00e9er un r\u00e9pertoire ou un site Web de liste impeccablement professionnel et de mani\u00e8re transparente.<\/p>\n<ul>\n<li>R\u00e9pertoire enti\u00e8rement personnalisable et facile \u00e0 utiliser et th\u00e8me WordPress Listing WordPress<\/li>\n<li>Beau design moderne avec une vari\u00e9t\u00e9 d&rsquo;options de couleurs et de mise en page<\/li>\n<li>Fonctionnalit\u00e9 de recherche robuste et flexible, y compris les options de filtrage avanc\u00e9es<\/li>\n<li>Formulaires de soumission frontale faciles \u00e0 utiliser pour les entreprises et les particuliers pour soumettre leurs listes<\/li>\n<li>Cartes int\u00e9gr\u00e9es pour les recherches et r\u00e9sultats bas\u00e9s sur la localisation<\/li>\n<li>Conception r\u00e9active pour une visualisation optimale sur n&rsquo;importe quel appareil<\/li>\n<li>Des options de mon\u00e9tisation puissantes, y compris les listes payantes et les listes pr\u00e9sent\u00e9es<\/li>\n<li>Pr\u00eat multilingue, avec prise en charge des plugins de traduction comme WPML<\/li>\n<li>Int\u00e9gration avec des plugins populaires comme WooCommerce et le formulaire de contact 7<\/li>\n<li>\u00c9quipe d&rsquo;assistance d\u00e9di\u00e9e \u00e0 toute question ou probl\u00e8me<\/li>\n<\/ul>\n","protected":false},"excerpt":{"rendered":"<p>Le r\u00e9pertoire Brikk et le th\u00e8me WordPress inscrit sont une solution polyvalente haute performance con\u00e7ue pour accueillir diverses industries avec facilit\u00e9. Avec sa conception d&rsquo;interface utilisateur \/ UX personnalisable et sa mise en page r\u00e9active, ce th\u00e8me offre une exp\u00e9rience de navigation transparente sur n&rsquo;importe quel appareil. Il est parfait pour cr\u00e9er un r\u00e9pertoire professionnel ou un site Web d&rsquo;inscription, permettant \u00e0 votre public de naviguer sans effort de contenu. Les fonctionnalit\u00e9s notables incluent un syst\u00e8me de recherche avanc\u00e9, un tableau de bord utilisateur, l&rsquo;int\u00e9gration Google Maps et le syst\u00e8me de notation et d&rsquo;examen. Son syst\u00e8me de r\u00e9servation facile \u00e0 utiliser vous permet de g\u00e9rer les rendez-vous, tandis que l&rsquo;int\u00e9gration WooCommerce vous permet de configurer une boutique en ligne en un rien de temps. Faites confiance \u00e0 Brikk pour fournir une plate-forme engageante et conviviale qui stimule votre pr\u00e9sence en ligne tout en am\u00e9liorant la satisfaction des utilisateurs.<\/p>\n","protected":false},"featured_media":143321,"comment_status":"open","ping_status":"open","template":"","meta":[],"product_brand":[2433],"product_cat":[1242,1212,1213],"product_tag":[1366],"class_list":{"0":"post-113300","1":"product","2":"type-product","3":"status-publish","4":"has-post-thumbnail","6":"product_brand-themeforest","7":"product_cat-creatif","8":"product_cat-themes","9":"product_cat-wordpress-themes","10":"product_tag-themeforest","11":"member-discount","12":"discount-restricted","14":"first","15":"instock","16":"sale","17":"downloadable","18":"virtual","19":"sold-individually","20":"purchasable","21":"product-type-simple"},"_links":{"self":[{"href":"https:\/\/gpl-love.com\/fr\/wp-json\/wp\/v2\/product\/113300","targetHints":{"allow":["GET"]}}],"collection":[{"href":"https:\/\/gpl-love.com\/fr\/wp-json\/wp\/v2\/product"}],"about":[{"href":"https:\/\/gpl-love.com\/fr\/wp-json\/wp\/v2\/types\/product"}],"replies":[{"embeddable":true,"href":"https:\/\/gpl-love.com\/fr\/wp-json\/wp\/v2\/comments?post=113300"}],"wp:featuredmedia":[{"embeddable":true,"href":"https:\/\/gpl-love.com\/fr\/wp-json\/wp\/v2\/media\/143321"}],"wp:attachment":[{"href":"https:\/\/gpl-love.com\/fr\/wp-json\/wp\/v2\/media?parent=113300"}],"wp:term":[{"taxonomy":"product_brand","embeddable":true,"href":"https:\/\/gpl-love.com\/fr\/wp-json\/wp\/v2\/product_brand?post=113300"},{"taxonomy":"product_cat","embeddable":true,"href":"https:\/\/gpl-love.com\/fr\/wp-json\/wp\/v2\/product_cat?post=113300"},{"taxonomy":"product_tag","embeddable":true,"href":"https:\/\/gpl-love.com\/fr\/wp-json\/wp\/v2\/product_tag?post=113300"}],"curies":[{"name":"wp","href":"https:\/\/api.w.org\/{rel}","templated":true}]}}