{"id":113298,"date":"2021-12-17T00:00:00","date_gmt":"2021-12-16T23:00:00","guid":{"rendered":"http:\/\/gpl-love.com\/fr\/produit\/wordpress-print-posts-and-pages-pdf\/"},"modified":"2026-03-20T23:49:12","modified_gmt":"2026-03-20T22:49:12","slug":"wordpress-print-posts-and-pages-pdf","status":"publish","type":"product","link":"https:\/\/gpl-love.com\/fr\/produit\/wordpress-print-posts-and-pages-pdf\/","title":{"rendered":"WordPress Print Posts et Pages (PDF) 1.5.7"},"content":{"rendered":"<h3>WordPress Print Posts et Pages (PDF) Traits<\/h3>\n<p>Le plugin WordPress Print Posts and Pages (PDF) est une solution exceptionnelle qui s&rsquo;adresse aux utilisateurs qui cherchent \u00e0 g\u00e9n\u00e9rer et \u00e0 distribuer des documents PDF de qualit\u00e9 professionnelle directement \u00e0 partir de leur site Web WordPress. Ce formidable plugin permet aux utilisateurs la possibilit\u00e9 de convertir sans effort leurs articles et pages de blog en PDF impeccablement con\u00e7us qui sont pr\u00eats pour l&rsquo;impression, le tout en quelques clics simples. De plus, ce plugin poss\u00e8de une adaptabilit\u00e9 in\u00e9gal\u00e9e car il accorde aux utilisateurs la libert\u00e9 de personnaliser la disposition et la conception de leurs PDF pour s&rsquo;aligner parfaitement avec leurs exigences sp\u00e9cifiques. De plus, ce plugin riche en fonctionnalit\u00e9s englobe un large \u00e9ventail de fonctionnalit\u00e9s telles que les en-t\u00eates et pieds de page personnalisables, les filigranes et de nombreux autres qui am\u00e9liorent encore l&rsquo;exp\u00e9rience utilisateur. Que votre objectif soit de cr\u00e9er des manuels de produits, des brochures num\u00e9riques ou de simplement fournir \u00e0 votre public une avenue pratique pour pr\u00e9server et partager votre contenu captivant, le plugin d&rsquo;impression WordPress et les pages (PDF) est un outil indispensable qui s&rsquo;int\u00e8gre de mani\u00e8re transparente dans le Arsenal de tout utilisateur WordPress exigeant.<\/p>\n<ul>\n<li>Un document PDF pr\u00eat \u00e0 imprimer des publications et pages WordPress.<\/li>\n<li><\/li>\n<li>Facile \u00e0 installer et \u00e0 utiliser le plugin WordPress.<\/li>\n<li>Prend en charge des mod\u00e8les personnalisables pour la sortie PDF.<\/li>\n<li>Comprend plusieurs options de disposition pour l&rsquo;impression.<\/li>\n<li>Prend en charge des extraits, des champs personnalis\u00e9s et des images en vedette.<\/li>\n<li>Compatible avec les plugins de g\u00e9n\u00e9ration de page populaires.<\/li>\n<li>G\u00e9n\u00e8re une table des mati\u00e8res compl\u00e8te pour le document PDF.<\/li>\n<li>Prend en charge la pagination et la num\u00e9rotation des pages.<\/li>\n<li>Ne n\u00e9cessite aucune comp\u00e9tence de codage ni expertise.<\/li>\n<li>Parfait pour imprimer les articles de blog, les tutoriels et les livres \u00e9lectroniques.<\/li>\n<li>Facilite le convertissement du contenu WordPress en format adapt\u00e9 \u00e0 l&rsquo;imprimante.<\/li>\n<\/ul>\n","protected":false},"excerpt":{"rendered":"<p>L&rsquo;outil WordPress Print Posts and Pages (PDF) est un plugin incroyablement convivial qui facilite la conversion de vos messages et pages WordPress dans le format PDF tr\u00e8s polyvalent. En vous engageant dans quelques clics simples, vous avez la possibilit\u00e9 de g\u00e9n\u00e9rer des PDF qui d\u00e9gagent une esth\u00e9tique professionnelle, offrant une gamme de polices personnalisables et d&rsquo;options de style. Cet outil exceptionnel sert de ressource id\u00e9ale pour des individus tels que les blogueurs, les sp\u00e9cialistes du marketing ou toute autre personne qui cherche \u00e0 concevoir rapidement et \u00e0 diffuser un contenu exceptionnel dans un format \u00e0 la fois portable et facilement accessible. Que votre aspiration soit de fournir \u00e0 vos lecteurs des ressources t\u00e9l\u00e9chargeables ou si vous avez simplement besoin d&rsquo;une m\u00e9thode rationalis\u00e9e pour imprimer et distribuer sans effort votre contenu dans des param\u00e8tres hors ligne, le plugin d&rsquo;impression WordPress et les pages (PDF) est la solution ultime.<\/p>\n","protected":false},"featured_media":146114,"comment_status":"open","ping_status":"open","template":"","meta":[],"product_brand":[2435],"product_cat":[1189,1181,1186],"product_tag":[1231],"class_list":{"0":"post-113298","1":"product","2":"type-product","3":"status-publish","4":"has-post-thumbnail","6":"product_brand-codecanyon","7":"product_cat-personnalisation","8":"product_cat-plugins","9":"product_cat-wordpress-plugins","10":"product_tag-codecanyon","11":"member-discount","12":"discount-restricted","14":"first","15":"instock","16":"sale","17":"downloadable","18":"virtual","19":"sold-individually","20":"purchasable","21":"product-type-simple"},"_links":{"self":[{"href":"https:\/\/gpl-love.com\/fr\/wp-json\/wp\/v2\/product\/113298","targetHints":{"allow":["GET"]}}],"collection":[{"href":"https:\/\/gpl-love.com\/fr\/wp-json\/wp\/v2\/product"}],"about":[{"href":"https:\/\/gpl-love.com\/fr\/wp-json\/wp\/v2\/types\/product"}],"replies":[{"embeddable":true,"href":"https:\/\/gpl-love.com\/fr\/wp-json\/wp\/v2\/comments?post=113298"}],"wp:featuredmedia":[{"embeddable":true,"href":"https:\/\/gpl-love.com\/fr\/wp-json\/wp\/v2\/media\/146114"}],"wp:attachment":[{"href":"https:\/\/gpl-love.com\/fr\/wp-json\/wp\/v2\/media?parent=113298"}],"wp:term":[{"taxonomy":"product_brand","embeddable":true,"href":"https:\/\/gpl-love.com\/fr\/wp-json\/wp\/v2\/product_brand?post=113298"},{"taxonomy":"product_cat","embeddable":true,"href":"https:\/\/gpl-love.com\/fr\/wp-json\/wp\/v2\/product_cat?post=113298"},{"taxonomy":"product_tag","embeddable":true,"href":"https:\/\/gpl-love.com\/fr\/wp-json\/wp\/v2\/product_tag?post=113298"}],"curies":[{"name":"wp","href":"https:\/\/api.w.org\/{rel}","templated":true}]}}