{"id":113296,"date":"2024-02-05T00:00:00","date_gmt":"2024-02-04T23:00:00","guid":{"rendered":"http:\/\/gpl-love.com\/fr\/produit\/vegan-food-organic-store-farm-responsive-woocommerce-wordpress-theme\/"},"modified":"2026-04-10T18:44:55","modified_gmt":"2026-04-10T16:44:55","slug":"vegan-food-organic-store-farm-responsive-woocommerce-wordpress-theme","status":"publish","type":"product","link":"https:\/\/gpl-love.com\/fr\/produit\/vegan-food-organic-store-farm-responsive-woocommerce-wordpress-theme\/","title":{"rendered":"Vegan Food Organic Store Farm Responsive Woocommerce WordPress Theme 5.2.32"},"content":{"rendered":"<h3>Vegan Food Organic Store Farm Responsive Woocommerce WordPress Theme Traits<\/h3>\n<p>Le magasin Vegan Food Organic Store Farm Reactive WooCommerce WordPress Theme se pr\u00e9sente comme un outil incroyablement polyvalent et puissant qui r\u00e9pond aux besoins des entreprises cherchant \u00e0 \u00e9tablir une pr\u00e9sence en ligne pro\u00e9minente pour leur magasin d&rsquo;aliments biologiques. Tirant parti de la plate-forme WordPress toujours populaire, ce th\u00e8me a \u00e9t\u00e9 m\u00e9ticuleusement con\u00e7u pour assurer une r\u00e9activit\u00e9 compl\u00e8te, garantissant ainsi un site Web visuellement attrayant et fonctionnellement fonctionnel sur tous les appareils. B\u00e9n\u00e9ficiant d&rsquo;une disposition vierge et contemporaine, le th\u00e8me offre \u00e9galement une vaste gamme d&rsquo;options de personnalisation, englobant un \u00e9ventail diversifi\u00e9 de sch\u00e9mas de couleurs et de choix de polices. De plus, le th\u00e8me s&rsquo;int\u00e8gre parfaitement \u00e0 WooCommerce, vous offrant la commodit\u00e9 de la cr\u00e9ation d&rsquo;une boutique en ligne sans effort et de la gestion efficace de votre inventaire. En centrant sa concentration sur la durabilit\u00e9 et en pr\u00e9conisant les pratiques agricoles responsables, le th\u00e8me WOOCommerce WordPress v\u00e9g\u00e9talien du magasin de produits biologiques alimentaires r\u00e9actif appara\u00eet comme la solution par excellence pour toute entreprise visant \u00e0 effectuer un changement positif sur la sc\u00e8ne mondiale, tout en augmentant simultan\u00e9ment les ventes et en g\u00e9n\u00e9rant des b\u00e9n\u00e9fices substantiels .<\/p>\n<ul>\n<li>Th\u00e8me WordPress con\u00e7u sur mesure pour les magasins et fermes biologiques v\u00e9g\u00e9taliennes<\/li>\n<li>Enti\u00e8rement r\u00e9actif et optimis\u00e9 pour tous les appareils<\/li>\n<li>Construit avec WooCommerce pour une vente facile en ligne de produits<\/li>\n<li>7 dispositions de page d&rsquo;accueil pr\u00e9-faites au choix<\/li>\n<li>15+ mod\u00e8les de page int\u00e9rieure pour diverses sections du site Web<\/li>\n<li>Couleurs, polices et dispositions personnalisables<\/li>\n<li>Page Facile \u00e0 utiliser pour cr\u00e9er vos propres conceptions uniques<\/li>\n<li>Int\u00e9gration avec des plugins populaires tels que MailChimp et Yoast SEO<\/li>\n<li>Support multilingue pour atteindre un public plus large<\/li>\n<li>Mises \u00e0 jour r\u00e9guli\u00e8res et support d\u00e9di\u00e9 pour assurer le bon fonctionnement de votre site Web.<\/li>\n<\/ul>\n","protected":false},"excerpt":{"rendered":"<p>Le th\u00e8me WOOCOMMERCE WOOCOMMERCE WORDPRESS Vegan Food Organic Store Responsive offre une solution optimale pour les individus et les entreprises qui cherchent \u00e0 \u00e9tablir une boutique en ligne dans le but de vendre leurs produits v\u00e9g\u00e9taliens biologiques. Ce th\u00e8me particulier a \u00e9t\u00e9 m\u00e9ticuleusement con\u00e7u pour r\u00e9pondre efficacement aux clients acc\u00e9dant au site Web via une vari\u00e9t\u00e9 d&rsquo;appareils, car il poss\u00e8de une r\u00e9activit\u00e9 mobile impressionnante. De plus, les utilisateurs re\u00e7oivent de nombreuses opportunit\u00e9s de personnalisation, leur permettant d&rsquo;adapter leur site Web en fonction de leur identit\u00e9 de marque et de leurs exigences commerciales individuelles. En incorporant le plugin WooCommerce efficace, la gestion des stocks, le suivi des commandes et la facilitation du traitement des paiements transparents sont devenus remarquablement sans effort. En fin de compte, le th\u00e8me WooCommerce WOOCommerce WOOCOMMERCE WOOCOMMERCE propose aux entrepreneurs une solution globale qui leur permet d&rsquo;\u00e9tablir sans effort une boutique en ligne tr\u00e8s professionnelle et d&rsquo;\u00e9largir efficacement leur client\u00e8le.<\/p>\n","protected":false},"featured_media":145707,"comment_status":"open","ping_status":"open","template":"","meta":[],"product_brand":[2433],"product_cat":[1606,1212,1213],"product_tag":[1366],"class_list":{"0":"post-113296","1":"product","2":"type-product","3":"status-publish","4":"has-post-thumbnail","6":"product_brand-themeforest","7":"product_cat-restauration-et-restaurant","8":"product_cat-themes","9":"product_cat-wordpress-themes","10":"product_tag-themeforest","11":"member-discount","12":"discount-restricted","14":"first","15":"instock","16":"sale","17":"downloadable","18":"virtual","19":"sold-individually","20":"purchasable","21":"product-type-simple"},"_links":{"self":[{"href":"https:\/\/gpl-love.com\/fr\/wp-json\/wp\/v2\/product\/113296","targetHints":{"allow":["GET"]}}],"collection":[{"href":"https:\/\/gpl-love.com\/fr\/wp-json\/wp\/v2\/product"}],"about":[{"href":"https:\/\/gpl-love.com\/fr\/wp-json\/wp\/v2\/types\/product"}],"replies":[{"embeddable":true,"href":"https:\/\/gpl-love.com\/fr\/wp-json\/wp\/v2\/comments?post=113296"}],"wp:featuredmedia":[{"embeddable":true,"href":"https:\/\/gpl-love.com\/fr\/wp-json\/wp\/v2\/media\/145707"}],"wp:attachment":[{"href":"https:\/\/gpl-love.com\/fr\/wp-json\/wp\/v2\/media?parent=113296"}],"wp:term":[{"taxonomy":"product_brand","embeddable":true,"href":"https:\/\/gpl-love.com\/fr\/wp-json\/wp\/v2\/product_brand?post=113296"},{"taxonomy":"product_cat","embeddable":true,"href":"https:\/\/gpl-love.com\/fr\/wp-json\/wp\/v2\/product_cat?post=113296"},{"taxonomy":"product_tag","embeddable":true,"href":"https:\/\/gpl-love.com\/fr\/wp-json\/wp\/v2\/product_tag?post=113296"}],"curies":[{"name":"wp","href":"https:\/\/api.w.org\/{rel}","templated":true}]}}