{"id":113280,"date":"2023-12-01T00:00:00","date_gmt":"2023-11-30T23:00:00","guid":{"rendered":"http:\/\/gpl-love.com\/fr\/produit\/tijarah-digital-marketplace-woocommerce-theme\/"},"modified":"2026-04-10T18:43:34","modified_gmt":"2026-04-10T16:43:34","slug":"tijarah-digital-marketplace-woocommerce-theme","status":"publish","type":"product","link":"https:\/\/gpl-love.com\/fr\/produit\/tijarah-digital-marketplace-woocommerce-theme\/","title":{"rendered":"Tijarah Digital Marketplace WooCommerce Theme 1.3.5"},"content":{"rendered":"<h3>Tijarah Digital Marketplace WooCommerce Theme Traits<\/h3>\n<p>Le th\u00e8me WooCommerce du march\u00e9 num\u00e9rique de Tijarah poss\u00e8de une conception exceptionnelle sp\u00e9cifiquement adapt\u00e9e aux entreprises de commerce \u00e9lectronique visant \u00e0 exposer et \u00e0 vendre leurs produits dans le domaine virtuel. Ce th\u00e8me englobe un tableau d&rsquo;options et d&rsquo;attributs de personnalisation, y compris une interface conviviale, une conception r\u00e9active et des fonctionnalit\u00e9s multi-vendeurs. De plus, il s&rsquo;int\u00e8gre parfaitement \u00e0 WooCommerce, facilitant la gestion sans effort des commandes, des paiements et des processus d&rsquo;exp\u00e9dition. Avec Tijarah \u00e0 votre disposition, vous pouvez \u00e9riger sans effort un site Web de commerce \u00e9lectronique esth\u00e9tiquement agr\u00e9able sans toute comp\u00e9tence de codage pr\u00e9alable. Notamment, ce th\u00e8me est exceptionnellement bien adapt\u00e9 aux entreprises qui aspirent \u00e0 \u00e9tablir un march\u00e9 en ligne, une boutique num\u00e9rique ou une plate-forme multi-fournisseurs. Sans aucun doute, le th\u00e8me WooCommerce du march\u00e9 num\u00e9rique de Tijarah incarne une s\u00e9lection exceptionnelle pour ceux qui se lancent dans le voyage de construction d&rsquo;une entreprise de commerce \u00e9lectronique \u00e0 succ\u00e8s.<\/p>\n<ul>\n<li>Design moderne et professionnel<\/li>\n<li>Enti\u00e8rement compatible avec le plugin WooCommerce<\/li>\n<li>Prise en charge multi-vendeurs pour les fonctionnalit\u00e9s du march\u00e9<\/li>\n<li>S&rsquo;int\u00e8gre aux passerelles de paiement populaires pour les transactions transparentes<\/li>\n<li>Interface conviviale pour les acheteurs et les vendeurs<\/li>\n<li>Design r\u00e9actif et adapt\u00e9 \u00e0 mobile<\/li>\n<li>Options de disposition de page d&rsquo;accueil personnalisables<\/li>\n<li>Options avanc\u00e9es de recherche et de filtrage pour une navigation facile<\/li>\n<li>Utilisation de polices Google et d&rsquo;ic\u00f4nes impressionnantes pour l&rsquo;appel visuel<\/li>\n<li>Mises \u00e0 jour \u00e0 vie et support client d\u00e9di\u00e9 des d\u00e9veloppeurs de th\u00e8mes.<\/li>\n<\/ul>\n","protected":false},"excerpt":{"rendered":"<p>Le th\u00e8me WooCommerce du march\u00e9 num\u00e9rique de Tijarah se pr\u00e9sente comme un mod\u00e8le de site Web sophistiqu\u00e9 et contemporain qui a \u00e9t\u00e9 exclusivement con\u00e7u pour le domaine des march\u00e9s en ligne. Ce th\u00e8me particulier s&rsquo;av\u00e8re \u00eatre un choix id\u00e9al pour les aspirants entrepreneurs qui souhaitent \u00e9tablir une formidable plate-forme de commerce \u00e9lectronique dans laquelle ils peuvent commercialiser et fournir efficacement une vaste gamme de produits num\u00e9riques, englobant des ebooks, des logiciels, de la musique et bien plus encore. B\u00e9n\u00e9ficiant d&rsquo;une conception impeccablement vierge et d&rsquo;une interface remarquablement conviviale, Tijarah se pr\u00eate sans effort \u00e0 la personnalisation, permettant ainsi \u00e0 ses utilisateurs de l&rsquo;adapter conform\u00e9ment \u00e0 leurs conditions distinctives et sp\u00e9cifiques. De plus, ce th\u00e8me remarquable affiche une compilation impressionnante d&rsquo;outils de gestion des fournisseurs, des produits et des paiements qui facilitent l&rsquo;\u00e9tablissement transparent d&rsquo;un march\u00e9 num\u00e9rique de pointe qui excelle dans l&rsquo;art des ventes de produits en ligne. Par cons\u00e9quent, que vous vous lanciez dans une nouvelle entreprise entrepreneuriale ou que vous cherchiez simplement \u00e0 \u00e9lever les normes de votre domaine de commerce \u00e9lectronique actuel, vous pouvez faire confiance fait pour le triomphe de votre march\u00e9 num\u00e9rique.<\/p>\n","protected":false},"featured_media":145588,"comment_status":"open","ping_status":"open","template":"","meta":[],"product_brand":[2433],"product_cat":[1238,1851,1212],"product_tag":[1366],"class_list":{"0":"post-113280","1":"product","2":"type-product","3":"status-publish","4":"has-post-thumbnail","6":"product_brand-themeforest","7":"product_cat-commerce-electronique-themes","8":"product_cat-entreprise-commerce-electronique-themes","9":"product_cat-themes","10":"product_tag-themeforest","11":"member-discount","12":"discount-restricted","14":"first","15":"instock","16":"sale","17":"downloadable","18":"virtual","19":"sold-individually","20":"purchasable","21":"product-type-simple"},"_links":{"self":[{"href":"https:\/\/gpl-love.com\/fr\/wp-json\/wp\/v2\/product\/113280","targetHints":{"allow":["GET"]}}],"collection":[{"href":"https:\/\/gpl-love.com\/fr\/wp-json\/wp\/v2\/product"}],"about":[{"href":"https:\/\/gpl-love.com\/fr\/wp-json\/wp\/v2\/types\/product"}],"replies":[{"embeddable":true,"href":"https:\/\/gpl-love.com\/fr\/wp-json\/wp\/v2\/comments?post=113280"}],"wp:featuredmedia":[{"embeddable":true,"href":"https:\/\/gpl-love.com\/fr\/wp-json\/wp\/v2\/media\/145588"}],"wp:attachment":[{"href":"https:\/\/gpl-love.com\/fr\/wp-json\/wp\/v2\/media?parent=113280"}],"wp:term":[{"taxonomy":"product_brand","embeddable":true,"href":"https:\/\/gpl-love.com\/fr\/wp-json\/wp\/v2\/product_brand?post=113280"},{"taxonomy":"product_cat","embeddable":true,"href":"https:\/\/gpl-love.com\/fr\/wp-json\/wp\/v2\/product_cat?post=113280"},{"taxonomy":"product_tag","embeddable":true,"href":"https:\/\/gpl-love.com\/fr\/wp-json\/wp\/v2\/product_tag?post=113280"}],"curies":[{"name":"wp","href":"https:\/\/api.w.org\/{rel}","templated":true}]}}