{"id":113278,"date":"2025-12-04T00:00:00","date_gmt":"2025-12-03T23:00:00","guid":{"rendered":"http:\/\/gpl-love.com\/fr\/produit\/wooswatches-woocommerce-color-or-image-variation-swatches\/"},"modified":"2026-03-20T23:48:53","modified_gmt":"2026-03-20T22:48:53","slug":"wooswatches-woocommerce-color-or-image-variation-swatches","status":"publish","type":"product","link":"https:\/\/gpl-love.com\/fr\/produit\/wooswatches-woocommerce-color-or-image-variation-swatches\/","title":{"rendered":"WooSwatches Woocommerce Color or Image Variation Swatches 7.0.0"},"content":{"rendered":"<h3>WooSwatches Woocommerce Color or Image Variation Swatches Traits<\/h3>\n<p>Wooswatches WooCommerce Couleur ou Variation Image Variation Swatches est un plugin indispensable pour les sites Web de commerce \u00e9lectronique qui fonctionnent sur la plate-forme WooCommerce, car il offre la possibilit\u00e9 de pr\u00e9senter des variations de produits de mani\u00e8re visuellement attrayante, \u00e0 travers des \u00e9chantillons captivants qui peuvent repr\u00e9senter des couleurs ou des images. L&rsquo;installation et l&rsquo;utilisation de ce plugin sont sans effort, et il englobe une multitude d&rsquo;options de personnalisation, r\u00e9pondant ainsi \u00e0 des exigences diverses. Au moyen de ce plugin avanc\u00e9, les clients peuvent sans effort pr\u00e9visualiser et s\u00e9lectionner leurs options de produit pr\u00e9f\u00e9r\u00e9es, aboutissant ainsi \u00e0 une exp\u00e9rience d&rsquo;achat sans couture et gratifiante. Ce plugin est particuli\u00e8rement avantageux pour les entreprises qui vendent des produits avec une myriade de variations, telles que les v\u00eatements, les bijoux ou les gadgets, car il am\u00e9liore non seulement l&rsquo;esth\u00e9tique globale du magasin mais \u00e9l\u00e8ve \u00e9galement l&rsquo;exp\u00e9rience utilisateur \u00e0 des hauteurs sans pr\u00e9c\u00e9dent.<\/p>\n<ul>\n<li>Moyen facile d&rsquo;ajouter des variations de couleur ou d&rsquo;image aux produits WooCommerce<\/li>\n<li>Permet aux clients de voir le produit dans diff\u00e9rentes couleurs ou images avant de faire un achat<\/li>\n<li>Augmente l&rsquo;exp\u00e9rience utilisateur et l&rsquo;engagement sur votre site Web<\/li>\n<li>Offre une conception r\u00e9active pour les appareils mobiles et tablettes<\/li>\n<li>Processus d&rsquo;installation rapide et simple<\/li>\n<li>Aide \u00e0 r\u00e9duire les rendements des produits en raison des clients qui n&rsquo;aiment pas la couleur ou l&rsquo;image de l&rsquo;\u00e9l\u00e9ment qu&rsquo;ils ont re\u00e7u<\/li>\n<li>Cr\u00e9e un site Web d&rsquo;aspect professionnel, augmentant la valeur de la marque et la confiance dans votre magasin.<\/li>\n<li>Fonctionne avec la plupart des th\u00e8mes et plugins WooCommerce<\/li>\n<li>Support 24\/7 de l&rsquo;\u00e9quipe de Wooswatches<\/li>\n<li>Peut am\u00e9liorer les ventes en offrant diff\u00e9rentes variations et options parmi lesquelles le client.<\/li>\n<\/ul>\n","protected":false},"excerpt":{"rendered":"<p>Wooswatches, un plugin incroyablement robuste sp\u00e9cialement con\u00e7u pour WooCommerce, a \u00e9t\u00e9 m\u00e9ticuleusement d\u00e9velopp\u00e9 pour int\u00e9grer de mani\u00e8re transparente les \u00e9chantillons de variation de couleur et d&rsquo;image dans votre boutique en ligne, am\u00e9liorant efficacement l&rsquo;exp\u00e9rience d&rsquo;achat globale de vos clients estim\u00e9s. En leur offrant la commodit\u00e9 de s\u00e9lectionner sans effort leurs options de produits pr\u00e9f\u00e9r\u00e9es, cette offre r\u00e9volutionnaire vous permet d&rsquo;augmenter consid\u00e9rablement les chiffres de vente. Avec une polyvalence in\u00e9gal\u00e9e, Wooswatches prend en charge une vaste gamme d&rsquo;options de personnalisation, assurant une int\u00e9gration transparente avec l&rsquo;esth\u00e9tique de conception unique de votre magasin. En exploitant la puissance des wooswatches, vous pouvez offrir sans \u00e9quivoque \u00e0 votre pr\u00e9cieux client\u00e8le une exp\u00e9rience d&rsquo;achat sans pr\u00e9c\u00e9dent, coh\u00e9rente et gratifiante.<\/p>\n","protected":false},"featured_media":146094,"comment_status":"open","ping_status":"open","template":"","meta":[],"product_brand":[2435],"product_cat":[1182,1223,1181],"product_tag":[1231],"class_list":{"0":"post-113278","1":"product","2":"type-product","3":"status-publish","4":"has-post-thumbnail","6":"product_brand-codecanyon","7":"product_cat-commerce-electronique-plugins","8":"product_cat-personnalisation-commerce-electronique-plugins","9":"product_cat-plugins","10":"product_tag-codecanyon","11":"member-discount","12":"discount-restricted","14":"first","15":"instock","16":"sale","17":"downloadable","18":"virtual","19":"sold-individually","20":"purchasable","21":"product-type-simple"},"_links":{"self":[{"href":"https:\/\/gpl-love.com\/fr\/wp-json\/wp\/v2\/product\/113278","targetHints":{"allow":["GET"]}}],"collection":[{"href":"https:\/\/gpl-love.com\/fr\/wp-json\/wp\/v2\/product"}],"about":[{"href":"https:\/\/gpl-love.com\/fr\/wp-json\/wp\/v2\/types\/product"}],"replies":[{"embeddable":true,"href":"https:\/\/gpl-love.com\/fr\/wp-json\/wp\/v2\/comments?post=113278"}],"wp:featuredmedia":[{"embeddable":true,"href":"https:\/\/gpl-love.com\/fr\/wp-json\/wp\/v2\/media\/146094"}],"wp:attachment":[{"href":"https:\/\/gpl-love.com\/fr\/wp-json\/wp\/v2\/media?parent=113278"}],"wp:term":[{"taxonomy":"product_brand","embeddable":true,"href":"https:\/\/gpl-love.com\/fr\/wp-json\/wp\/v2\/product_brand?post=113278"},{"taxonomy":"product_cat","embeddable":true,"href":"https:\/\/gpl-love.com\/fr\/wp-json\/wp\/v2\/product_cat?post=113278"},{"taxonomy":"product_tag","embeddable":true,"href":"https:\/\/gpl-love.com\/fr\/wp-json\/wp\/v2\/product_tag?post=113278"}],"curies":[{"name":"wp","href":"https:\/\/api.w.org\/{rel}","templated":true}]}}