{"id":113276,"date":"2025-08-19T00:00:00","date_gmt":"2025-08-18T22:00:00","guid":{"rendered":"http:\/\/gpl-love.com\/fr\/produit\/ipages-flipbook-pdf-viewer-for-wordpress-plugin\/"},"modified":"2026-03-20T23:20:32","modified_gmt":"2026-03-20T22:20:32","slug":"ipages-flipbook-pdf-viewer-for-wordpress-plugin","status":"publish","type":"product","link":"https:\/\/gpl-love.com\/fr\/produit\/ipages-flipbook-pdf-viewer-for-wordpress-plugin\/","title":{"rendered":"iPages Flipbook PDF Viewer For WordPress Plugin 1.5.5"},"content":{"rendered":"<h3>iPages Flipbook PDF Viewer For WordPress Plugin Traits<\/h3>\n<p>La visionneuse PDF FlipBook IPAGS pour le plugin WordPress est un outil indispensable pour les personnes cherchant \u00e0 g\u00e9n\u00e9rer du contenu interactif et convaincant sur leur site WordPress. Ce formidable plugin offre la commodit\u00e9 de transformer sans effort vos documents PDF en pr\u00e9sentations de flipbook captivantes qui sont garanties pour inscrire votre public. Avec une pl\u00e9thore d&rsquo;options personnalisables \u00e0 votre disposition, englobant les animations de retournement de la page, le zoom de zoom et la capacit\u00e9 d&rsquo;incorporer des \u00e9l\u00e9ments multim\u00e9dias tels que des vid\u00e9os et des images, ce plugin vous offre tous les outils n\u00e9cessaires pour fabriquer une exp\u00e9rience utilisateur inoubliable et immersive. Que vous vous identifiiez en tant que blogueur, marketing ou professionnel de la cr\u00e9ation, la visionneuse PDF FlipBook IPAGS pour le plugin WordPress sert de solution optimale pour pr\u00e9senter votre contenu de mani\u00e8re innovante et visuellement stimulante.<\/p>\n<ul>\n<li>Un plugin WordPress qui vous permet de pr\u00e9senter vos PDF en tant que flipbooks interactifs sur votre site Web<\/li>\n<li>Interface facile \u00e0 utiliser avec des options pour personnaliser l&rsquo;apparence du Flipbook pour correspondre \u00e0 votre marque<\/li>\n<li>Prend en charge plusieurs PDF dans un seul flipbook, vous permettant de combiner du contenu associ\u00e9 en une seule exp\u00e9rience interactive<\/li>\n<li>La conception r\u00e9active mobile garantit que votre flipbook a fi\u00e8re allure sur n&rsquo;importe quel appareil, des ordinateurs de bureau aux smartphones<\/li>\n<li>Option pour ajouter des \u00e9l\u00e9ments multim\u00e9dias tels que des vid\u00e9os, des images et un audio \u00e0 votre flipbook, ce qui en fait une exp\u00e9rience engageante pour vos t\u00e9l\u00e9spectateurs<\/li>\n<li>Fonctionnalit\u00e9s conviviales de r\u00e9f\u00e9rencement telles que les liens de texte et le contenu de texte optimis\u00e9 pour les moteurs de recherche<\/li>\n<li>Le chargement s\u00e9curis\u00e9 et optimis\u00e9 des fichiers PDF assure des performances rapides et lisses pour votre flipbook<\/li>\n<li>Prise en charge des th\u00e8mes de mode clair et sombre pour une exp\u00e9rience utilisateur transparent<\/li>\n<li>Mises \u00e0 jour r\u00e9guli\u00e8res et assistance disponibles pour assurer une compatibilit\u00e9 fluide avec les nouvelles versions et fonctionnalit\u00e9s WordPress<\/li>\n<li>S&rsquo;int\u00e8gre aux constructeurs de page WordPress populaires comme Elementor, Beaver Builder et Visual Composer, vous offrant la flexibilit\u00e9 de concevoir votre Flipbook comme vous le souhaitez.<\/li>\n<\/ul>\n","protected":false},"excerpt":{"rendered":"<p>La visionneuse PDF FlipBook IPAGS pour le plugin WordPress est un outil tr\u00e8s efficace et utile qui vous permet de pr\u00e9senter vos PDF dans un format Flipbook visuellement captivant sur votre site Web WordPress. Ce plugin propose une interface conviviale et permet \u00e0 la personnalisation sans effort de s&rsquo;aligner parfaitement avec votre style de marque sp\u00e9cifique. Il poss\u00e8de un \u00e9ventail de fonctionnalit\u00e9s avanc\u00e9es, y compris le bookmarking, les capacit\u00e9s de zoom, les options de partage de contenu transparentes et une fonction de recherche, qui contribuent toutes \u00e0 une exp\u00e9rience de navigation transparente et pratique pour votre public. En incorporant ce flipbook interactif et poli dans votre site Web, vous pouvez engager efficacement vos t\u00e9l\u00e9spectateurs et am\u00e9liorer l&rsquo;attrait global de vos PDF \u00e0 un niveau sans pr\u00e9c\u00e9dent.<\/p>\n","protected":false},"featured_media":144245,"comment_status":"open","ping_status":"open","template":"","meta":[],"product_brand":[2435],"product_cat":[1189,1181,1186],"product_tag":[1231],"class_list":{"0":"post-113276","1":"product","2":"type-product","3":"status-publish","4":"has-post-thumbnail","6":"product_brand-codecanyon","7":"product_cat-personnalisation","8":"product_cat-plugins","9":"product_cat-wordpress-plugins","10":"product_tag-codecanyon","11":"member-discount","12":"discount-restricted","14":"first","15":"instock","16":"sale","17":"downloadable","18":"virtual","19":"sold-individually","20":"purchasable","21":"product-type-simple"},"_links":{"self":[{"href":"https:\/\/gpl-love.com\/fr\/wp-json\/wp\/v2\/product\/113276","targetHints":{"allow":["GET"]}}],"collection":[{"href":"https:\/\/gpl-love.com\/fr\/wp-json\/wp\/v2\/product"}],"about":[{"href":"https:\/\/gpl-love.com\/fr\/wp-json\/wp\/v2\/types\/product"}],"replies":[{"embeddable":true,"href":"https:\/\/gpl-love.com\/fr\/wp-json\/wp\/v2\/comments?post=113276"}],"wp:featuredmedia":[{"embeddable":true,"href":"https:\/\/gpl-love.com\/fr\/wp-json\/wp\/v2\/media\/144245"}],"wp:attachment":[{"href":"https:\/\/gpl-love.com\/fr\/wp-json\/wp\/v2\/media?parent=113276"}],"wp:term":[{"taxonomy":"product_brand","embeddable":true,"href":"https:\/\/gpl-love.com\/fr\/wp-json\/wp\/v2\/product_brand?post=113276"},{"taxonomy":"product_cat","embeddable":true,"href":"https:\/\/gpl-love.com\/fr\/wp-json\/wp\/v2\/product_cat?post=113276"},{"taxonomy":"product_tag","embeddable":true,"href":"https:\/\/gpl-love.com\/fr\/wp-json\/wp\/v2\/product_tag?post=113276"}],"curies":[{"name":"wp","href":"https:\/\/api.w.org\/{rel}","templated":true}]}}