{"id":113274,"date":"2022-11-25T00:00:00","date_gmt":"2022-11-24T23:00:00","guid":{"rendered":"http:\/\/gpl-love.com\/fr\/produit\/betop-coaching-and-speaker-wordpress-theme\/"},"modified":"2026-03-20T22:56:11","modified_gmt":"2026-03-20T21:56:11","slug":"betop-coaching-and-speaker-wordpress-theme","status":"publish","type":"product","link":"https:\/\/gpl-love.com\/fr\/produit\/betop-coaching-and-speaker-wordpress-theme\/","title":{"rendered":"BeTop Coaching et Speaker WordPress Theme 1.1.1"},"content":{"rendered":"<h3>BeTop Coaching et Speaker WordPress Theme Traits<\/h3>\n<p>Le coaching Betop et le th\u00e8me WordPress du conf\u00e9rencier, un outil incroyablement puissant m\u00e9ticuleusement con\u00e7u pour les entra\u00eeneurs et les conf\u00e9renciers, permet la cr\u00e9ation d&rsquo;une pr\u00e9sence en ligne remarquablement polie. Affichage d&rsquo;une conception exquise contemporaine et d&rsquo;une interface extr\u00eamement conviviale, ce th\u00e8me offre une vaste gamme d&rsquo;options de personnalisation pour faciliter le d\u00e9veloppement d&rsquo;un site Web enti\u00e8rement distinctif qui repr\u00e9sente avec pr\u00e9cision votre marque. Ce th\u00e8me remarquablement pratique peut \u00eatre install\u00e9 sans effort et englobe un assortiment de fonctionnalit\u00e9s, y compris des widgets personnalis\u00e9s, une int\u00e9gration transparente avec les plateformes de m\u00e9dias sociaux et des techniques compl\u00e8tes d&rsquo;optimisation des moteurs de recherche. De plus, le th\u00e8me poss\u00e8de une conception r\u00e9active, garantissant que votre site Web semblera visuellement \u00e9tonnant et impeccablement fonctionnel sur n&rsquo;importe quel appareil. De plus, il int\u00e8gre un assortiment diversifi\u00e9 de pages et de mod\u00e8les pr\u00e9-con\u00e7us, vous offrant un d\u00e9but acc\u00e9l\u00e9r\u00e9 pour les efforts de cr\u00e9ation de votre site Web. Que votre expertise r\u00e9side dans le domaine du coaching de vie, de la parole motivante ou de tout autre domaine, le coaching Betop et le th\u00e8me WordPress de conf\u00e9rencier appara\u00eet comme un choix in\u00e9gal\u00e9 pour la cr\u00e9ation d&rsquo;un site Web exceptionnellement professionnel et remarquablement fonctionnel.<\/p>\n<ul>\n<li>-Th\u00e8se WordPress personnalisable et professionnelle con\u00e7ue pour les entreprises de coaching et de parole<\/li>\n<li>-Come avec six dispositions de page d&rsquo;accueil diff\u00e9rentes au choix<\/li>\n<li>-Et int\u00e9gr\u00e9 avec des plugins premium comme Slider Revolution et Visual Composer pour une personnalisation facile<\/li>\n<li>-Clude les formulaires de r\u00e9servation et de contact de rendez-vous int\u00e9gr\u00e9s<\/li>\n<li>-Les conception r\u00e9active garantissent une exp\u00e9rience de visualisation optimale sur tous les appareils<\/li>\n<li>-Seo-pr\u00eat avec du code optimis\u00e9 et une conception propre<\/li>\n<li>-Pouposez-vous surtout vos services, vos t\u00e9moignages et vos \u00e9v\u00e9nements \u00e0 venir<\/li>\n<li>-Widget pr\u00eat avec des options de barre lat\u00e9rale et de pied de page personnalisables<\/li>\n<li>-Come avec une fonction d&rsquo;importation de d\u00e9monstration en un clic pour configurer et personnaliser rapidement votre site Web<\/li>\n<li>&#8211; \u00c9quipe de support client convivial et fiable disponible pour aider \u00e0 toute question ou probl\u00e8me<\/li>\n<\/ul>\n","protected":false},"excerpt":{"rendered":"<p>D\u00e9couvrez la puissance du coaching Betop et le th\u00e8me WordPress du haut-parleur, con\u00e7u pour \u00e9lever votre pr\u00e9sence en ligne. Ce th\u00e8me change la donne pour les entra\u00eeneurs professionnels, les conf\u00e9renciers de motivation, les th\u00e9rapeutes et les entra\u00eeneurs personnels. Avec son int\u00e9gration transparente avec WordPress, Betop propose une interface conviviale qui est personnalisable \u00e0 votre marque. Ce n&rsquo;est pas seulement un th\u00e8me, c&rsquo;est une plate-forme pour pr\u00e9senter votre expertise et vos services, vous engager avec votre public et d\u00e9velopper votre entreprise. Le th\u00e8me Betop WordPress est rempli de fonctionnalit\u00e9s cl\u00e9s telles que la r\u00e9servation de rendez-vous en ligne, les capacit\u00e9s de commerce \u00e9lectronique, les calendriers d&rsquo;\u00e9v\u00e9nements et une section de blog interactive. Il poss\u00e8de \u00e9galement une conception conviviale pour augmenter la visibilit\u00e9 de votre site Web sur les moteurs de recherche. Avec Betop, vous pouvez cr\u00e9er une pr\u00e9sence en ligne inspirante et percutante, attirer des clients potentiels et augmenter votre image professionnelle.<\/p>\n","protected":false},"featured_media":143234,"comment_status":"open","ping_status":"open","template":"","meta":[],"product_brand":[2433],"product_cat":[1242,1212,1213],"product_tag":[1366],"class_list":{"0":"post-113274","1":"product","2":"type-product","3":"status-publish","4":"has-post-thumbnail","6":"product_brand-themeforest","7":"product_cat-creatif","8":"product_cat-themes","9":"product_cat-wordpress-themes","10":"product_tag-themeforest","11":"member-discount","12":"discount-restricted","14":"first","15":"instock","16":"sale","17":"downloadable","18":"virtual","19":"sold-individually","20":"purchasable","21":"product-type-simple"},"_links":{"self":[{"href":"https:\/\/gpl-love.com\/fr\/wp-json\/wp\/v2\/product\/113274","targetHints":{"allow":["GET"]}}],"collection":[{"href":"https:\/\/gpl-love.com\/fr\/wp-json\/wp\/v2\/product"}],"about":[{"href":"https:\/\/gpl-love.com\/fr\/wp-json\/wp\/v2\/types\/product"}],"replies":[{"embeddable":true,"href":"https:\/\/gpl-love.com\/fr\/wp-json\/wp\/v2\/comments?post=113274"}],"wp:featuredmedia":[{"embeddable":true,"href":"https:\/\/gpl-love.com\/fr\/wp-json\/wp\/v2\/media\/143234"}],"wp:attachment":[{"href":"https:\/\/gpl-love.com\/fr\/wp-json\/wp\/v2\/media?parent=113274"}],"wp:term":[{"taxonomy":"product_brand","embeddable":true,"href":"https:\/\/gpl-love.com\/fr\/wp-json\/wp\/v2\/product_brand?post=113274"},{"taxonomy":"product_cat","embeddable":true,"href":"https:\/\/gpl-love.com\/fr\/wp-json\/wp\/v2\/product_cat?post=113274"},{"taxonomy":"product_tag","embeddable":true,"href":"https:\/\/gpl-love.com\/fr\/wp-json\/wp\/v2\/product_tag?post=113274"}],"curies":[{"name":"wp","href":"https:\/\/api.w.org\/{rel}","templated":true}]}}