{"id":113272,"date":"2025-10-23T00:00:00","date_gmt":"2025-10-22T22:00:00","guid":{"rendered":"http:\/\/gpl-love.com\/fr\/produit\/projectopia-2checkout-add-on\/"},"modified":"2026-03-20T23:42:57","modified_gmt":"2026-03-20T22:42:57","slug":"projectopia-2checkout-add-on","status":"publish","type":"product","link":"https:\/\/gpl-love.com\/fr\/produit\/projectopia-2checkout-add-on\/","title":{"rendered":"Versatile Responsive Multi-Purpose WP Theme 2.6"},"content":{"rendered":"<h3>Versatile Responsive Multi-Purpose WP Theme Traits<\/h3>\n<p>Le th\u00e8me WP polyvalent r\u00e9actif polyvalent est un th\u00e8me WordPress incroyablement flexible et adaptable qui offre une pl\u00e9thore d&rsquo;options de personnalisation et une abondance de fonctionnalit\u00e9s. Sa polyvalence lui permet d&rsquo;\u00eatre utilis\u00e9e \u00e0 diverses fins, ce qui en fait un atout pr\u00e9cieux pour tout propri\u00e9taire de site Web. En outre, il poss\u00e8de une vaste gamme de d\u00e9mos et de mod\u00e8les pr\u00e9d\u00e9finis qui peuvent \u00eatre personnalis\u00e9s sans effort pour r\u00e9pondre \u00e0 vos exigences sp\u00e9cifiques. Ce th\u00e8me est con\u00e7u pour \u00eatre enti\u00e8rement r\u00e9actif et optimis\u00e9 pour une visualisation transparente sur tous les appareils, y compris les ordinateurs de bureau, les ordinateurs portables, les tablettes et les smartphones. Son panneau d&rsquo;options de th\u00e8me impressionnant vous permet de modifier facilement la disposition, le style, les couleurs et les polices, vous permettant d&rsquo;\u00e9tablir une apparence distinctive et captivante pour votre site Web. Que vous fassiez la mode d&rsquo;un blog, d&rsquo;un site Web d&rsquo;entreprise, d&rsquo;une boutique en ligne ou d&rsquo;un portfolio, le th\u00e8me WP polyvalent r\u00e9actif polyvalent englobe toutes les fonctionnalit\u00e9s n\u00e9cessaires pour fa\u00e7onner un site Web visuellement frappant et engageant les utilisateurs qui convertit efficacement les visiteurs en clients .<\/p>\n<ul>\n<li>Un th\u00e8me \u00e0 toutes fins<\/li>\n<li>Conception r\u00e9active pour diff\u00e9rentes tailles d&rsquo;\u00e9cran<\/li>\n<li>Options de personnalisation faciles pour les non-codeurs<\/li>\n<li>Prend en charge plusieurs langues<\/li>\n<li>Caract\u00e9ristiques d&rsquo;optimisation SEO int\u00e9gr\u00e9es<\/li>\n<li>Compatibilit\u00e9 avec les plugins et constructeurs de pages populaires<\/li>\n<li>Documentation approfondie et support 24\/7<\/li>\n<li>Mises \u00e0 jour r\u00e9guli\u00e8res avec des fonctionnalit\u00e9s am\u00e9lior\u00e9es et des corrections de bogues<\/li>\n<li>Code propre et optimis\u00e9 pour les performances du site Web plus rapide<\/li>\n<li>Options pour diverses dispositions d&rsquo;en-t\u00eate et de pied de page<\/li>\n<li>Plusieurs dispositions de portefeuille et de blog disponibles<\/li>\n<li>Plusieurs d\u00e9mos de page d&rsquo;accueil au choix.<\/li>\n<\/ul>\n","protected":false},"excerpt":{"rendered":"<p>Bienvenue au grand d\u00e9voilement de la contribution, un th\u00e8me WordPress exceptionnel et englobant qui est \u00e0 la fois adaptable et tr\u00e8s r\u00e9actif! B\u00e9n\u00e9ficiant d&rsquo;un design \u00e9l\u00e9gant et sophistiqu\u00e9, ainsi qu&rsquo;une abondance d&rsquo;options de personnalisation, les contributions poss\u00e8dent la possibilit\u00e9 d&rsquo;\u00eatre moul\u00e9es et fa\u00e7onn\u00e9es pour r\u00e9pondre aux exigences uniques de tout site Web. Que vos aspirations consistent \u00e0 lancer un blog captivant, \u00e0 \u00e9tablir une boutique en ligne florissante ou \u00e0 fabriquer un portefeuille professionnel exquis, une interface remarquablement conviviale de l&rsquo;Entar Disposition en quelques minutes. En plus de ces attributs impressionnants, la saisie propose \u00e9galement un \u00e9ventail d&rsquo;autres fonctionnalit\u00e9s inestimables qui incluent ses capacit\u00e9s d&rsquo;optimisation de moteur de recherche inh\u00e9rentes, la r\u00e9activit\u00e9 mobile in\u00e9gal\u00e9e et une multitude d&rsquo;autres outils puissants pour garantir que votre site Web se distingue vraiment des masses. Ne perdez pas de temps et \u00e9levez votre pr\u00e9sence en ligne \u00e0 des hauteurs in\u00e9gal\u00e9es en adoptant les offres remarquables de contribution sans d\u00e9lai!<\/p>\n","protected":false},"featured_media":145710,"comment_status":"open","ping_status":"open","template":"","meta":[],"product_brand":[2433],"product_cat":[1214,1212,1213],"product_tag":[1366],"class_list":{"0":"post-113272","1":"product","2":"type-product","3":"status-publish","4":"has-post-thumbnail","6":"product_brand-themeforest","7":"product_cat-polyvalent","8":"product_cat-themes","9":"product_cat-wordpress-themes","10":"product_tag-themeforest","11":"member-discount","12":"discount-restricted","14":"first","15":"instock","16":"sale","17":"downloadable","18":"virtual","19":"sold-individually","20":"purchasable","21":"product-type-simple"},"_links":{"self":[{"href":"https:\/\/gpl-love.com\/fr\/wp-json\/wp\/v2\/product\/113272","targetHints":{"allow":["GET"]}}],"collection":[{"href":"https:\/\/gpl-love.com\/fr\/wp-json\/wp\/v2\/product"}],"about":[{"href":"https:\/\/gpl-love.com\/fr\/wp-json\/wp\/v2\/types\/product"}],"replies":[{"embeddable":true,"href":"https:\/\/gpl-love.com\/fr\/wp-json\/wp\/v2\/comments?post=113272"}],"wp:featuredmedia":[{"embeddable":true,"href":"https:\/\/gpl-love.com\/fr\/wp-json\/wp\/v2\/media\/145710"}],"wp:attachment":[{"href":"https:\/\/gpl-love.com\/fr\/wp-json\/wp\/v2\/media?parent=113272"}],"wp:term":[{"taxonomy":"product_brand","embeddable":true,"href":"https:\/\/gpl-love.com\/fr\/wp-json\/wp\/v2\/product_brand?post=113272"},{"taxonomy":"product_cat","embeddable":true,"href":"https:\/\/gpl-love.com\/fr\/wp-json\/wp\/v2\/product_cat?post=113272"},{"taxonomy":"product_tag","embeddable":true,"href":"https:\/\/gpl-love.com\/fr\/wp-json\/wp\/v2\/product_tag?post=113272"}],"curies":[{"name":"wp","href":"https:\/\/api.w.org\/{rel}","templated":true}]}}