{"id":113270,"date":"2021-08-16T00:00:00","date_gmt":"2021-08-15T22:00:00","guid":{"rendered":"http:\/\/gpl-love.com\/fr\/produit\/projectopia-bug-tracker-add-on\/"},"modified":"2026-03-20T23:19:22","modified_gmt":"2026-03-20T22:19:22","slug":"projectopia-bug-tracker-add-on","status":"publish","type":"product","link":"https:\/\/gpl-love.com\/fr\/produit\/projectopia-bug-tracker-add-on\/","title":{"rendered":"Handy Handmade Shop WordPress WooCommerce Theme 5.2.1"},"content":{"rendered":"<h3>Handy Handmade Shop WordPress WooCommerce Theme Traits<\/h3>\n<p>Le th\u00e8me WordPress WooCommerce de magasin \u00e0 la main pratique, avec son design polyvalent et moderne, a \u00e9t\u00e9 sp\u00e9cifiquement con\u00e7u pour les magasins faits \u00e0 la main en ligne. Ce th\u00e8me s&rsquo;int\u00e8gre parfaitement \u00e0 WooCommerce, offrant une plate-forme robuste aux propri\u00e9taires de magasins et aux clients pour s&rsquo;engager dans une exp\u00e9rience conviviale et intuitive. La disposition r\u00e9active garantit que votre magasin semblera visuellement attrayant sur n&rsquo;importe quel appareil, tandis que l&rsquo;inclusion de fonctionnalit\u00e9s puissantes telles que les filtres de produit, la vue rapide et la fonctionnalit\u00e9 de liste de souhaits font de la navigation et de l&rsquo;achat de produits un jeu d&rsquo;enfant. En outre, le processus d&rsquo;installation et de personnalisation du th\u00e8me de la boutique \u00e0 main pratique est remarquablement simple, vous permettant d&rsquo;\u00e9tablir rapidement une boutique en ligne distinctive et personnalis\u00e9e. Que vous soyez exploit\u00e9 une entreprise artisanale \u00e0 petite \u00e9chelle ou une entreprise plus grande, le th\u00e8me de WooCommerce WordPress WordPress pratique de l&rsquo;atelier fait \u00e0 la main sert de choix id\u00e9al pour pr\u00e9senter efficacement vos produits et \u00e9lever votre pr\u00e9sence num\u00e9rique.<\/p>\n<ul>\n<li>Con\u00e7u pour les boutiques artisanales et artisanales<\/li>\n<li>Enti\u00e8rement personnalisable avec WordPress et WooCommerce<\/li>\n<li>Design propre et moderne<\/li>\n<li>Disposition r\u00e9active pour les appareils mobiles<\/li>\n<li>Builder de page facile \u00e0 utiliser<\/li>\n<li>Page d&rsquo;accueil personnalisable avec plusieurs sections<\/li>\n<li>Catalogue de produits avec plusieurs options de tri<\/li>\n<li>Pages de produits et de paiement personnalisables<\/li>\n<li>Options de paiement et d&rsquo;exp\u00e9dition multiples<\/li>\n<li>Int\u00e9gration avec les plateformes de m\u00e9dias sociaux<\/li>\n<li>S\u00e9o avec des fonctionnalit\u00e9s d&rsquo;optimisation int\u00e9gr\u00e9es<\/li>\n<li>Documentation et soutien approfondis.<\/li>\n<\/ul>\n","protected":false},"excerpt":{"rendered":"<p>Notre th\u00e8me de WOOCommerce WordPress WordPress \u00e0 la main est un excellent choix pour les magasins artisanaux ou artisanaux cherchant \u00e0 \u00e9tablir une boutique en ligne attrayante et conviviale. Il poss\u00e8de une conception sophistiqu\u00e9e et \u00e0 jour qui offre une pl\u00e9thore de possibilit\u00e9s de personnalisation, garantissant que votre magasin se d\u00e9marque de la foule. Ce th\u00e8me est non seulement r\u00e9actif et adapt\u00e9 aux mobiles, mais il comprend \u00e9galement une gamme de fonctionnalit\u00e9s telles que les filtres de produit, le zoom de produit et une page d&rsquo;accueil personnalisable. De plus, il s&rsquo;int\u00e8gre parfaitement \u00e0 WooCommerce, simplifiant la gestion des commandes et des stocks. N&rsquo;attendez pas plus pour commencer \u00e0 vendre vos produits faits \u00e0 la main uniques en ligne &#8211; profitez de notre th\u00e8me WordPress WooCommerce \u00e0 la main \u00e0 la main aujourd&rsquo;hui.<\/p>\n","protected":false},"featured_media":144167,"comment_status":"open","ping_status":"open","template":"","meta":[],"product_brand":[2433],"product_cat":[1238,1851,1212],"product_tag":[1366],"class_list":{"0":"post-113270","1":"product","2":"type-product","3":"status-publish","4":"has-post-thumbnail","6":"product_brand-themeforest","7":"product_cat-commerce-electronique-themes","8":"product_cat-entreprise-commerce-electronique-themes","9":"product_cat-themes","10":"product_tag-themeforest","11":"member-discount","12":"discount-restricted","14":"first","15":"instock","16":"sale","17":"downloadable","18":"virtual","19":"sold-individually","20":"purchasable","21":"product-type-simple"},"_links":{"self":[{"href":"https:\/\/gpl-love.com\/fr\/wp-json\/wp\/v2\/product\/113270","targetHints":{"allow":["GET"]}}],"collection":[{"href":"https:\/\/gpl-love.com\/fr\/wp-json\/wp\/v2\/product"}],"about":[{"href":"https:\/\/gpl-love.com\/fr\/wp-json\/wp\/v2\/types\/product"}],"replies":[{"embeddable":true,"href":"https:\/\/gpl-love.com\/fr\/wp-json\/wp\/v2\/comments?post=113270"}],"wp:featuredmedia":[{"embeddable":true,"href":"https:\/\/gpl-love.com\/fr\/wp-json\/wp\/v2\/media\/144167"}],"wp:attachment":[{"href":"https:\/\/gpl-love.com\/fr\/wp-json\/wp\/v2\/media?parent=113270"}],"wp:term":[{"taxonomy":"product_brand","embeddable":true,"href":"https:\/\/gpl-love.com\/fr\/wp-json\/wp\/v2\/product_brand?post=113270"},{"taxonomy":"product_cat","embeddable":true,"href":"https:\/\/gpl-love.com\/fr\/wp-json\/wp\/v2\/product_cat?post=113270"},{"taxonomy":"product_tag","embeddable":true,"href":"https:\/\/gpl-love.com\/fr\/wp-json\/wp\/v2\/product_tag?post=113270"}],"curies":[{"name":"wp","href":"https:\/\/api.w.org\/{rel}","templated":true}]}}