{"id":113268,"date":"2021-03-27T00:00:00","date_gmt":"2021-03-26T23:00:00","guid":{"rendered":"http:\/\/gpl-love.com\/fr\/produit\/projectopia-envato-add-on\/"},"modified":"2026-04-10T18:37:11","modified_gmt":"2026-04-10T16:37:11","slug":"projectopia-envato-add-on","status":"publish","type":"product","link":"https:\/\/gpl-love.com\/fr\/produit\/projectopia-envato-add-on\/","title":{"rendered":"Projectopia Envato Add-On 2.2"},"content":{"rendered":"<h3>Projectopia Envato Add-On Traits<\/h3>\n<p>Projectopia Envato Add-on est un outil remarquablement robuste et tr\u00e8s efficace qui accorde aux utilisateurs l&rsquo;occasion inestimable pour acc\u00e9der \u00e0 une vaste et vaste collection d&rsquo;actifs num\u00e9riques haut projette consid\u00e9rablement. Gr\u00e2ce \u00e0 l&rsquo;utilisation de cet module compl\u00e9mentaire remarquable, les utilisateurs sont autoris\u00e9s \u00e0 explorer et \u00e0 importer sans effort un large \u00e9ventail d&rsquo;articles Envato, englobant, mais sans s&rsquo;y limiter, les mod\u00e8les graphiques, les s\u00e9quences vid\u00e9o, les pistes musicales et divers autres \u00e9l\u00e9ments qui font partie int\u00e9grante du point culminant r\u00e9ussi et l&rsquo;ex\u00e9cution de leurs projets Projectopia, entra\u00eenant ainsi des \u00e9conomies substantielles en termes de temps et d&rsquo;efforts. L&rsquo;int\u00e9gration transparente qui existe entre Projectopia et Envato sert \u00e0 garantir et \u00e0 assurer les utilisateurs de la capacit\u00e9 de fabrication et de fabrication de conceptions et de visuels de frappe visuellement et esth\u00e9tique qui d\u00e9gagent un air de professionnalisme et d&rsquo;individualit\u00e9, les distinguant ainsi efficacement de la comp\u00e9tition. Que l&rsquo;on poss\u00e8de une expertise et une sp\u00e9cialisation dans le domaine de la conception graphique, de l&rsquo;\u00e9dition vid\u00e9o ou m\u00eame de la cr\u00e9ation de contenu, il est indubitablement \u00e9vident que l&rsquo;utilisation du module add-on de Projectopia Envato est une n\u00e9cessit\u00e9 absolue et un outil indispensable qui cage de mani\u00e8re transparente et complets aux exigences et aux exigences multiples de tous les projets, facilitant ainsi sa transcendance et son ascension \u00e0 des sommets sans pr\u00e9c\u00e9dent de succ\u00e8s et de r\u00e9ussite.<\/p>\n<ul>\n<li>Int\u00e9grer de mani\u00e8re transparente Projectopia au march\u00e9 Envato pour rationaliser la gestion de projet<\/li>\n<li>Importez facilement des articles Envato achet\u00e9s dans Projectopia et attribuez-les \u00e0 un projet<\/li>\n<li>Suivez automatiquement les dates d&rsquo;expiration des licences Envato pour pr\u00e9venir les violations d&rsquo;utilisation<\/li>\n<li>G\u00e9n\u00e9rez un rapport d\u00e9taill\u00e9 d&rsquo;utilisation d&rsquo;Envato pour chaque projet de facturation et de transparence des clients<\/li>\n<li>Augmenter l&rsquo;efficacit\u00e9 et gagner du temps en \u00e9liminant le besoin de mises \u00e0 jour manuelles et de tenue de dossiers<\/li>\n<li>Am\u00e9liorer la communication et la collaboration avec les membres de l&rsquo;\u00e9quipe en ayant tous les actifs du projet dans un seul emplacement central<\/li>\n<li>Am\u00e9liorez la satisfaction des clients en fournissant une ventilation claire de l&rsquo;utilisation de l&rsquo;envato et des co\u00fbts associ\u00e9s \u00e0 leur projet.<\/li>\n<\/ul>\n","protected":false},"excerpt":{"rendered":"<p>L&rsquo;add-on Projectopia Envato, un outil indispensable pour les chefs de projet et les pigistes qui s&rsquo;appuient sur le march\u00e9 Envato pour leurs exigences d&rsquo;actifs num\u00e9riques, fournit une int\u00e9gration transparente permettant une importation sans effort d&rsquo;articles achet\u00e9s directement dans votre projet Projectopia. Une telle int\u00e9gration transparente rationalise la gestion de tous les aspects de votre projet, assurant un flux de travail simple et efficace. En accordant une accessibilit\u00e9 rapide aux \u00e9l\u00e9ments Envato, ce module compl\u00e9mentaire r\u00e9duit efficacement le temps consacr\u00e9 \u00e0 la recherche, vous permettant de hi\u00e9rarchiser la fourniture de travail de qualit\u00e9 exceptionnelle \u00e0 vos clients estim\u00e9s. Maximisez votre productivit\u00e9 en int\u00e9grant le module compl\u00e9mentaire Projectopia Envato dans votre flux de travail.<\/p>\n","protected":false},"featured_media":145033,"comment_status":"open","ping_status":"open","template":"","meta":[],"product_brand":[2435],"product_cat":[1189,1181,1186],"product_tag":[1231],"class_list":{"0":"post-113268","1":"product","2":"type-product","3":"status-publish","4":"has-post-thumbnail","6":"product_brand-codecanyon","7":"product_cat-personnalisation","8":"product_cat-plugins","9":"product_cat-wordpress-plugins","10":"product_tag-codecanyon","11":"member-discount","12":"discount-restricted","14":"first","15":"instock","16":"sale","17":"downloadable","18":"virtual","19":"sold-individually","20":"purchasable","21":"product-type-simple"},"_links":{"self":[{"href":"https:\/\/gpl-love.com\/fr\/wp-json\/wp\/v2\/product\/113268","targetHints":{"allow":["GET"]}}],"collection":[{"href":"https:\/\/gpl-love.com\/fr\/wp-json\/wp\/v2\/product"}],"about":[{"href":"https:\/\/gpl-love.com\/fr\/wp-json\/wp\/v2\/types\/product"}],"replies":[{"embeddable":true,"href":"https:\/\/gpl-love.com\/fr\/wp-json\/wp\/v2\/comments?post=113268"}],"wp:featuredmedia":[{"embeddable":true,"href":"https:\/\/gpl-love.com\/fr\/wp-json\/wp\/v2\/media\/145033"}],"wp:attachment":[{"href":"https:\/\/gpl-love.com\/fr\/wp-json\/wp\/v2\/media?parent=113268"}],"wp:term":[{"taxonomy":"product_brand","embeddable":true,"href":"https:\/\/gpl-love.com\/fr\/wp-json\/wp\/v2\/product_brand?post=113268"},{"taxonomy":"product_cat","embeddable":true,"href":"https:\/\/gpl-love.com\/fr\/wp-json\/wp\/v2\/product_cat?post=113268"},{"taxonomy":"product_tag","embeddable":true,"href":"https:\/\/gpl-love.com\/fr\/wp-json\/wp\/v2\/product_tag?post=113268"}],"curies":[{"name":"wp","href":"https:\/\/api.w.org\/{rel}","templated":true}]}}