{"id":113266,"date":"2021-03-27T00:00:00","date_gmt":"2021-03-26T23:00:00","guid":{"rendered":"http:\/\/gpl-love.com\/fr\/produit\/projectopia-reporting-add-on\/"},"modified":"2026-04-10T18:37:12","modified_gmt":"2026-04-10T16:37:12","slug":"projectopia-reporting-add-on","status":"publish","type":"product","link":"https:\/\/gpl-love.com\/fr\/produit\/projectopia-reporting-add-on\/","title":{"rendered":"Projectopia Reporting Add-On 2.0.4"},"content":{"rendered":"<h3>Projectopia Reporting Add-On Traits<\/h3>\n<p>Le compl\u00e9ment de rapport Projectopia est un outil incroyablement robuste et sophistiqu\u00e9 qui a \u00e9t\u00e9 sp\u00e9cialement con\u00e7u pour am\u00e9liorer et \u00e9lever consid\u00e9rablement votre exp\u00e9rience globale de gestion de projet en vous \u00e9quipant des id\u00e9es et des rapports absolument essentiels qui sont absolument n\u00e9cessaires afin d&rsquo;assurer la plus grande efficacit\u00e9 lorsque il s&rsquo;agit de prendre des d\u00e9cisions critiques. Cet module add-on inestimable int\u00e8gre et fonctionne harmonieusement en conjonction avec Projectopia, vous donnant ainsi une gamme compl\u00e8te et compl\u00e8te d&rsquo;options et d&rsquo;alternatives pour g\u00e9n\u00e9rer des rapports compl\u00e8tement personnalis\u00e9s, suivre syst\u00e9matiquement toutes les d\u00e9penses de votre projet et surveiller en continu la progression continue de la progression de la progression continue de la progression de la progression de la progression de la progression de la progression de la progression de la progression de la progression de la progression de la progression de la progression de la progression de la progression de la progression de la progression de la progression de la progression de la progression de la progression de la progression de la poursuite de la progression continue de la progression de la progression de la poursuite de la progression continue de la progression de la progression de la progression de la progression continue de la progression continue de la progression continue de la progression continue de la progression continue de la progression continue de Chaque projet que vous g\u00e9rez actuellement. En utilisant les analyses et visualisations exceptionnellement avanc\u00e9es qui sont \u00e0 votre disposition, vous pouvez obtenir une vision vraiment holistique et englobante de la sant\u00e9 et de la viabilit\u00e9 globales de votre projet, et par cons\u00e9quent, vous pouvez identifier sans effort et sans effort les domaines sp\u00e9cifiques qui peuvent \u00eatre n\u00e9cessitant une am\u00e9lioration ou un raffinement suppl\u00e9mentaire. En outre, ce module compl\u00e9mentaire extraordinaire vous offre \u00e9galement la capacit\u00e9 exceptionnelle d&rsquo;exporter et de sauver sans effort vos rapports dans une multitude de formats diff\u00e9rents, tels que le format PDF universellement accept\u00e9, le format CSV couramment utilis\u00e9, ainsi que le format Excel tr\u00e8s polyvalent. En incorporant et en mettant en \u0153uvre le compl\u00e9ment de rapport Projectopia dans votre processus de gestion de projet, vous \u00eates en mesure de rationaliser et d&rsquo;optimiser consid\u00e9rablement l&rsquo;int\u00e9gralit\u00e9 de votre processus de gestion de projet, qui \u00e0 son tour vous permet de prendre des d\u00e9cisions coh\u00e9rentes \u00e9clair\u00e9es de mani\u00e8re coh\u00e9rente qui sont incontestablement garanties pour g\u00e9n\u00e9rer un Un impact extr\u00eamement positif et favorable sur l&rsquo;ensemble de votre entreprise.<\/p>\n<ul>\n<li>G\u00e9n\u00e9rer des rapports d\u00e9taill\u00e9s sur les progr\u00e8s du projet et les performances de l&rsquo;\u00e9quipe<\/li>\n<li>Rapports d&rsquo;exportation en plusieurs formats, y compris CSV et PDF<\/li>\n<li>Personnalisez facilement le contenu et la disposition des rapports pour r\u00e9pondre aux besoins sp\u00e9cifiques des clients<\/li>\n<li>Acc\u00e9der aux donn\u00e9es en temps r\u00e9el pour garantir l&rsquo;exactitude et la pertinence dans chaque rapport<\/li>\n<li>Gagner du temps et augmenter la productivit\u00e9 avec les processus de rapport automatis\u00e9<\/li>\n<li>Obtenez un aper\u00e7u d\u00e9taill\u00e9 de l&rsquo;ensemble de votre portefeuille de projet dans un rapport complet<\/li>\n<li>Surveiller et analyser les mesures cl\u00e9s du projet, telles que le co\u00fbt, le calendrier et la port\u00e9e<\/li>\n<li>Suivre les progr\u00e8s contre les \u00e9tapes du projet et identifier les barrages routiers potentiels<\/li>\n<li>Collaborer avec les membres de l&rsquo;\u00e9quipe sur le contenu du rapport et les rapports de partage en toute s\u00e9curit\u00e9 avec les clients et les parties prenantes<\/li>\n<li>Am\u00e9liorez les performances et l&rsquo;efficacit\u00e9 du projet en utilisant des informations bas\u00e9es sur les donn\u00e9es pour \u00e9clairer la prise de d\u00e9cision.<\/li>\n<\/ul>\n","protected":false},"excerpt":{"rendered":"<p>Le compl\u00e9ment de reportage Projectopia, un outil incroyablement intelligent et tr\u00e8s efficace, constitue un atout inestimable pour les entreprises qui cherchent \u00e0 g\u00e9n\u00e9rer des rapports complets et m\u00e9ticuleusement adapt\u00e9s concernant leur progression du projet en cours. Cette solution remarquable s&rsquo;av\u00e8re extr\u00eamement polyvalente, pour accueillir une vaste gamme de types de rapports, tout en accordant simultan\u00e9ment aux clients la libert\u00e9 inestimable pour filtrer m\u00e9ticuleusement les donn\u00e9es, d\u00e9finir de mani\u00e8re complexe les dispositions de rapport et exporter sans effort dans une multitude de formats, y compris, mais sans s&rsquo;y limiter \u00e0 , comme PDF, Excel et CVS. S&rsquo;int\u00e9grant de mani\u00e8re transparente avec Projectopia, ce compl\u00e9ment remarquable garantit que les donn\u00e9es restent perp\u00e9tuellement \u00e0 jour, garantissant ainsi que les clients peuvent acc\u00e9der commod\u00e9ment et analyser m\u00e9ticuleusement les donn\u00e9es du projet en temps r\u00e9el. En exploitant les capacit\u00e9s formidables du compl\u00e9ment de reportage de Projectopia, les entreprises peuvent affiner de mani\u00e8re transparente leurs rapports pour s&rsquo;aligner impeccablement avec leurs exigences uniques, att\u00e9nuant ainsi sensiblement le niveau de temps consacr\u00e9 aux rapports manuels laborieux. Ce faisant, ces entreprises sont ainsi autoris\u00e9es \u00e0 prendre des d\u00e9cisions hautement inform\u00e9es et ax\u00e9es sur les donn\u00e9es qui propulsent efficacement leur entreprise.<\/p>\n","protected":false},"featured_media":145034,"comment_status":"open","ping_status":"open","template":"","meta":[],"product_brand":[2435],"product_cat":[1189,1181,1186],"product_tag":[1231],"class_list":{"0":"post-113266","1":"product","2":"type-product","3":"status-publish","4":"has-post-thumbnail","6":"product_brand-codecanyon","7":"product_cat-personnalisation","8":"product_cat-plugins","9":"product_cat-wordpress-plugins","10":"product_tag-codecanyon","11":"member-discount","12":"discount-restricted","14":"first","15":"instock","16":"sale","17":"downloadable","18":"virtual","19":"sold-individually","20":"purchasable","21":"product-type-simple"},"_links":{"self":[{"href":"https:\/\/gpl-love.com\/fr\/wp-json\/wp\/v2\/product\/113266","targetHints":{"allow":["GET"]}}],"collection":[{"href":"https:\/\/gpl-love.com\/fr\/wp-json\/wp\/v2\/product"}],"about":[{"href":"https:\/\/gpl-love.com\/fr\/wp-json\/wp\/v2\/types\/product"}],"replies":[{"embeddable":true,"href":"https:\/\/gpl-love.com\/fr\/wp-json\/wp\/v2\/comments?post=113266"}],"wp:featuredmedia":[{"embeddable":true,"href":"https:\/\/gpl-love.com\/fr\/wp-json\/wp\/v2\/media\/145034"}],"wp:attachment":[{"href":"https:\/\/gpl-love.com\/fr\/wp-json\/wp\/v2\/media?parent=113266"}],"wp:term":[{"taxonomy":"product_brand","embeddable":true,"href":"https:\/\/gpl-love.com\/fr\/wp-json\/wp\/v2\/product_brand?post=113266"},{"taxonomy":"product_cat","embeddable":true,"href":"https:\/\/gpl-love.com\/fr\/wp-json\/wp\/v2\/product_cat?post=113266"},{"taxonomy":"product_tag","embeddable":true,"href":"https:\/\/gpl-love.com\/fr\/wp-json\/wp\/v2\/product_tag?post=113266"}],"curies":[{"name":"wp","href":"https:\/\/api.w.org\/{rel}","templated":true}]}}