{"id":113264,"date":"2021-03-27T00:00:00","date_gmt":"2021-03-26T23:00:00","guid":{"rendered":"http:\/\/gpl-love.com\/fr\/produit\/projectopia-woocommerce-add-on\/"},"modified":"2026-04-10T18:37:13","modified_gmt":"2026-04-10T16:37:13","slug":"projectopia-woocommerce-add-on","status":"publish","type":"product","link":"https:\/\/gpl-love.com\/fr\/produit\/projectopia-woocommerce-add-on\/","title":{"rendered":"Projectopia WooCommerce Add-On 1.0.4"},"content":{"rendered":"<h3>Projectopia WooCommerce Add-On Traits<\/h3>\n<p>Le module compl\u00e9mentaire Projectopia WooCommerce, un outil robuste, facilite l&rsquo;int\u00e9gration transparente de votre magasin WooCommerce avec Projectopia, vous \u00e9quipant ainsi d&rsquo;un syst\u00e8me complet de gestion de projet et de facturation. Gr\u00e2ce \u00e0 ce module compl\u00e9mentaire, vous obtenez la possibilit\u00e9 de g\u00e9rer sans effort vos produits, clients, commandes et transactions, le tout dans l&rsquo;interface conviviale de Projectopia. Vous pouvez cr\u00e9er et g\u00e9rer sans effort des projets, suivre le temps et les d\u00e9penses, g\u00e9n\u00e9rer des factures et des devis d\u00e9taill\u00e9s et fournir des mises \u00e0 jour de statut en temps r\u00e9el \u00e0 vos clients, en vous assurant qu&rsquo;ils restent bien inform\u00e9s. L&rsquo;int\u00e9gration entre Projectopia et WooCommerce garantit la synchronisation et les mises \u00e0 jour en temps r\u00e9el, ce qui vous permet d&rsquo;avoir un contr\u00f4le complet sur votre entreprise de commerce \u00e9lectronique. Que vous soyez un propri\u00e9taire de petite entreprise, un freelancer ou une agence, le module compl\u00e9mentaire Projectopia WooCommerce est un outil indispensable qui optimise votre flux de travail et am\u00e9liore la productivit\u00e9.<\/p>\n<ul>\n<li>Int\u00e9gration entre le logiciel de gestion de projet Projectopia et la plate-forme de boutique en ligne WooCommerce<\/li>\n<li>Un tableau de bord centralis\u00e9 pour g\u00e9rer les projets, les t\u00e2ches et les commandes<\/li>\n<li>Cr\u00e9ez automatiquement des projets et des t\u00e2ches dans Projectopia lorsqu&rsquo;une commande est pass\u00e9e dans WooCommerce<\/li>\n<li>Suivre les progr\u00e8s du projet et l&rsquo;\u00e9tat de commande en temps r\u00e9el<\/li>\n<li>G\u00e9rer les produits WooCommerce et l&rsquo;inventaire directement \u00e0 partir de Projectopia<\/li>\n<li>Envoyez automatiquement les mises \u00e0 jour du projet et l&rsquo;\u00e9tat de commande aux clients par e-mail<\/li>\n<li>Personnalisez les mod\u00e8les de projet et les listes de t\u00e2ches pour r\u00e9pondre \u00e0 vos besoins commerciaux sp\u00e9cifiques<\/li>\n<li>Am\u00e9liorer l&rsquo;efficacit\u00e9 globale et rationaliser la communication entre les \u00e9quipes et les clients.<\/li>\n<\/ul>\n","protected":false},"excerpt":{"rendered":"<p>Le module compl\u00e9mentaire Projectopia WooCommerce pr\u00e9sente un rem\u00e8de id\u00e9al pour les entreprises qui cherchent \u00e0 am\u00e9liorer l&rsquo;efficacit\u00e9 de leur boutique en ligne et de workflows de gestion de projet. En int\u00e9grant WooCommerce \u00e0 Projectopia, les utilisateurs acqui\u00e8rent la possibilit\u00e9 de superviser sans effort leurs stocks de produits et leurs commandes de clients, tout en suivant efficacement les t\u00e2ches, le temps et les d\u00e9penses du projet via une seule plate-forme facilement accessible. Ce module compl\u00e9mentaire tr\u00e8s robuste facilite la connectivit\u00e9 transparente entre votre boutique en ligne et les outils de gestion de projet, contribuant \u00e0 une efficacit\u00e9 op\u00e9rationnelle accrue, \u00e0 des erreurs minimis\u00e9es et \u00e0 une am\u00e9lioration globale de la productivit\u00e9. Peu importe que vous pr\u00e9siiez une entreprise \u00e0 petite \u00e9chelle ou que vous commandez une vaste entreprise, le module compl\u00e9mentaire Projectopia WooCommerce constitue une ressource indispensable pour toute organisation aspirant \u00e0 optimiser leurs proc\u00e9dures de commerce \u00e9lectronique et de gestion de projet.<\/p>\n","protected":false},"featured_media":145035,"comment_status":"open","ping_status":"open","template":"","meta":[],"product_brand":[2435],"product_cat":[1189,1181,1186],"product_tag":[1231],"class_list":{"0":"post-113264","1":"product","2":"type-product","3":"status-publish","4":"has-post-thumbnail","6":"product_brand-codecanyon","7":"product_cat-personnalisation","8":"product_cat-plugins","9":"product_cat-wordpress-plugins","10":"product_tag-codecanyon","11":"member-discount","12":"discount-restricted","14":"first","15":"instock","16":"sale","17":"downloadable","18":"virtual","19":"sold-individually","20":"purchasable","21":"product-type-simple"},"_links":{"self":[{"href":"https:\/\/gpl-love.com\/fr\/wp-json\/wp\/v2\/product\/113264","targetHints":{"allow":["GET"]}}],"collection":[{"href":"https:\/\/gpl-love.com\/fr\/wp-json\/wp\/v2\/product"}],"about":[{"href":"https:\/\/gpl-love.com\/fr\/wp-json\/wp\/v2\/types\/product"}],"replies":[{"embeddable":true,"href":"https:\/\/gpl-love.com\/fr\/wp-json\/wp\/v2\/comments?post=113264"}],"wp:featuredmedia":[{"embeddable":true,"href":"https:\/\/gpl-love.com\/fr\/wp-json\/wp\/v2\/media\/145035"}],"wp:attachment":[{"href":"https:\/\/gpl-love.com\/fr\/wp-json\/wp\/v2\/media?parent=113264"}],"wp:term":[{"taxonomy":"product_brand","embeddable":true,"href":"https:\/\/gpl-love.com\/fr\/wp-json\/wp\/v2\/product_brand?post=113264"},{"taxonomy":"product_cat","embeddable":true,"href":"https:\/\/gpl-love.com\/fr\/wp-json\/wp\/v2\/product_cat?post=113264"},{"taxonomy":"product_tag","embeddable":true,"href":"https:\/\/gpl-love.com\/fr\/wp-json\/wp\/v2\/product_tag?post=113264"}],"curies":[{"name":"wp","href":"https:\/\/api.w.org\/{rel}","templated":true}]}}