{"id":113262,"date":"2022-09-29T00:00:00","date_gmt":"2022-09-28T22:00:00","guid":{"rendered":"http:\/\/gpl-love.com\/fr\/produit\/pages-by-user-role-for-wordpress\/"},"modified":"2026-04-10T18:35:39","modified_gmt":"2026-04-10T16:35:39","slug":"pages-by-user-role-for-wordpress","status":"publish","type":"product","link":"https:\/\/gpl-love.com\/fr\/produit\/pages-by-user-role-for-wordpress\/","title":{"rendered":"Pages par User Role pour WordPress 1.6.1.98877"},"content":{"rendered":"<h3>Pages par User Role pour WordPress Traits<\/h3>\n<p>Le plugin Pages By User pour WordPress est un outil incroyablement impressionnant qui vous accorde la possibilit\u00e9 de r\u00e9guler l&rsquo;acc\u00e8s aux pages sur votre site Web WordPress en fonction du r\u00f4le de l&rsquo;utilisateur. En utilisant ce plugin, vous pouvez restreindre efficacement l&rsquo;acc\u00e8s \u00e0 des pages sp\u00e9cifiques uniquement aux personnes ayant certains r\u00f4les utilisateur, tels que les administrateurs, les \u00e9diteurs ou les contributeurs. Cette fonctionnalit\u00e9 dynamique vous permet d&rsquo;exercer un contr\u00f4le complet sur qui peut avoir acc\u00e8s \u00e0 des informations sensibles, telles que des documents internes ou des pages priv\u00e9es, garantissant ainsi la plus grande s\u00e9curit\u00e9 de votre site Web. Ce plugin est non seulement simple \u00e0 installer et \u00e0 utiliser, mais il poss\u00e8de \u00e9galement une interface remarquablement intuitive qui rationalise le processus d&rsquo;attribution des autorisations pour chaque page individuelle. Dans l&rsquo;ensemble, les pages par r\u00f4le utilisateur pour WordPress constituent un outil exceptionnellement robuste pour g\u00e9rer l&rsquo;acc\u00e8s aux pages sur votre site Web, servant un atout indispensable pour tout propri\u00e9taire de site exigeant s&rsquo;effor\u00e7ant de maintenir une prise ferme sur leur contenu.<\/p>\n<ul>\n<li>Permet aux propri\u00e9taires de sites WordPress de contr\u00f4ler les pages visibles \u00e0 des r\u00f4les utilisateur sp\u00e9cifiques<\/li>\n<li>Personnaliser la navigation du site et l&rsquo;affichage du contenu en fonction des r\u00f4les utilisateur<\/li>\n<li>Interface simple et intuitive pour g\u00e9rer les autorisations de r\u00f4le des utilisateurs<\/li>\n<li>Augmentation de la s\u00e9curit\u00e9 du site en restreignant l&rsquo;acc\u00e8s \u00e0 certaines pages<\/li>\n<li>Int\u00e9gration transparente avec l&rsquo;architecture de site WordPress existante<\/li>\n<li>Compatibilit\u00e9 avec les plugins et th\u00e8mes WordPress populaires<\/li>\n<li>Mises \u00e0 jour r\u00e9guli\u00e8res et soutien des d\u00e9veloppeurs pour assurer des performances optimales<\/li>\n<li>Alternative rentable au d\u00e9veloppement personnalis\u00e9 des autorisations de page de r\u00f4le utilisateur.<\/li>\n<\/ul>\n","protected":false},"excerpt":{"rendered":"<p>Les pages par r\u00f4le utilisateur pour WordPress sont un plugin exceptionnellement robuste et influent qui vous profite de la libert\u00e9 de restreindre l&rsquo;acc\u00e8s aux pages subordonn\u00e9es aux r\u00f4les utilisateur. Gr\u00e2ce \u00e0 son potentiel remarquable pour g\u00e9n\u00e9rer des r\u00f4les d&rsquo;utilisateurs personnalis\u00e9s et allouer des autorisations pr\u00e9cises, vous obtenez une autorit\u00e9 compl\u00e8te pour d\u00e9terminer les individus autoris\u00e9s \u00e0 parcourir ou \u00e0 modifier des pages sur votre site estim\u00e9. Offrez des adieux \u00e0 la t\u00e2che lourde de superviser manuellement les autorisations individuelles des utilisateurs et d&rsquo;adopter la gestion transparente et efficace du contr\u00f4le du contenu de votre site, gracieuset\u00e9 des pages in\u00e9gal\u00e9es par r\u00f4le utilisateur pour WordPress.<\/p>\n","protected":false},"featured_media":144895,"comment_status":"open","ping_status":"open","template":"","meta":[],"product_brand":[2435],"product_cat":[1189,1181,1186],"product_tag":[1231],"class_list":{"0":"post-113262","1":"product","2":"type-product","3":"status-publish","4":"has-post-thumbnail","6":"product_brand-codecanyon","7":"product_cat-personnalisation","8":"product_cat-plugins","9":"product_cat-wordpress-plugins","10":"product_tag-codecanyon","11":"member-discount","12":"discount-restricted","14":"first","15":"instock","16":"sale","17":"downloadable","18":"virtual","19":"sold-individually","20":"purchasable","21":"product-type-simple"},"_links":{"self":[{"href":"https:\/\/gpl-love.com\/fr\/wp-json\/wp\/v2\/product\/113262","targetHints":{"allow":["GET"]}}],"collection":[{"href":"https:\/\/gpl-love.com\/fr\/wp-json\/wp\/v2\/product"}],"about":[{"href":"https:\/\/gpl-love.com\/fr\/wp-json\/wp\/v2\/types\/product"}],"replies":[{"embeddable":true,"href":"https:\/\/gpl-love.com\/fr\/wp-json\/wp\/v2\/comments?post=113262"}],"wp:featuredmedia":[{"embeddable":true,"href":"https:\/\/gpl-love.com\/fr\/wp-json\/wp\/v2\/media\/144895"}],"wp:attachment":[{"href":"https:\/\/gpl-love.com\/fr\/wp-json\/wp\/v2\/media?parent=113262"}],"wp:term":[{"taxonomy":"product_brand","embeddable":true,"href":"https:\/\/gpl-love.com\/fr\/wp-json\/wp\/v2\/product_brand?post=113262"},{"taxonomy":"product_cat","embeddable":true,"href":"https:\/\/gpl-love.com\/fr\/wp-json\/wp\/v2\/product_cat?post=113262"},{"taxonomy":"product_tag","embeddable":true,"href":"https:\/\/gpl-love.com\/fr\/wp-json\/wp\/v2\/product_tag?post=113262"}],"curies":[{"name":"wp","href":"https:\/\/api.w.org\/{rel}","templated":true}]}}