{"id":113260,"date":"2025-04-27T00:00:00","date_gmt":"2025-04-26T22:00:00","guid":{"rendered":"http:\/\/gpl-love.com\/fr\/produit\/affiliatewp-direct-link-tracking\/"},"modified":"2026-03-20T22:53:50","modified_gmt":"2026-03-20T21:53:50","slug":"affiliate-wp-direct-tracking","status":"publish","type":"product","link":"https:\/\/gpl-love.com\/fr\/produit\/affiliate-wp-direct-tracking\/","title":{"rendered":"AffiliateWP Direct Link Tracking 1.3.3"},"content":{"rendered":"<h3>AffiliateWP Direct Link Tracking Traits<\/h3>\n<p>AffiliateWP Direct Link Suiving dispose d&rsquo;une capacit\u00e9 formidable dans le domaine du suivi des r\u00e9f\u00e9rences et des ventes pour les propri\u00e9taires de sites Web et les affili\u00e9s. Tirant parti de sa technologie de suivi de pointe, le suivi direct des liens a la capacit\u00e9 de surveiller m\u00e9ticuleusement les r\u00e9f\u00e9rences m\u00eame s&rsquo;ils proviennent de liens non affili\u00e9s, englobant divers canaux tels que les publications sur les r\u00e9seaux sociaux, les campagnes d&rsquo;e-mails ou m\u00eame les promotions hors ligne. Cet outil inestimable garantit que les affili\u00e9s sont d\u00fbment cr\u00e9dit\u00e9s pour leurs r\u00e9f\u00e9rences, favorisant ainsi une motivation accrue, des strat\u00e9gies de marketing am\u00e9lior\u00e9es et des revenus augment\u00e9s. En outre, le suivi des liens directs permet aux propri\u00e9taires de sites Web d&rsquo;\u00e9tablir des liens de suivi personnalis\u00e9s, de surveiller les clics et les impressions et de fournir \u00e0 leurs affili\u00e9s des rapports complets. Que vous soyez un sp\u00e9cialiste du marketing d&rsquo;affiliation ou un propri\u00e9taire de site Web, le suivi des liens directs affili\u00e9wp appara\u00eet comme un instrument indispensable pour optimiser vos efforts de marketing d&rsquo;affiliation et maximiser vos marges b\u00e9n\u00e9ficiaires.<\/p>\n<ul>\n<li>Suivi des liens affili\u00e9s rationalis\u00e9s et pr\u00e9cis<\/li>\n<li>Permet une liaison directe aux produits et pages, en contournant le besoin d&rsquo;URL de vanit\u00e9<\/li>\n<li>Simplifie le processus de marketing d&rsquo;affiliation pour les affili\u00e9s et les commer\u00e7ants<\/li>\n<li>Fournit des rapports d\u00e9taill\u00e9s sur les clics, les r\u00e9f\u00e9rences et les gains<\/li>\n<li>Offre des param\u00e8tres personnalisables et une int\u00e9gration avec des plateformes de commerce \u00e9lectronique populaires<\/li>\n<li>Automatise le calcul et le paiement de la commission pour une gestion plus facile<\/li>\n<li>Augmente la confiance et la transparence des relations d&rsquo;affiliation en \u00e9liminant le potentiel de liens bris\u00e9s ou manipul\u00e9s.<\/li>\n<\/ul>\n","protected":false},"excerpt":{"rendered":"<p>AffiliateWP Direct Link Tracking, un outil de marketing d&rsquo;affiliation de niveau d&rsquo;entreprise, est une ressource tr\u00e8s puissante qui vous permet de suivre \u00e9troitement les performances de vos liens d&rsquo;affiliation avec la pr\u00e9cision. Ce plugin de marketing d&rsquo;affiliation innovant offre la facilit\u00e9 de cr\u00e9ation de liens d&rsquo;affiliation directe, de surveillance des clics de lien d&rsquo;affiliation et d&rsquo;\u00e9valuer de mani\u00e8re critique les rapports d&rsquo;affiliation complets. L&rsquo;objectif est de ramener et d&rsquo;am\u00e9liorer vos strat\u00e9gies de marketing d&rsquo;affiliation \u00e0 des hauteurs in\u00e9gal\u00e9es. En effet, Affiliatewp for Business Growth est un atout essentiel que chaque entreprise visant \u00e0 renforcer ses efforts de marketing d&rsquo;affiliation et \u00e0 augmenter ses b\u00e9n\u00e9fices financiers devrait avoir. Cet outil de pointe affine non seulement vos strat\u00e9gies de marketing, mais aide \u00e9galement \u00e0 augmenter les gains mon\u00e9taires avec AffiliateWP. Le suivi des performances avec AffiliateWP permet un suivi de clic affili\u00e9 pr\u00e9cis, optimisant ainsi vos strat\u00e9gies de marketing \u00e0 de nouveaux niveaux.<\/p>\n","protected":false},"featured_media":143078,"comment_status":"open","ping_status":"closed","template":"","meta":[],"product_brand":[2453],"product_cat":[1200,1182,1181],"product_tag":[1202],"class_list":{"0":"post-113260","1":"product","2":"type-product","3":"status-publish","4":"has-post-thumbnail","6":"product_brand-affiliate-wp","7":"product_cat-commercialisation","8":"product_cat-commerce-electronique-plugins","9":"product_cat-plugins","10":"product_tag-affiliate-wp","11":"member-discount","12":"discount-restricted","14":"first","15":"instock","16":"sale","17":"downloadable","18":"virtual","19":"sold-individually","20":"purchasable","21":"product-type-simple"},"_links":{"self":[{"href":"https:\/\/gpl-love.com\/fr\/wp-json\/wp\/v2\/product\/113260","targetHints":{"allow":["GET"]}}],"collection":[{"href":"https:\/\/gpl-love.com\/fr\/wp-json\/wp\/v2\/product"}],"about":[{"href":"https:\/\/gpl-love.com\/fr\/wp-json\/wp\/v2\/types\/product"}],"replies":[{"embeddable":true,"href":"https:\/\/gpl-love.com\/fr\/wp-json\/wp\/v2\/comments?post=113260"}],"wp:featuredmedia":[{"embeddable":true,"href":"https:\/\/gpl-love.com\/fr\/wp-json\/wp\/v2\/media\/143078"}],"wp:attachment":[{"href":"https:\/\/gpl-love.com\/fr\/wp-json\/wp\/v2\/media?parent=113260"}],"wp:term":[{"taxonomy":"product_brand","embeddable":true,"href":"https:\/\/gpl-love.com\/fr\/wp-json\/wp\/v2\/product_brand?post=113260"},{"taxonomy":"product_cat","embeddable":true,"href":"https:\/\/gpl-love.com\/fr\/wp-json\/wp\/v2\/product_cat?post=113260"},{"taxonomy":"product_tag","embeddable":true,"href":"https:\/\/gpl-love.com\/fr\/wp-json\/wp\/v2\/product_tag?post=113260"}],"curies":[{"name":"wp","href":"https:\/\/api.w.org\/{rel}","templated":true}]}}