{"id":113258,"date":"2021-11-12T00:00:00","date_gmt":"2021-11-11T23:00:00","guid":{"rendered":"http:\/\/gpl-love.com\/fr\/produit\/affiliatewp-zapier\/"},"modified":"2026-03-20T22:54:02","modified_gmt":"2026-03-20T21:54:02","slug":"affiliatewp-zapier","status":"publish","type":"product","link":"https:\/\/gpl-love.com\/fr\/produit\/affiliatewp-zapier\/","title":{"rendered":"AffiliateWP Zapier 1.4"},"content":{"rendered":"<h3>AffiliateWP Zapier Traits<\/h3>\n<p>AffiliateWP Zapier, un outil d&rsquo;automatisation robuste, facilite l&rsquo;int\u00e9gration transparente entre AffiliateWP et de nombreuses autres applications Web, permettant ainsi l&rsquo;automatisation sans effort des processus de marketing d&rsquo;affiliation, m\u00eame sans aucune expertise technique. En vertu de ses capacit\u00e9s, AffiliateWP Zapier permet aux utilisateurs de g\u00e9n\u00e9rer des d\u00e9clencheurs et des actions qui facilitent la synchronisation des donn\u00e9es, l&rsquo;automatisation des t\u00e2ches et l&rsquo;am\u00e9lioration du flux de travail. En outre, il facilite la rationalisation des campagnes de marketing en \u00e9tablissant des connexions entre AffiliateWP et les logiciels de marketing par e-mail, les syst\u00e8mes CRM, les comptes de m\u00e9dias sociaux et divers autres outils. Le r\u00e9sultat est un programme de marketing d&rsquo;affiliation tr\u00e8s efficace et efficace qui non seulement \u00e9conomise un temps pr\u00e9cieux mais augmente \u00e9galement la g\u00e9n\u00e9ration de revenus. Que vous poss\u00e9diez une exp\u00e9rience significative dans le domaine du marketing d&rsquo;affiliation ou que vous vous lancez simplement dans votre voyage, AffiliateWP Zapier sert de solution id\u00e9ale pour faciliter l&rsquo;expansion des entreprises.<\/p>\n<ul>\n<li>Int\u00e8gre AffiliateWP \u00e0 Zapier, ce qui facilite l&rsquo;automatise des t\u00e2ches et des connexions entre diff\u00e9rentes applications<\/li>\n<li>Vous permet de cr\u00e9er des d\u00e9clencheurs et des actions dans Zapier en fonction des \u00e9v\u00e9nements affili\u00e9swp, tels que de nouvelles r\u00e9f\u00e9rences, des paiements de commission ou des inscriptions des utilisateurs<\/li>\n<li>Fournit un large \u00e9ventail d&rsquo;int\u00e9grations possibles avec d&rsquo;autres applications et plateformes populaires, y compris les CRM, les outils de marketing par e-mail, les r\u00e9seaux sociaux, et plus encore<\/li>\n<li>Vous permet de personnaliser les donn\u00e9es et l&rsquo;\u00e9change d&rsquo;informations entre AffiliateWP et Zapier, afin que vous puissiez envoyer et recevoir exactement ce dont vous avez besoin<\/li>\n<li>Simplifie les flux de travail complexes et r\u00e9duit l&rsquo;effort manuel en automatisant des t\u00e2ches r\u00e9p\u00e9titives ou longues<\/li>\n<li>Am\u00e9liore vos capacit\u00e9s de marketing d&rsquo;affiliation en vous donnant plus de contr\u00f4le sur la fa\u00e7on dont vous g\u00e9rez et analysez les donn\u00e9es, suivez les conversions et mesurez les performances<\/li>\n<li>Offre des options de tarification flexibles et des p\u00e9riodes d&rsquo;essai gratuites, vous pouvez donc tester les fonctionnalit\u00e9s avant de vous engager dans un abonnement payant<\/li>\n<li>Fournit une documentation utile, des forums d&rsquo;assistance et une assistance client pour vous guider tout au long du processus de configuration et de configuration<\/li>\n<li>Est compatible avec AffiliateWP et Zapier, assurant une int\u00e9gration et une compatibilit\u00e9 en douceur sur diff\u00e9rents syst\u00e8mes et appareils.<\/li>\n<\/ul>\n","protected":false},"excerpt":{"rendered":"<p>AffiliateWP Zapier est la solution ultime pour le marketing d&rsquo;affiliation, servant d&rsquo;outil d&rsquo;int\u00e9gration exceptionnellement robuste. Il rationalise le marketing d&rsquo;affiliation en automatisant les proc\u00e9dures et en \u00e9tablissant une connexion entre votre compte Affiliatewp et de nombreuses autres applications. Il en r\u00e9sulte une int\u00e9gration transparente de votre programme d&rsquo;affiliation, qui peut r\u00e9volutionner votre int\u00e9gration quotidienne d&rsquo;outils de routine.<\/p>\n<p>L&rsquo;outil d&rsquo;int\u00e9gration AffiliateWP Zapier est con\u00e7u pour d\u00e9clencher des actions en r\u00e9ponse \u00e0 des \u00e9v\u00e9nements sp\u00e9cifiques, am\u00e9liorant votre capacit\u00e9 \u00e0 g\u00e9rer les workflows automatis\u00e9s. Les \u00e9v\u00e9nements peuvent aller des inscriptions d&rsquo;affiliation via AffiliateWP Zapier aux ventes, et d&rsquo;autres \u00e9tapes importantes.<\/p>\n<p>Avec AffiliateWP Zapier, l&rsquo;automatisation de vos rapports d&rsquo;affiliation devient un jeu d&rsquo;enfant. Il renforce \u00e9galement vos efforts promotionnels sur les r\u00e9seaux sociaux, permettant des campagnes plus efficaces. En outre, il aide \u00e0 optimiser vos campagnes par e-mail, ce qui donne un coup de pouce \u00e0 votre strat\u00e9gie marketing globale.<\/p>\n<p>L&rsquo;am\u00e9lioration des ventes avec AffiliateWP Zapier est simple en raison de sa capacit\u00e9 \u00e0 faciliter la douceur int\u00e9gration de divers outils et services qui font partie de votre routine quotidienne. Alors si tu cherches \u00e0<\/p>\n","protected":false},"featured_media":143091,"comment_status":"open","ping_status":"open","template":"","meta":[],"product_brand":[2453],"product_cat":[1200,1182,1181],"product_tag":[1202],"class_list":{"0":"post-113258","1":"product","2":"type-product","3":"status-publish","4":"has-post-thumbnail","6":"product_brand-affiliate-wp","7":"product_cat-commercialisation","8":"product_cat-commerce-electronique-plugins","9":"product_cat-plugins","10":"product_tag-affiliate-wp","11":"member-discount","12":"discount-restricted","14":"first","15":"instock","16":"sale","17":"downloadable","18":"virtual","19":"sold-individually","20":"purchasable","21":"product-type-simple"},"_links":{"self":[{"href":"https:\/\/gpl-love.com\/fr\/wp-json\/wp\/v2\/product\/113258","targetHints":{"allow":["GET"]}}],"collection":[{"href":"https:\/\/gpl-love.com\/fr\/wp-json\/wp\/v2\/product"}],"about":[{"href":"https:\/\/gpl-love.com\/fr\/wp-json\/wp\/v2\/types\/product"}],"replies":[{"embeddable":true,"href":"https:\/\/gpl-love.com\/fr\/wp-json\/wp\/v2\/comments?post=113258"}],"wp:featuredmedia":[{"embeddable":true,"href":"https:\/\/gpl-love.com\/fr\/wp-json\/wp\/v2\/media\/143091"}],"wp:attachment":[{"href":"https:\/\/gpl-love.com\/fr\/wp-json\/wp\/v2\/media?parent=113258"}],"wp:term":[{"taxonomy":"product_brand","embeddable":true,"href":"https:\/\/gpl-love.com\/fr\/wp-json\/wp\/v2\/product_brand?post=113258"},{"taxonomy":"product_cat","embeddable":true,"href":"https:\/\/gpl-love.com\/fr\/wp-json\/wp\/v2\/product_cat?post=113258"},{"taxonomy":"product_tag","embeddable":true,"href":"https:\/\/gpl-love.com\/fr\/wp-json\/wp\/v2\/product_tag?post=113258"}],"curies":[{"name":"wp","href":"https:\/\/api.w.org\/{rel}","templated":true}]}}