{"id":113256,"date":"2024-06-22T00:00:00","date_gmt":"2024-06-21T22:00:00","guid":{"rendered":"http:\/\/gpl-love.com\/fr\/produit\/affiliatewp-custom-affiliate-slugs\/"},"modified":"2026-03-20T22:53:49","modified_gmt":"2026-03-20T21:53:49","slug":"affiliatewp-custom-affiliate-slugs","status":"publish","type":"product","link":"https:\/\/gpl-love.com\/fr\/produit\/affiliatewp-custom-affiliate-slugs\/","title":{"rendered":"AffiliateWP Custom Affiliate Slugs 1.3.0"},"content":{"rendered":"<h3>AffiliateWP Custom Affiliate Slugs Traits<\/h3>\n<p>L&rsquo;affiliatewp Custom Affiliate Slugs est un outil extr\u00eamement puissant et robuste qui accorde aux propri\u00e9taires de sites Web la possibilit\u00e9 d&rsquo;adapter et de personnaliser leurs liens d&rsquo;affiliation conform\u00e9ment \u00e0 leurs pr\u00e9f\u00e9rences et d\u00e9sirs individuels. Ce plugin exceptionnel sert \u00e0 faciliter la cr\u00e9ation d&rsquo;URL distinctes et ind\u00e9l\u00e9biles qui poss\u00e8dent un niveau de facilit\u00e9 accru en ce qui concerne le souvenir et la promotion, aboutissant finalement \u00e0 une augmentation substantielle des conversions et des ventes. En utilisant cet outil inestimable, on peut fa\u00e7onner des limaces personnalis\u00e9es qui englobent leur propre appellation de marque unique ou tout autre mot-cl\u00e9 pertinent et pertinent, simplifiant ainsi le processus pour les affili\u00e9s pour approuver et d\u00e9fendre efficacement et plaider pour ses produits ou services. De plus, les limaces affili\u00e9es affili\u00e9es AffiliateWP se trouvent \u00e9galement incluant une interface intuitive qui rend la gestion et la surveillance des liens d&rsquo;affiliation une entreprise incroyablement sans effort et rationalis\u00e9e. Par cons\u00e9quent, si vous vous retrouvez \u00e0 aspirer \u00e0 amplifier et \u00e0 augmenter vos succ\u00e8s dans le domaine du marketing d&rsquo;affiliation, les limaces d&rsquo;affiliation personnalis\u00e9es affili\u00e9es sont une solution id\u00e9ale et exemplaire qui est garantie pour vous aider \u00e0 r\u00e9aliser et \u00e0 atteindre vos objectifs et aspirations ambitieux.<\/p>\n<ul>\n<li>Cr\u00e9ez des limaces personnalis\u00e9es uniques \u00e0 utiliser pour les affili\u00e9s lors de la promotion de vos produits ou services<\/li>\n<li>Personnalisez la structure de vos limaces d&rsquo;affiliation pour correspondre \u00e0 votre marque ou pour les rendre faciles \u00e0 retenir<\/li>\n<li>Am\u00e9liorer le suivi et l&rsquo;analyse en incluant des mots cl\u00e9s ou des nombres sp\u00e9cifiques dans vos limaces d&rsquo;affiliation<\/li>\n<li>Augmenter la reconnaissance et la cr\u00e9dibilit\u00e9 de la marque en utilisant des limaces de marque au lieu de g\u00e9n\u00e9riques<\/li>\n<li>Encouragez la participation et l&rsquo;engagement des affili\u00e9s en leur donnant la possibilit\u00e9 de personnaliser leurs propres limaces<\/li>\n<li>Booster le r\u00e9f\u00e9rencement en incluant des mots cl\u00e9s cibl\u00e9s dans vos limaces d&rsquo;affiliation<\/li>\n<li>G\u00e9rez facilement les limaces d&rsquo;affiliation dans le tableau de bord AffiliateWP, y compris les modifier ou les supprimer au besoin<\/li>\n<li>Am\u00e9liorez l&rsquo;exp\u00e9rience utilisateur pour les affili\u00e9s et les clients en utilisant des limaces claires et m\u00e9morables qui repr\u00e9sentent avec pr\u00e9cision vos produits ou services.<\/li>\n<\/ul>\n","protected":false},"excerpt":{"rendered":"<p>AffiliateWP Custom Affiliate Slugs, un outil d&rsquo;affiliation extr\u00eamement puissant, propose une plate-forme remarquable pour g\u00e9n\u00e9rer des URL d&rsquo;affiliation personnalis\u00e9es. Il vous pr\u00e9sente la capacit\u00e9 de cr\u00e9er des limaces d&rsquo;affiliation distinctes, garantissant ainsi que vos URL d&rsquo;affiliation sont non seulement centr\u00e9es sur la marque mais aussi m\u00e9morables.<\/p>\n<p>Ce plugin d&rsquo;affiliation remarquable est con\u00e7u pour am\u00e9liorer vos efforts de marketing d&rsquo;affiliation en fournissant une g\u00e9n\u00e9ration d&rsquo;URL d&rsquo;affiliation sans effile. Il aide \u00e9galement \u00e0 un rappel et une diss\u00e9mination d&rsquo;affiliation en offrant des URL uniques et m\u00e9morables. Les caract\u00e9ristiques des limaces d&rsquo;affiliation AffiliateWP Custom Affiliate vont au-del\u00e0 de la simple g\u00e9n\u00e9ration d&rsquo;URL, il aide \u00e9galement \u00e0 surveiller les performances d&rsquo;affiliation, vous permettant d&rsquo;\u00e9valuer le succ\u00e8s de vos strat\u00e9gies de marketing.<\/p>\n<p>L&rsquo;acquisition de limaces affili\u00e9es affili\u00e9es affili\u00e9swp peut conduire \u00e0 la formation de relations d&rsquo;affiliation robustes et \u00e0 des partenariats affili\u00e9s durables. Ce n&rsquo;est pas seulement un plugin, mais un moyen de personnaliser des limaces pour les affili\u00e9s, leur permettant de se diff\u00e9rencier sur un march\u00e9 concurrentiel.<\/p>\n<p>Avec le plugin AffiliateWP pour le marketing d&rsquo;affiliation, vous pouvez am\u00e9liorer vos efforts de marketing et forger de solides partenariats d&rsquo;affiliation. Alors, ne manquez pas cette occasion d&rsquo;\u00e9lever<\/p>\n","protected":false},"featured_media":143077,"comment_status":"open","ping_status":"open","template":"","meta":[],"product_brand":[2453],"product_cat":[1200,1182,1181],"product_tag":[1202],"class_list":{"0":"post-113256","1":"product","2":"type-product","3":"status-publish","4":"has-post-thumbnail","6":"product_brand-affiliate-wp","7":"product_cat-commercialisation","8":"product_cat-commerce-electronique-plugins","9":"product_cat-plugins","10":"product_tag-affiliate-wp","11":"member-discount","12":"discount-restricted","14":"first","15":"instock","16":"sale","17":"downloadable","18":"virtual","19":"sold-individually","20":"purchasable","21":"product-type-simple"},"_links":{"self":[{"href":"https:\/\/gpl-love.com\/fr\/wp-json\/wp\/v2\/product\/113256","targetHints":{"allow":["GET"]}}],"collection":[{"href":"https:\/\/gpl-love.com\/fr\/wp-json\/wp\/v2\/product"}],"about":[{"href":"https:\/\/gpl-love.com\/fr\/wp-json\/wp\/v2\/types\/product"}],"replies":[{"embeddable":true,"href":"https:\/\/gpl-love.com\/fr\/wp-json\/wp\/v2\/comments?post=113256"}],"wp:featuredmedia":[{"embeddable":true,"href":"https:\/\/gpl-love.com\/fr\/wp-json\/wp\/v2\/media\/143077"}],"wp:attachment":[{"href":"https:\/\/gpl-love.com\/fr\/wp-json\/wp\/v2\/media?parent=113256"}],"wp:term":[{"taxonomy":"product_brand","embeddable":true,"href":"https:\/\/gpl-love.com\/fr\/wp-json\/wp\/v2\/product_brand?post=113256"},{"taxonomy":"product_cat","embeddable":true,"href":"https:\/\/gpl-love.com\/fr\/wp-json\/wp\/v2\/product_cat?post=113256"},{"taxonomy":"product_tag","embeddable":true,"href":"https:\/\/gpl-love.com\/fr\/wp-json\/wp\/v2\/product_tag?post=113256"}],"curies":[{"name":"wp","href":"https:\/\/api.w.org\/{rel}","templated":true}]}}