{"id":113245,"date":"2024-04-13T00:00:00","date_gmt":"2024-04-12T22:00:00","guid":{"rendered":"http:\/\/gpl-love.com\/fr\/produit\/affiliatewp-lifetime-commissions\/"},"modified":"2026-03-20T22:53:58","modified_gmt":"2026-03-20T21:53:58","slug":"affiliatewp-recurring-referrals","status":"publish","type":"product","link":"https:\/\/gpl-love.com\/fr\/produit\/affiliatewp-recurring-referrals\/","title":{"rendered":"AffiliateWP Recurring Referrals 1.9.2"},"content":{"rendered":"<h3>AffiliateWP Recurring Referrals Traits<\/h3>\n<p>Le plugin de r\u00e9f\u00e9rences r\u00e9currentes AffiliateWP est un outil robuste et dynamique adapt\u00e9 aux besoins des sp\u00e9cialistes du marketing d&rsquo;affiliation cherchant \u00e0 capitaliser pleinement sur leurs sources de revenus r\u00e9currentes. Son objectif principal est de permettre aux affili\u00e9s de se procurer des commissions r\u00e9currentes pour chaque client qu&rsquo;ils se r\u00e9f\u00e8rent avec succ\u00e8s \u00e0 un site Web. En tirant parti des capacit\u00e9s des r\u00e9f\u00e9rences r\u00e9currentes affili\u00e9es Affiliatewp, les affili\u00e9s ont la capacit\u00e9 de surveiller et de superviser leurs commissions r\u00e9currentes en temps r\u00e9el, facilitant ainsi l&rsquo;optimisation de leurs revenus avec une facilit\u00e9 in\u00e9gal\u00e9e. B\u00e9n\u00e9ficiant de fonctionnalit\u00e9s avanc\u00e9es telles que les taux de r\u00e9f\u00e9rence r\u00e9currents, les taux de commission personnalisables et les paiements automatis\u00e9s, les r\u00e9f\u00e9rences r\u00e9currentes affili\u00e9es Affiliatewp apparaissent comme l&rsquo;instrument par excellence pour les affili\u00e9s s&rsquo;effor\u00e7ant d&rsquo;optimiser leur potentiel de rendements lucratifs. Que ce soit un sp\u00e9cialiste du marketing d&rsquo;affiliation exp\u00e9riment\u00e9 ou un individu qui se lance dans son parcours d&rsquo;affiliation, les r\u00e9f\u00e9rences r\u00e9currentes affili\u00e9es Affiliatewp repr\u00e9sentent la solution id\u00e9ale pour toute personne d\u00e9sireuse d&rsquo;augmenter leurs b\u00e9n\u00e9fices tirant des sources de revenus r\u00e9currentes.<\/p>\n<ul>\n<li>Configurez facilement un programme de r\u00e9f\u00e9rence r\u00e9current pour vos efforts de marketing d&rsquo;affiliation<\/li>\n<li>Fournir des r\u00e9compenses en cours aux soci\u00e9t\u00e9s affili\u00e9es qui font r\u00e9f\u00e9rence aux clients qui souscrivent \u00e0 votre service sur une base r\u00e9currente<\/li>\n<li>Suivre et g\u00e9rer les r\u00e9f\u00e9rences r\u00e9currentes via le tableau de bord intuitif d&rsquo;AffiliateWP<\/li>\n<li>Personnalisez l&rsquo;apparence de votre programme de r\u00e9f\u00e9rence r\u00e9current pour correspondre \u00e0 votre marque et \u00e0 votre site Web<\/li>\n<li>G\u00e9rer et verser facilement les commissions de r\u00e9f\u00e9rence r\u00e9currentes \u00e0 vos affili\u00e9s<\/li>\n<li>Encouragez des relations \u00e0 long terme avec les clients et les affili\u00e9s par des r\u00e9compenses en cours pour des r\u00e9f\u00e9rences r\u00e9ussies.<\/li>\n<\/ul>\n","protected":false},"excerpt":{"rendered":"<p>AffiliateWP Recurling Referrals Plugin, un outil de marketing d&rsquo;affiliation remarquablement robuste, est rempli d&rsquo;une multitude de fonctionnalit\u00e9s sp\u00e9cialement con\u00e7ues pour inciter le marketing d&rsquo;affiliation. Il offre la capacit\u00e9 unique de r\u00e9compenser les affili\u00e9s pour les achats r\u00e9currents, ce qui en fait un excellent outil pour surveiller les r\u00e9f\u00e9rences d&rsquo;affiliation et renforcer la fid\u00e9lit\u00e9 des clients avec AffiliateWP.<\/p>\n<p>En tant que plugin incroyablement robuste, il est con\u00e7u pour augmenter les taux de r\u00e9tention avec des r\u00e9f\u00e9rences r\u00e9currentes et augmenter les revenus avec AffiliateWP. Le plugin r\u00e9compense efficacement les affili\u00e9s pour chaque instance, leurs clients r\u00e9f\u00e9r\u00e9s renouvellent leurs abonnements ou participent \u00e0 des transactions r\u00e9p\u00e9titives. Cette capacit\u00e9 am\u00e9liore non seulement la r\u00e9tention de la client\u00e8le, mais joue \u00e9galement un r\u00f4le important dans la promotion des relations affili\u00e9es durables.<\/p>\n<p>Avec des r\u00e9f\u00e9rences r\u00e9currentes AffiliateWP, vous pouvez propulser votre programme de marketing d&rsquo;affiliation \u00e0 de nouveaux sommets. Il s&rsquo;agit d&rsquo;une plate-forme id\u00e9ale pour les renouvellements d&rsquo;abonnement et les transactions r\u00e9p\u00e9titives. Il est con\u00e7u pour soutenir la croissance du marketing d&rsquo;affiliation et am\u00e9liorer la r\u00e9tention des clients, ce qui en fait un outil essentiel pour toute entreprise qui cherche \u00e0 renforcer ses efforts de marketing d&rsquo;affiliation. Ne manquez pas l&rsquo;opportunit\u00e9 d&rsquo;explorer le potentiel d&rsquo;affiliation<\/p>\n","protected":false},"featured_media":143086,"comment_status":"open","ping_status":"closed","template":"","meta":[],"product_brand":[2453],"product_cat":[1200,1182,1181],"product_tag":[1202],"class_list":{"0":"post-113245","1":"product","2":"type-product","3":"status-publish","4":"has-post-thumbnail","6":"product_brand-affiliate-wp","7":"product_cat-commercialisation","8":"product_cat-commerce-electronique-plugins","9":"product_cat-plugins","10":"product_tag-affiliate-wp","11":"member-discount","12":"discount-restricted","14":"first","15":"instock","16":"sale","17":"downloadable","18":"virtual","19":"sold-individually","20":"purchasable","21":"product-type-simple"},"_links":{"self":[{"href":"https:\/\/gpl-love.com\/fr\/wp-json\/wp\/v2\/product\/113245","targetHints":{"allow":["GET"]}}],"collection":[{"href":"https:\/\/gpl-love.com\/fr\/wp-json\/wp\/v2\/product"}],"about":[{"href":"https:\/\/gpl-love.com\/fr\/wp-json\/wp\/v2\/types\/product"}],"replies":[{"embeddable":true,"href":"https:\/\/gpl-love.com\/fr\/wp-json\/wp\/v2\/comments?post=113245"}],"wp:featuredmedia":[{"embeddable":true,"href":"https:\/\/gpl-love.com\/fr\/wp-json\/wp\/v2\/media\/143086"}],"wp:attachment":[{"href":"https:\/\/gpl-love.com\/fr\/wp-json\/wp\/v2\/media?parent=113245"}],"wp:term":[{"taxonomy":"product_brand","embeddable":true,"href":"https:\/\/gpl-love.com\/fr\/wp-json\/wp\/v2\/product_brand?post=113245"},{"taxonomy":"product_cat","embeddable":true,"href":"https:\/\/gpl-love.com\/fr\/wp-json\/wp\/v2\/product_cat?post=113245"},{"taxonomy":"product_tag","embeddable":true,"href":"https:\/\/gpl-love.com\/fr\/wp-json\/wp\/v2\/product_tag?post=113245"}],"curies":[{"name":"wp","href":"https:\/\/api.w.org\/{rel}","templated":true}]}}