{"id":113243,"date":"2023-11-20T00:00:00","date_gmt":"2023-11-19T23:00:00","guid":{"rendered":"http:\/\/gpl-love.com\/fr\/produit\/affiliatewp-tiered-affiliate-rates\/"},"modified":"2026-03-20T22:54:00","modified_gmt":"2026-03-20T21:54:00","slug":"affiliatewp-tiered-affiliate-rates","status":"publish","type":"product","link":"https:\/\/gpl-love.com\/fr\/produit\/affiliatewp-tiered-affiliate-rates\/","title":{"rendered":"AffiliateWP Tiered Affiliate Rates 1.3.1"},"content":{"rendered":"<h3>AffiliateWP Tiered Affiliate Rates Traits<\/h3>\n<p>Les taux d&rsquo;affiliation \u00e0 niveau affili\u00e9wp sont un outil incroyablement utile et robuste qui offre aux sp\u00e9cialistes du marketing d&rsquo;affiliation la possibilit\u00e9 d&rsquo;adapter et de personnaliser leurs taux de commission conform\u00e9ment aux performances exceptionnelles pr\u00e9sent\u00e9es par leurs affili\u00e9s. En employant cet outil, les gestionnaires d&rsquo;affiliation sont autoris\u00e9s \u00e0 \u00e9tablir de nombreux niveaux de commissions qui sont mises en \u0153uvre et automatiquement en fonction des performances remarquables des affili\u00e9s individuels. Cette caract\u00e9ristique exceptionnelle garantit que les affili\u00e9s sont motiv\u00e9s et incit\u00e9s \u00e0 exercer plus d&rsquo;efforts et \u00e0 pr\u00e9senter des performances sup\u00e9rieures, ce qui a finalement abouti \u00e0 une augmentation substantielle des ventes et des revenus pour l&rsquo;entreprise. De plus, l&rsquo;outil poss\u00e8de une interface utilisateur intuitive et peut \u00eatre personnalis\u00e9 et adapt\u00e9 sans effort pour s&rsquo;adapter \u00e0 tout mod\u00e8le commercial, ce qui le rend un actif indispensable et indispensable pour chaque marketing d&rsquo;affiliation en herbe qui aspire \u00e0 optimiser et \u00e0 maximiser son b\u00e9n\u00e9fice potentiel.<\/p>\n<ul>\n<li>Vous permet de cr\u00e9er diff\u00e9rents taux de commission pour diff\u00e9rents niveaux d&rsquo;affili\u00e9s<\/li>\n<li>Augmente la motivation des affili\u00e9s pour atteindre des niveaux plus \u00e9lev\u00e9s et gagner plus<\/li>\n<li>Niveaux personnalisables en fonction du nombre de ventes ou d&rsquo;autres crit\u00e8res<\/li>\n<li>Facile \u00e0 configurer et \u00e0 g\u00e9rer via AffiliateWP<\/li>\n<li>Compatible avec la plupart des plateformes de commerce \u00e9lectronique et des passerelles de paiement<\/li>\n<li>Stimule les ventes et les revenus de votre entreprise<\/li>\n<li>Fournit une structure de commission \u00e9quitable et transparente pour les affili\u00e9s<\/li>\n<li>Am\u00e9liore la r\u00e9tention et la fid\u00e9lit\u00e9 des affili\u00e9s.<\/li>\n<\/ul>\n","protected":false},"excerpt":{"rendered":"<p>L&rsquo;outil AffiliateWP \u00e0 taux de la s\u00e9rie d&rsquo;affiliation est un instrument puissant, sp\u00e9cialement con\u00e7u pour soutenir les entreprises en fournissant des incitations efficaces au programme d&rsquo;affiliation. Il utilise un syst\u00e8me de taux de commission bas\u00e9 sur les ventes, encourageant les affili\u00e9s \u00e0 stimuler la promotion des produits avec z\u00e8le et diligence.<\/p>\n<p>Les entreprises peuvent cr\u00e9er des structures de commission \u00e0 plusieurs niveaux personnalis\u00e9es \u00e0 l&rsquo;aide de ce plugin \u00e0 multiples facettes, inspirant des affili\u00e9s pour promouvoir leurs produits et services de mani\u00e8re plus enthousiaste. Cet outil permet aux entreprises d&rsquo;\u00e9tablir un seuil de paiement minimum, \u00e0 maintenir un syst\u00e8me de paiement \u00e9quitable et juste.<\/p>\n<p>La configuration sans effort du plugin AffiliateWP en fait un outil convivial, offrant diverses options pour r\u00e9pondre \u00e0 divers besoins commerciaux. Il soutient l&rsquo;am\u00e9lioration de la r\u00e9ussite du programme d&rsquo;affiliation, l&rsquo;augmentation de la prosp\u00e9rit\u00e9 et l&rsquo;\u00e9l\u00e9vation du programme \u00e0 de nouveaux sommets.<\/p>\n<p>L&rsquo;outil Affiliatewp ne concerne pas seulement la r\u00e9ussite commerciale mais aussi la motivation des affili\u00e9s. Il aide \u00e0 augmenter les ventes tout en offrant des structures de commission personnalis\u00e9es. La simplicit\u00e9 et l&rsquo;efficacit\u00e9 de AffiliateWP en font un outil id\u00e9al pour les paiements \u00e9quitables.<\/p>\n<p>AffiliateWP est un outil pour l&rsquo;augmentation des revenus, la promotion du succ\u00e8s et de la prosp\u00e9rit\u00e9. C&rsquo;est un<\/p>\n","protected":false},"featured_media":143089,"comment_status":"open","ping_status":"open","template":"","meta":[],"product_brand":[2453],"product_cat":[1200,1182,1181],"product_tag":[1202],"class_list":{"0":"post-113243","1":"product","2":"type-product","3":"status-publish","4":"has-post-thumbnail","6":"product_brand-affiliate-wp","7":"product_cat-commercialisation","8":"product_cat-commerce-electronique-plugins","9":"product_cat-plugins","10":"product_tag-affiliate-wp","11":"member-discount","12":"discount-restricted","14":"first","15":"instock","16":"sale","17":"downloadable","18":"virtual","19":"sold-individually","20":"purchasable","21":"product-type-simple"},"_links":{"self":[{"href":"https:\/\/gpl-love.com\/fr\/wp-json\/wp\/v2\/product\/113243","targetHints":{"allow":["GET"]}}],"collection":[{"href":"https:\/\/gpl-love.com\/fr\/wp-json\/wp\/v2\/product"}],"about":[{"href":"https:\/\/gpl-love.com\/fr\/wp-json\/wp\/v2\/types\/product"}],"replies":[{"embeddable":true,"href":"https:\/\/gpl-love.com\/fr\/wp-json\/wp\/v2\/comments?post=113243"}],"wp:featuredmedia":[{"embeddable":true,"href":"https:\/\/gpl-love.com\/fr\/wp-json\/wp\/v2\/media\/143089"}],"wp:attachment":[{"href":"https:\/\/gpl-love.com\/fr\/wp-json\/wp\/v2\/media?parent=113243"}],"wp:term":[{"taxonomy":"product_brand","embeddable":true,"href":"https:\/\/gpl-love.com\/fr\/wp-json\/wp\/v2\/product_brand?post=113243"},{"taxonomy":"product_cat","embeddable":true,"href":"https:\/\/gpl-love.com\/fr\/wp-json\/wp\/v2\/product_cat?post=113243"},{"taxonomy":"product_tag","embeddable":true,"href":"https:\/\/gpl-love.com\/fr\/wp-json\/wp\/v2\/product_tag?post=113243"}],"curies":[{"name":"wp","href":"https:\/\/api.w.org\/{rel}","templated":true}]}}