{"id":113239,"date":"2025-04-27T00:00:00","date_gmt":"2025-04-26T22:00:00","guid":{"rendered":"http:\/\/gpl-love.com\/fr\/produit\/affiliatewp-paypal-payouts\/"},"modified":"2026-03-20T22:53:54","modified_gmt":"2026-03-20T21:53:54","slug":"affiliatewp-paypal-payouts","status":"publish","type":"product","link":"https:\/\/gpl-love.com\/fr\/produit\/affiliatewp-paypal-payouts\/","title":{"rendered":"AffiliateWP PayPal Payouts 1.4.3"},"content":{"rendered":"<h3>AffiliateWP PayPal Payouts Traits<\/h3>\n<p>AffiliateWP PayPal Painouts se pr\u00e9sente comme un outil de traitement des paiements exceptionnellement efficace et influent, fournissant des programmes d&rsquo;affiliation ayant la capacit\u00e9 de traiter rapidement et sans effort sans effort. La fonctionnalit\u00e9 de cet outil permet aux administrateurs de d\u00e9bourser les paiements \u00e0 leurs affili\u00e9s via PayPal en grande quantit\u00e9, diminuant consid\u00e9rablement le temps et l&rsquo;effort requis pour ex\u00e9cuter des paiements individuels. En outre, ce syst\u00e8me est m\u00eame \u00e9quip\u00e9 pour s&rsquo;adapter aux paiements partiels, facilitant ainsi les administrateurs dans la distribution de paiements conform\u00e9ment aux conditions pr\u00e9alables sp\u00e9cifiques de chaque affili\u00e9. En employant des paiements affili\u00e9s de PayPal, les affili\u00e9s sont autoris\u00e9s \u00e0 se pr\u00e9lasser dans la commodit\u00e9 de recevoir leurs paiements de mani\u00e8re ponctuelle et ing\u00e9nieuse, augmentant leur satisfaction globale et engendrer un sentiment de loyaut\u00e9 envers le programme. En prime, cet outil poss\u00e8de une interface conviviale et s&rsquo;int\u00e8gre de mani\u00e8re transparente \u00e0 divers autres syst\u00e8mes de traitement des paiements, ce qui en fait un choix optimal pour les programmes d&rsquo;affiliation aspirant \u00e0 optimiser et \u00e0 rationaliser leur processus de paiement.<\/p>\n<ul>\n<li>Permet aux utilisateurs de configurer et de g\u00e9rer facilement les paiements de la commission aux affili\u00e9s via PayPal<\/li>\n<li>Automatise le processus de paiement, gagnant du temps et garantissant l&rsquo;exactitude<\/li>\n<li>Prend en charge plusieurs devises pour les paiements internationaux<\/li>\n<li>Fournit un historique de transaction d\u00e9taill\u00e9 pour un suivi et une tenue de dossiers faciles<\/li>\n<li>S&rsquo;int\u00e8gre parfaitement \u00e0 AffiliateWP, un plugin de gestion d&rsquo;affiliation de pointe pour WordPress<\/li>\n<li>Comprend une documentation et un soutien approfondis pour assurer une exp\u00e9rience en douceur et une exp\u00e9rience d&rsquo;utilisation<\/li>\n<li>Compatible avec les derni\u00e8res versions de WordPress et PayPal, assurant des fonctionnalit\u00e9s et une compatibilit\u00e9 continues avec les mises \u00e0 jour futures<\/li>\n<\/ul>\n","protected":false},"excerpt":{"rendered":"<p>AffiliateWP PayPal Painsouts est un plugin de paiement affili\u00e9 convivial qui offre une m\u00e9thode efficace et transparente pour compenser les affili\u00e9s. C&rsquo;est un outil inestimable pour les propri\u00e9taires d&rsquo;entreprise et les sp\u00e9cialistes du marketing d&rsquo;affiliation, offrant un moyen d&rsquo;automatiser les paiements d&rsquo;affiliation, am\u00e9liorant ainsi l&rsquo;efficacit\u00e9 des paiements et l&rsquo;\u00e9conomie de temps.<\/p>\n<p>Le plugin propose un processus de paiement d&rsquo;affiliation rationalis\u00e9 gr\u00e2ce \u00e0 son int\u00e9gration avec PayPal, facilitant les paiements automatis\u00e9s automatis\u00e9s et r\u00e9duisant le besoin de travaux manuels. Avec PayPal Payout Automation, vous pouvez g\u00e9rer plus efficacement votre programme d&rsquo;affiliation, simplifiant le flux de travail d&rsquo;affiliation et \u00e9conomisant un temps pr\u00e9cieux.<\/p>\n<p>Le plugin AffiliateWP pour PayPal propose \u00e9galement des rapports de paiement complets, fournissant des informations d\u00e9taill\u00e9es pour le suivi des transactions PayPal m\u00e9ticuleux. Cet outil de gestion de programme d&rsquo;affiliation efficace vous permet de garder un \u0153il sur toutes vos transactions, d&rsquo;assurer l&rsquo;exactitude et la transparence.<\/p>\n<p>Les avantages des paiements PayPal AffiliateWP s&rsquo;\u00e9tendent au-del\u00e0 de simplifier simplement votre flux de travail. Son int\u00e9gration transparente avec AffiliateWP permet une gestion plus efficace de votre programme d&rsquo;affiliation. Ceci, associ\u00e9 \u00e0 son interface conviviale et \u00e0 ses rapports de paiement d\u00e9taill\u00e9s, en fait un id\u00e9al<\/p>\n","protected":false},"featured_media":143083,"comment_status":"open","ping_status":"open","template":"","meta":[],"product_brand":[2453],"product_cat":[1200,1182,1181],"product_tag":[1202],"class_list":{"0":"post-113239","1":"product","2":"type-product","3":"status-publish","4":"has-post-thumbnail","6":"product_brand-affiliate-wp","7":"product_cat-commercialisation","8":"product_cat-commerce-electronique-plugins","9":"product_cat-plugins","10":"product_tag-affiliate-wp","11":"member-discount","12":"discount-restricted","14":"first","15":"instock","16":"sale","17":"downloadable","18":"virtual","19":"sold-individually","20":"purchasable","21":"product-type-simple"},"_links":{"self":[{"href":"https:\/\/gpl-love.com\/fr\/wp-json\/wp\/v2\/product\/113239","targetHints":{"allow":["GET"]}}],"collection":[{"href":"https:\/\/gpl-love.com\/fr\/wp-json\/wp\/v2\/product"}],"about":[{"href":"https:\/\/gpl-love.com\/fr\/wp-json\/wp\/v2\/types\/product"}],"replies":[{"embeddable":true,"href":"https:\/\/gpl-love.com\/fr\/wp-json\/wp\/v2\/comments?post=113239"}],"wp:featuredmedia":[{"embeddable":true,"href":"https:\/\/gpl-love.com\/fr\/wp-json\/wp\/v2\/media\/143083"}],"wp:attachment":[{"href":"https:\/\/gpl-love.com\/fr\/wp-json\/wp\/v2\/media?parent=113239"}],"wp:term":[{"taxonomy":"product_brand","embeddable":true,"href":"https:\/\/gpl-love.com\/fr\/wp-json\/wp\/v2\/product_brand?post=113239"},{"taxonomy":"product_cat","embeddable":true,"href":"https:\/\/gpl-love.com\/fr\/wp-json\/wp\/v2\/product_cat?post=113239"},{"taxonomy":"product_tag","embeddable":true,"href":"https:\/\/gpl-love.com\/fr\/wp-json\/wp\/v2\/product_tag?post=113239"}],"curies":[{"name":"wp","href":"https:\/\/api.w.org\/{rel}","templated":true}]}}