{"id":113237,"date":"2026-03-23T00:00:00","date_gmt":"2026-03-22T23:00:00","guid":{"rendered":"http:\/\/gpl-love.com\/fr\/produit\/supportcandy-woocommerce-integration\/"},"modified":"2026-04-10T18:41:53","modified_gmt":"2026-04-10T16:41:53","slug":"supportcandy-woocommerce-integration","status":"publish","type":"product","link":"https:\/\/gpl-love.com\/fr\/produit\/supportcandy-woocommerce-integration\/","title":{"rendered":"SupportCandy WooCommerce Integration 3.2.6"},"content":{"rendered":"<h3>SupportCandy WooCommerce Integration Traits<\/h3>\n<p>L&rsquo;int\u00e9gration de SupportCandy WooCommerce est un outil robuste et tr\u00e8s efficace qui int\u00e8gre de mani\u00e8re transparente votre syst\u00e8me de support et votre magasin WooCommerce, r\u00e9sultant en une op\u00e9ration fluide et efficace. En utilisant cette int\u00e9gration, vous \u00eates en mesure de g\u00e9rer sans effort les demandes, les commandes et les remboursements des clients d&rsquo;un seul emplacement centralis\u00e9 pour une commodit\u00e9 maximale. Avec les capacit\u00e9s in\u00e9gal\u00e9es de SupportCandy, vous avez la possibilit\u00e9 de rationaliser votre processus de support client et de fournir un service exceptionnel qui impressionnera sans aucun doute vos acheteurs. Que vous op\u00e9riez une entreprise \u00e0 petite \u00e9chelle ou une grande entreprise, cette int\u00e9gration offre la solution id\u00e9ale pour \u00e9lever votre exp\u00e9rience client et augmenter consid\u00e9rablement vos ventes. Offrez des adieux \u00e0 la t\u00e2che ardue de g\u00e9rer plusieurs plateformes et accueille chaleureusement le soutien sans effort fourni par l&rsquo;int\u00e9gration de soutien \u00e0 la WooCommerce de SupportCandy.<\/p>\n<ul>\n<li>Int\u00e9grez de mani\u00e8re transparente votre boutique WooCommerce avec SupportCandy<\/li>\n<li>Automatiser les demandes de support client de vos clients WooCommerce<\/li>\n<li>Gardez une trace des commandes des clients et de l&rsquo;historique des commandes dans l&rsquo;interface SupportCandy<\/li>\n<li>G\u00e9rez facilement les billets de support client de votre boutique WooCommerce<\/li>\n<li>Assurer une r\u00e9solution en temps opportun de tout probl\u00e8me ou demandes de renseignements de vos clients WooCommerce<\/li>\n<li>\u00c9conomisez du temps et des efforts en ayant toutes les donn\u00e9es des clients en un seul endroit avec SupportCandy WooCommerce Int\u00e9gration<\/li>\n<li>Am\u00e9liorer la satisfaction du client en fournissant un excellent service client sur votre boutique WooCommerce de mani\u00e8re rationalis\u00e9e<\/li>\n<li>Am\u00e9liorez la r\u00e9putation de votre magasin en am\u00e9liorant les processus de support client avec SupportCandy WooCommerce Int\u00e9gration<\/li>\n<li>Ayez une efficacit\u00e9 accrue dans la gestion des demandes de support client en int\u00e9grant SupportCandy \u00e0 votre boutique WooCommerce<\/li>\n<\/ul>\n","protected":false},"excerpt":{"rendered":"<p>L&rsquo;int\u00e9gration de SupportCandy avec WooCommerce sert \u00e0 simplifier votre flux de travail en fusionnant de mani\u00e8re transparente votre boutique WooCommerce et en supportCandy Helpdesk dans un syst\u00e8me coh\u00e9sif. Gr\u00e2ce \u00e0 cette fusion, vous gagnez la possibilit\u00e9 d&rsquo;acc\u00e9der sans effort et de parcourir les commandes des clients ainsi que leur historique d&rsquo;achat complet dans votre plateforme d&rsquo;assistance. De plus, vous pouvez \u00e9tablir commod\u00e9ment une corr\u00e9lation entre les billets et les commandes correspondantes, et m\u00eame avoir de nouveaux billets cr\u00e9\u00e9s automatiquement pour chaque nouvelle commande qui arrive. . Commencez votre utilisation de l&rsquo;int\u00e9gration SupportCandy WooCommerce aujourd&rsquo;hui et assistez \u00e0 une am\u00e9lioration importante de l&rsquo;efficacit\u00e9 de vos op\u00e9rations de soutien.<\/p>\n","protected":false},"featured_media":145436,"comment_status":"open","ping_status":"open","template":"","meta":[],"product_brand":[2666],"product_cat":[1187,1181,1186],"product_tag":[1855],"class_list":{"0":"post-113237","1":"product","2":"type-product","3":"status-publish","4":"has-post-thumbnail","6":"product_brand-supportcandy","7":"product_cat-administration-wordpress-plugins","8":"product_cat-plugins","9":"product_cat-wordpress-plugins","10":"product_tag-supportcandy","11":"member-discount","12":"discount-restricted","14":"first","15":"instock","16":"sale","17":"downloadable","18":"virtual","19":"sold-individually","20":"purchasable","21":"product-type-simple"},"_links":{"self":[{"href":"https:\/\/gpl-love.com\/fr\/wp-json\/wp\/v2\/product\/113237","targetHints":{"allow":["GET"]}}],"collection":[{"href":"https:\/\/gpl-love.com\/fr\/wp-json\/wp\/v2\/product"}],"about":[{"href":"https:\/\/gpl-love.com\/fr\/wp-json\/wp\/v2\/types\/product"}],"replies":[{"embeddable":true,"href":"https:\/\/gpl-love.com\/fr\/wp-json\/wp\/v2\/comments?post=113237"}],"wp:featuredmedia":[{"embeddable":true,"href":"https:\/\/gpl-love.com\/fr\/wp-json\/wp\/v2\/media\/145436"}],"wp:attachment":[{"href":"https:\/\/gpl-love.com\/fr\/wp-json\/wp\/v2\/media?parent=113237"}],"wp:term":[{"taxonomy":"product_brand","embeddable":true,"href":"https:\/\/gpl-love.com\/fr\/wp-json\/wp\/v2\/product_brand?post=113237"},{"taxonomy":"product_cat","embeddable":true,"href":"https:\/\/gpl-love.com\/fr\/wp-json\/wp\/v2\/product_cat?post=113237"},{"taxonomy":"product_tag","embeddable":true,"href":"https:\/\/gpl-love.com\/fr\/wp-json\/wp\/v2\/product_tag?post=113237"}],"curies":[{"name":"wp","href":"https:\/\/api.w.org\/{rel}","templated":true}]}}