{"id":113235,"date":"2021-03-27T00:00:00","date_gmt":"2021-03-26T23:00:00","guid":{"rendered":"http:\/\/gpl-love.com\/fr\/produit\/affiliatewp-affiliate-groups\/"},"modified":"2026-03-20T22:53:47","modified_gmt":"2026-03-20T21:53:47","slug":"affiliatewp-group","status":"publish","type":"product","link":"https:\/\/gpl-love.com\/fr\/produit\/affiliatewp-group\/","title":{"rendered":"AffiliateWP Affiliate Groups 1.6.12"},"content":{"rendered":"<h3>AffiliateWP Affiliate Groups Traits<\/h3>\n<p>Les groupes d&rsquo;affiliation AffiliateWP apparaissent comme un compl\u00e9ment extr\u00eamement puissant qui a \u00e9t\u00e9 formul\u00e9 de mani\u00e8re unique pour faciliter les entreprises dans leurs efforts \u00e0 concocter et \u00e0 r\u00e9guler efficacement les groupes d&rsquo;affiliation. En profitant de cet outil remarquable, les utilisateurs sont dot\u00e9s de la capacit\u00e9 incroyable de classer de mani\u00e8re transparente leurs affili\u00e9s en groupes, subordonn\u00e9s \u00e0 une myriade de crit\u00e8res, allant de la localisation g\u00e9ographique \u00e0 la cha\u00eene de marketing. Par cons\u00e9quent, cela engendre le processus de surveillance des performances et de compenser d\u00fbment la cr\u00e8me de la cr\u00e8me des affili\u00e9s. En outre, en plus de ses fonctionnalit\u00e9s impressionnantes, le module compl\u00e9mentaire est rempli de fonctionnalit\u00e9s de pointe, y compris les ajustements automatis\u00e9s des commissions et la fourniture de taux de commission sp\u00e9cifiques au groupe. Ces attributs notables offrent aux entreprises l&rsquo;occasion in\u00e9gal\u00e9e d&rsquo;adapter leur programme d&rsquo;affiliation conform\u00e9ment \u00e0 leurs exigences sur mesure. \u00c0 la lumi\u00e8re de ces raisons convaincantes, il devient sans \u00e9quivoque de soi que les groupes d&rsquo;affiliation affili\u00e9swp sont un outil indispensable pour toute entreprise exigeante qui abrite un d\u00e9sir ardent d&rsquo;optimiser et de maximiser l&rsquo;efficacit\u00e9 de leurs efforts de marketing d&rsquo;affiliation.<\/p>\n<ul>\n<li>-Organisez vos affili\u00e9s en groupes pour une meilleure gestion et suivi<\/li>\n<li>-Regment des commissions d&rsquo;affiliation et des rapports de b\u00e9n\u00e9fices par groupe<\/li>\n<li>-Cr\u00e9atiser les offres sp\u00e9ciales et les promotions exclusivement pour des groupes d&rsquo;affiliation sp\u00e9cifiques<\/li>\n<li>-Stra les taux de commission diff\u00e9rents pour chaque groupe pour inciter les performances<\/li>\n<li>-Ajouter ou supprimer les affili\u00e9s des groupes selon les besoins<\/li>\n<li>-Affrayer la communication et la collaboration entre les affili\u00e9s au sein de leurs groupes respectifs<\/li>\n<li>-View Performance et les donn\u00e9es d&rsquo;activit\u00e9 pour chaque groupe dans un emplacement central<\/li>\n<li>-Int\u00e9grer avec les plugins de commerce \u00e9lectronique et d&rsquo;adh\u00e9sion populaires pour les fonctionnalit\u00e9s transparentes<\/li>\n<li>-S\u00e9missant votre programme d&rsquo;affiliation et augmentez l&rsquo;efficacit\u00e9 avec les groupes d&rsquo;affiliation affili\u00e9swp.<\/li>\n<\/ul>\n","protected":false},"excerpt":{"rendered":"<p>L&rsquo;outil AffiliateWP Affiliate Group est un outil remarquablement puissant qui permet \u00e0 ses utilisateurs de g\u00e9n\u00e9rer et de g\u00e9rer efficacement les groupes d&rsquo;affiliation. Ce puissant plugin, grouillant de fonctionnalit\u00e9s, offre la capacit\u00e9 d&rsquo;une g\u00e9n\u00e9ration efficace de groupe d&rsquo;affiliation. Il vous permet de construire des collectifs d&rsquo;affiliation segment\u00e9s au sein de votre programme d&rsquo;affiliation, chacun ayant des taux de commission et des taux de r\u00e9f\u00e9rence distincts.<\/p>\n<p>La gestion des attributs de groupe d&rsquo;affiliation personnalis\u00e9s devient un jeu d&rsquo;enfant avec le plugin Affiliatewp Affiliate Group. Il optimise votre programme d&rsquo;affiliation, entra\u00eenant une meilleure gestion des programmes d&rsquo;affiliation et offrant divers avantages d&rsquo;affiliation d&rsquo;affiliation Affiliatewp. Vous pouvez administrer de mani\u00e8re transparente des groupes d&rsquo;affiliation, et le pouvoir des groupes d&rsquo;affiliation Affiliatewp est \u00e9vident dans son efficacit\u00e9.<\/p>\n<p>Embrassez les fonctionnalit\u00e9s des groupes d&rsquo;affiliation AffiliateWP et am\u00e9liorez le succ\u00e8s global de votre programme. Avec cet outil, vous ne construisez pas seulement un programme d&rsquo;affiliation avec des groupes d&rsquo;affiliation AffiliateWP &#8211; vous vous engagez \u00e0 atteindre des sommets de triomphe et de succ\u00e8s sans pr\u00e9c\u00e9dent. L&rsquo;optimisation offerte par l&rsquo;outil AffiliateWP Affiliate Group peut propulser votre programme dans un domaine de r\u00e9alisation qui en dit long sur le triomphe et le succ\u00e8s de<\/p>\n","protected":false},"featured_media":143075,"comment_status":"open","ping_status":"closed","template":"","meta":[],"product_brand":[2453],"product_cat":[1200,1182,1181],"product_tag":[1202],"class_list":{"0":"post-113235","1":"product","2":"type-product","3":"status-publish","4":"has-post-thumbnail","6":"product_brand-affiliate-wp","7":"product_cat-commercialisation","8":"product_cat-commerce-electronique-plugins","9":"product_cat-plugins","10":"product_tag-affiliate-wp","11":"member-discount","12":"discount-restricted","14":"first","15":"instock","16":"sale","17":"downloadable","18":"virtual","19":"sold-individually","20":"purchasable","21":"product-type-simple"},"_links":{"self":[{"href":"https:\/\/gpl-love.com\/fr\/wp-json\/wp\/v2\/product\/113235","targetHints":{"allow":["GET"]}}],"collection":[{"href":"https:\/\/gpl-love.com\/fr\/wp-json\/wp\/v2\/product"}],"about":[{"href":"https:\/\/gpl-love.com\/fr\/wp-json\/wp\/v2\/types\/product"}],"replies":[{"embeddable":true,"href":"https:\/\/gpl-love.com\/fr\/wp-json\/wp\/v2\/comments?post=113235"}],"wp:featuredmedia":[{"embeddable":true,"href":"https:\/\/gpl-love.com\/fr\/wp-json\/wp\/v2\/media\/143075"}],"wp:attachment":[{"href":"https:\/\/gpl-love.com\/fr\/wp-json\/wp\/v2\/media?parent=113235"}],"wp:term":[{"taxonomy":"product_brand","embeddable":true,"href":"https:\/\/gpl-love.com\/fr\/wp-json\/wp\/v2\/product_brand?post=113235"},{"taxonomy":"product_cat","embeddable":true,"href":"https:\/\/gpl-love.com\/fr\/wp-json\/wp\/v2\/product_cat?post=113235"},{"taxonomy":"product_tag","embeddable":true,"href":"https:\/\/gpl-love.com\/fr\/wp-json\/wp\/v2\/product_tag?post=113235"}],"curies":[{"name":"wp","href":"https:\/\/api.w.org\/{rel}","templated":true}]}}