{"id":113232,"date":"2021-06-01T00:00:00","date_gmt":"2021-05-31T22:00:00","guid":{"rendered":"http:\/\/gpl-love.com\/fr\/produit\/affiliatewp-multi-level-affiliates-by-click-studio\/"},"modified":"2026-03-20T22:53:53","modified_gmt":"2026-03-20T21:53:53","slug":"affiliatewp-multi-level-affiliates-by-click-studio","status":"publish","type":"product","link":"https:\/\/gpl-love.com\/fr\/produit\/affiliatewp-multi-level-affiliates-by-click-studio\/","title":{"rendered":"AffiliateWP Multi Level Affiliates 1.9.15"},"content":{"rendered":"<h3>AffiliateWP Multi Level Affiliates Traits<\/h3>\n<p>AffiliateWP Multi-Level Affiliates, d\u00e9velopp\u00e9 par Click Studio, est un outil tr\u00e8s robuste et efficace qui a \u00e9t\u00e9 sp\u00e9cifiquement con\u00e7u pour faciliter la gestion transparente de votre programme d&rsquo;affiliation. Cette solution de pointe offre un \u00e9ventail de fonctionnalit\u00e9s avanc\u00e9es qui simplifient non seulement le processus de recrutement d&rsquo;affili\u00e9s mais rationalisent \u00e9galement la gestion de leurs performances et le suivi de leurs revenus. En tirant parti de ce plugin exceptionnel, vous avez la possibilit\u00e9 d&rsquo;\u00e9tablir un programme d&rsquo;affiliation \u00e0 plusieurs niveaux, vous accordant ainsi la capacit\u00e9 non seulement de r\u00e9compenser vos affili\u00e9s pour leurs ventes individuelles, mais aussi pour les ventes g\u00e9n\u00e9r\u00e9es par leurs sous-affili\u00e9s. Le tableau de bord intuitivement con\u00e7u dans cet outil r\u00e9volutionnaire vous fournit un aper\u00e7u complet et lucide des performances de votre programme d&rsquo;affiliation, englobant des mesures vitales telles que les chiffres de vente, les commissions et les paiements. De plus, ce plugin remarquable permet la personnalisation transparente des tarifs de commission pour des affili\u00e9s distincts, l&rsquo;\u00e9tablissement de calendriers de paiement automatis\u00e9s et l&rsquo;int\u00e9gration transparente avec des passerelles de paiement renomm\u00e9es telles que PayPal et Stripe. Essentiellement, en adoptant des affili\u00e9s multi-niveaux affili\u00e9s, vous pouvez automatiser efficacement votre programme d&rsquo;affiliation tout en vous concentrant simultan\u00e9ment sur l&rsquo;expansion et l&rsquo;am\u00e9lioration de votre entreprise.<\/p>\n<ul>\n<li>Un plugin puissant con\u00e7u pour vous aider \u00e0 cr\u00e9er un programme d&rsquo;affiliation \u00e0 plusieurs niveaux pour votre entreprise<\/li>\n<li>Vous permet de r\u00e9compenser vos affili\u00e9s pour r\u00e9f\u00e9rer de nouvelles affili\u00e9s \u00e0 votre programme<\/li>\n<li>Fournit des outils pour le suivi et la surveillance des performances des affili\u00e9s, y compris les commissions gagn\u00e9es et les r\u00e9f\u00e9rences faites<\/li>\n<li>Vous permet de fixer des taux de commission personnalis\u00e9s pour diff\u00e9rents niveaux d&rsquo;affili\u00e9s, vous donnant plus de contr\u00f4le sur les paiements de votre programme<\/li>\n<li>Intregate de mani\u00e8re transparente avec AffiliateWP, ce qui facilite la gestion de tous les aspects de votre programme d&rsquo;affiliation \u00e0 partir d&rsquo;un seul tableau de bord<\/li>\n<li>Processus de configuration simple avec des instructions et de la documentation claires pour vous aider \u00e0 d\u00e9marrer rapidement<\/li>\n<li>Tr\u00e8s flexible et personnalisable, vous donnant la possibilit\u00e9 d&rsquo;adapter votre programme d&rsquo;affiliation \u00e0 vos besoins sp\u00e9cifiques<\/li>\n<li>Prouv\u00e9 pour augmenter les r\u00e9f\u00e9rences et les ventes en incitant les affili\u00e9s \u00e0 promouvoir vos produits ou services \u00e0 leurs r\u00e9seaux.<\/li>\n<\/ul>\n","protected":false},"excerpt":{"rendered":"<p>D\u00e9velopp\u00e9 par Click Studio, le plugin AffiliateWP Multi-niveau Affiliates est une solution de marketing d&rsquo;affiliation de pointe. Il permet aux utilisateurs d&rsquo;\u00e9tablir des r\u00e9seaux d&rsquo;affiliation \u00e0 plusieurs niveaux, en recrutant des sous-affili\u00e9s pour les commissions en fonction de leurs ventes. Cet outil innovant est connu pour ses structures de commission personnalisables et ses fonctionnalit\u00e9s de suivi de r\u00e9f\u00e9rence des affili\u00e9s complets.<\/p>\n<p>Le plugin AffiliateWP Multi-Nivel Affiliates propose \u00e9galement des capacit\u00e9s de rapports robustes pour les programmes d&rsquo;affiliation. Cela permet aux affili\u00e9s de g\u00e9rer facilement leurs r\u00e9seaux avec la solution de Click Studio. Avec le potentiel de commissions de ventes lucratives des affili\u00e9s, maximiser les b\u00e9n\u00e9fices avec les affili\u00e9s multi-niveaux affili\u00e9s devient un processus simple.<\/p>\n<p>De plus, le plugin aide \u00e0 \u00e9tendre votre pr\u00e9sence en ligne gr\u00e2ce au marketing d&rsquo;affiliation. Son ensemble de fonctionnalit\u00e9s avanc\u00e9, y compris un \u00e9ventail d&rsquo;options de personnalisation pour les structures de commission et les syst\u00e8mes de paiement, en fait un outil pr\u00e9cieux pour tout marketing d&rsquo;affiliation. En utilisant les affili\u00e9s multi-niveaux AffiliateWP par Click Studio, les utilisateurs peuvent superviser sans effort leurs programmes d&rsquo;affiliation tout en b\u00e9n\u00e9ficiant des avantages d&rsquo;une pr\u00e9sence en ligne substantielle et des revenus maximis\u00e9s.<\/p>\n","protected":false},"featured_media":143082,"comment_status":"open","ping_status":"open","template":"","meta":[],"product_brand":[2453],"product_cat":[1200,1182,1181],"product_tag":[1202],"class_list":{"0":"post-113232","1":"product","2":"type-product","3":"status-publish","4":"has-post-thumbnail","6":"product_brand-affiliate-wp","7":"product_cat-commercialisation","8":"product_cat-commerce-electronique-plugins","9":"product_cat-plugins","10":"product_tag-affiliate-wp","11":"member-discount","12":"discount-restricted","14":"first","15":"instock","16":"sale","17":"downloadable","18":"virtual","19":"sold-individually","20":"purchasable","21":"product-type-simple"},"_links":{"self":[{"href":"https:\/\/gpl-love.com\/fr\/wp-json\/wp\/v2\/product\/113232","targetHints":{"allow":["GET"]}}],"collection":[{"href":"https:\/\/gpl-love.com\/fr\/wp-json\/wp\/v2\/product"}],"about":[{"href":"https:\/\/gpl-love.com\/fr\/wp-json\/wp\/v2\/types\/product"}],"replies":[{"embeddable":true,"href":"https:\/\/gpl-love.com\/fr\/wp-json\/wp\/v2\/comments?post=113232"}],"wp:featuredmedia":[{"embeddable":true,"href":"https:\/\/gpl-love.com\/fr\/wp-json\/wp\/v2\/media\/143082"}],"wp:attachment":[{"href":"https:\/\/gpl-love.com\/fr\/wp-json\/wp\/v2\/media?parent=113232"}],"wp:term":[{"taxonomy":"product_brand","embeddable":true,"href":"https:\/\/gpl-love.com\/fr\/wp-json\/wp\/v2\/product_brand?post=113232"},{"taxonomy":"product_cat","embeddable":true,"href":"https:\/\/gpl-love.com\/fr\/wp-json\/wp\/v2\/product_cat?post=113232"},{"taxonomy":"product_tag","embeddable":true,"href":"https:\/\/gpl-love.com\/fr\/wp-json\/wp\/v2\/product_tag?post=113232"}],"curies":[{"name":"wp","href":"https:\/\/api.w.org\/{rel}","templated":true}]}}