{"id":113231,"date":"2024-06-22T00:00:00","date_gmt":"2024-06-21T22:00:00","guid":{"rendered":"http:\/\/gpl-love.com\/fr\/produit\/affiliatewp-affiliate-landing-pages\/"},"modified":"2026-03-20T22:53:48","modified_gmt":"2026-03-20T21:53:48","slug":"affiliatewp-affiliate-landing-pages","status":"publish","type":"product","link":"https:\/\/gpl-love.com\/fr\/produit\/affiliatewp-affiliate-landing-pages\/","title":{"rendered":"AffiliateWP Affiliate Landing Pages 1.3.0"},"content":{"rendered":"<h3>AffiliateWP Affiliate Landing Pages Traits<\/h3>\n<p>AffiliateWP Affiliate Pages Pages est un outil extr\u00eamement robuste et puissant qui accorde aux entreprises la capacit\u00e9 de fabriquer des pages de destination qui sont extr\u00eamement aptes \u00e0 convertir les clients potentiels en vrais pour leurs affili\u00e9s. Ce plugin, qui regorge d&rsquo;une pl\u00e9thore de fonctionnalit\u00e9s remarquables, profite \u00e0 une vaste gamme d&rsquo;options de personnalisation qui englobent la possibilit\u00e9 de forger des pages de destination distinctes pour chaque affili\u00e9 individuel, incorporent des champs et des formes sur mesure, et de s&rsquo;int\u00e8gre de mani\u00e8re transparente \u00e0 une multitude de champs et de formes de mani\u00e8re de mani\u00e8re transparente \u00e0 une multitude de hautement Sought- apr\u00e8s des services de marketing par e-mail. Avec le d\u00e9ploiement des pages de destination d&rsquo;affiliation affili\u00e9e Affiliate, les entreprises peuvent augmenter de fa\u00e7on exponentielle leur triomphe dans le domaine du marketing d&rsquo;affiliation en fournissant \u00e0 leurs affili\u00e9s les supports marketing indispensables qui contribuent \u00e0 leur succ\u00e8s. Simultan\u00e9ment, cette solution holistique garantit que les clients re\u00e7oivent une exp\u00e9rience non seulement transparente, mais aussi tout \u00e0 fait professionnelle.<\/p>\n<ul>\n<li>Des pages de destination professionnelles et visuellement attrayantes con\u00e7ues sp\u00e9cifiquement pour le marketing d&rsquo;affiliation<\/li>\n<li>Enti\u00e8rement personnalisable pour correspondre \u00e0 votre marque et \u00e0 votre messagerie<\/li>\n<li>Formulaires de capture de lead et options d&rsquo;opt-in pour capturer les pistes et d\u00e9velopper votre liste<\/li>\n<li>Mod\u00e8les pr\u00e9d\u00e9finis pour les niches populaires, y compris la sant\u00e9 et le bien-\u00eatre, la finance et la technologie<\/li>\n<li>Fonctionnalit\u00e9 de test A \/ B pour optimiser les performances de la page de destination et les taux de conversion<\/li>\n<li>Int\u00e9gration transparente avec AffiliateWP, permettant un suivi facile des r\u00e9f\u00e9rences et des commissions d&rsquo;affiliation<\/li>\n<li>Conception r\u00e9active qui a fi\u00e8re allure sur tous les appareils<\/li>\n<li>Installation et configuration faciles, sans comp\u00e9tences de codage ou techniques requises<\/li>\n<li>Documentation approfondie et soutien de l&rsquo;\u00e9quipe Affiliatewp<\/li>\n<li>Mises \u00e0 jour et am\u00e9liorations r\u00e9guli\u00e8res pour assurer des performances de haute qualit\u00e9 et une exp\u00e9rience utilisateur.<\/li>\n<\/ul>\n","protected":false},"excerpt":{"rendered":"<p>AffiliateWP Affiliate Pages Pages est un outil de marketing d&rsquo;affiliation robuste qui vous permet de cr\u00e9er des pages de destination sophistiqu\u00e9es adapt\u00e9es aux besoins de vos affili\u00e9s. Ce plugin dynamique pour les pages de destination offre des options de personnalisation, vous permettant de cr\u00e9er des pages de destination d&rsquo;affiliation percutantes qui r\u00e9sonnent avec votre public cible. Avec Affiliatewp Affiliate Pages Pages, le suivi des activit\u00e9s d&rsquo;affiliation devient un jeu d&rsquo;enfant et les fonctionnalit\u00e9s de gestion des commissions sont \u00e0 port\u00e9e de main.<\/p>\n<p>Que vous visiez \u00e0 amplifier les chiffres de vente ou \u00e0 amasser une multitude de prospects, Affiliatewp for Sales and Leads offre une suite compl\u00e8te de fonctionnalit\u00e9s et de ressources. AffiliateWP for Marketing Success est con\u00e7u pour augmenter le triomphe du marketing d&rsquo;affiliation et assurer votre prosp\u00e9rit\u00e9 marketing. Avec AffiliateWP, vous tirez non seulement \u00e0 tirer parti de son potentiel, mais aussi \u00e0 propulser vos initiatives de marketing d&rsquo;affiliation \u00e0 de nouveaux sommets de succ\u00e8s.<\/p>\n<p>D\u00e9couvrez les avantages sociaux affili\u00e9s Affiliate Affiliate et transformez vos pages de destination en un outil puissant pour r\u00e9ussir. Il n&rsquo;est plus n\u00e9cessaire d&rsquo;attendre. Commencez \u00e0 utiliser AffiliateWP pour la prosp\u00e9rit\u00e9 du marketing aujourd&rsquo;hui et assistez \u00e0 une augmentation sans pr\u00e9c\u00e9dent de votre triomphe marketing.<\/p>\n","protected":false},"featured_media":143076,"comment_status":"open","ping_status":"open","template":"","meta":[],"product_brand":[2453],"product_cat":[1200,1182,1181],"product_tag":[1202],"class_list":{"0":"post-113231","1":"product","2":"type-product","3":"status-publish","4":"has-post-thumbnail","6":"product_brand-affiliate-wp","7":"product_cat-commercialisation","8":"product_cat-commerce-electronique-plugins","9":"product_cat-plugins","10":"product_tag-affiliate-wp","11":"member-discount","12":"discount-restricted","14":"first","15":"instock","16":"sale","17":"downloadable","18":"virtual","19":"sold-individually","20":"purchasable","21":"product-type-simple"},"_links":{"self":[{"href":"https:\/\/gpl-love.com\/fr\/wp-json\/wp\/v2\/product\/113231","targetHints":{"allow":["GET"]}}],"collection":[{"href":"https:\/\/gpl-love.com\/fr\/wp-json\/wp\/v2\/product"}],"about":[{"href":"https:\/\/gpl-love.com\/fr\/wp-json\/wp\/v2\/types\/product"}],"replies":[{"embeddable":true,"href":"https:\/\/gpl-love.com\/fr\/wp-json\/wp\/v2\/comments?post=113231"}],"wp:featuredmedia":[{"embeddable":true,"href":"https:\/\/gpl-love.com\/fr\/wp-json\/wp\/v2\/media\/143076"}],"wp:attachment":[{"href":"https:\/\/gpl-love.com\/fr\/wp-json\/wp\/v2\/media?parent=113231"}],"wp:term":[{"taxonomy":"product_brand","embeddable":true,"href":"https:\/\/gpl-love.com\/fr\/wp-json\/wp\/v2\/product_brand?post=113231"},{"taxonomy":"product_cat","embeddable":true,"href":"https:\/\/gpl-love.com\/fr\/wp-json\/wp\/v2\/product_cat?post=113231"},{"taxonomy":"product_tag","embeddable":true,"href":"https:\/\/gpl-love.com\/fr\/wp-json\/wp\/v2\/product_tag?post=113231"}],"curies":[{"name":"wp","href":"https:\/\/api.w.org\/{rel}","templated":true}]}}