{"id":113229,"date":"2023-11-20T00:00:00","date_gmt":"2023-11-19T23:00:00","guid":{"rendered":"http:\/\/gpl-love.com\/fr\/produit\/affiliatewp-rest-api-extended\/"},"modified":"2026-03-20T22:53:59","modified_gmt":"2026-03-20T21:53:59","slug":"affiliatewp-rest-api-extended","status":"publish","type":"product","link":"https:\/\/gpl-love.com\/fr\/produit\/affiliatewp-rest-api-extended\/","title":{"rendered":"AffiliateWP REST API Extended 1.2.1"},"content":{"rendered":"<h3>AffiliateWP REST API Extended Traits<\/h3>\n<p>AffiliateWP REST API Extended est un outil incroyablement puissant et robuste qui a \u00e9t\u00e9 m\u00e9ticuleusement con\u00e7u pour r\u00e9pondre aux besoins des entreprises cherchant \u00e0 optimiser et \u00e0 am\u00e9liorer leurs efforts de marketing d&rsquo;affiliation. Ce module compl\u00e9mentaire remarquable accorde aux utilisateurs une vaste gamme de fonctionnalit\u00e9s avanc\u00e9es, leur permettant ainsi de se plonger dans une gamme plus compl\u00e8te de fonctionnalit\u00e9s et de donn\u00e9es. En vertu de l&rsquo;API Affiliatewp REST, les entreprises sont habilit\u00e9es \u00e0 administrer et \u00e0 superviser et \u00e0 superviser leurs comptes d&rsquo;affiliation, \u00e0 surveiller et \u00e0 suivre et \u00e0 suivre l&rsquo;activit\u00e9 de r\u00e9f\u00e9rence et \u00e0 automatiser le processus complexe complexe et souvent complexe. La polyvalence et l&rsquo;adaptabilit\u00e9 de cet outil sont vraiment remarquables, car elle conf\u00e8re aux utilisateurs la possibilit\u00e9 de personnaliser de mani\u00e8re transparente une multitude d&rsquo;aspects, tels que les taux de commission et les r\u00e9glementations de suivi de r\u00e9f\u00e9rence, parmi une pl\u00e9thore d&rsquo;autres options disponibles. En exploitant habilement et en tirant parti de l&rsquo;immense pouvoir et potentiel d&rsquo;immense que AffiliateWP REST API incarne, les entreprises peuvent rationaliser et optimiser sans effort leurs flux de travail de marketing d&rsquo;affiliation, culminant dans une augmentation indubitable et significative de la g\u00e9n\u00e9ration de revenus, attribuable \u00e0 un niveau d&rsquo;engagement accru de leurs estimes et significatifs de leur g\u00e9n\u00e9ration de revenus, attribuable \u00e0 un niveau d&rsquo;engagement accru de leur estimation et de leurs estimes estim\u00e9 de pr\u00e9cieux affili\u00e9s.<\/p>\n<ul>\n<li>Permet une fonctionnalit\u00e9 \u00e9tendue et la personnalisation de l&rsquo;affiliatewp via l&rsquo;API REST<\/li>\n<li>Permet l&rsquo;int\u00e9gration avec des applications et plateformes tierces<\/li>\n<li>Fournit acc\u00e8s aux donn\u00e9es AffiliateWP et aux fonctionnalit\u00e9s de gestion \u00e0 distance<\/li>\n<li>Prend en charge les op\u00e9rations CRUD (cr\u00e9er, lire, mettre \u00e0 jour, supprimer) sur les affili\u00e9s, les r\u00e9f\u00e9rences, les cr\u00e9atifs et plus encore<\/li>\n<li>Impl\u00e9mente l&rsquo;authentification et l&rsquo;autorisation des utilisateurs pour l&rsquo;acc\u00e8s \u00e0 l&rsquo;API s\u00e9curis\u00e9<\/li>\n<li>Livr\u00e9 avec une documentation compl\u00e8te et des ressources de d\u00e9veloppeur pour une impl\u00e9mentation facile<\/li>\n<li>Compatible avec AffiliateWP Version -6 et au-dessus<\/li>\n<li>Am\u00e9lior\u00e9 avec des filtres et des actions suppl\u00e9mentaires pour adapter les r\u00e9ponses API \u00e0 des besoins sp\u00e9cifiques<\/li>\n<li>Aide \u00e0 rationaliser les processus de gestion et d&rsquo;analyse des programmes d&rsquo;affiliation d&rsquo;affiliation<\/li>\n<li>Facilite la cr\u00e9ation de strat\u00e9gies et de campagnes de marketing d&rsquo;affiliation personnalis\u00e9es.<\/li>\n<\/ul>\n","protected":false},"excerpt":{"rendered":"<p>L&rsquo;outil AffiliateWP REST API Extended est une plate-forme incroyablement polyvalente qui offre aux d\u00e9veloppeurs la possibilit\u00e9 d&rsquo;\u00e9largir et d&rsquo;am\u00e9liorer les capacit\u00e9s d&rsquo;AffiliateWP, le principal plugin de marketing d&rsquo;affiliation pour WordPress. Cette API REST pour les d\u00e9veloppeurs permet de cr\u00e9er des int\u00e9grations sur mesure avec divers logiciels et syst\u00e8mes, simplifiant et automatisant les t\u00e2ches avec AffiliateWP, ainsi que l&rsquo;acc\u00e8s programmatique aux donn\u00e9es AffiliateWP.<\/p>\n<p>L&rsquo;outil offre des moyens efficaces de cr\u00e9er des int\u00e9grations, ce qui permet de surveiller sans effil\u00e9 le trafic d&rsquo;affiliation et d&rsquo;analyser les revenus d&rsquo;affiliation. Il permet \u00e9galement une gestion efficace de r\u00e9f\u00e9rence et une gestion des paiements avec AffiliateWP, donnant aux entreprises l&rsquo;autorit\u00e9 sur leur programme d&rsquo;affiliation.<\/p>\n<p>La rationalisation des t\u00e2ches avec l&rsquo;API REST et les t\u00e2ches automatis\u00e9es avec AffiliateWP ne sont que deux des nombreuses fonctionnalit\u00e9s que cet outil puissant offre. Avec la capacit\u00e9 de surveiller le trafic d&rsquo;affiliation et d&rsquo;analyser les b\u00e9n\u00e9fices d&rsquo;affiliation, les entreprises peuvent obtenir des informations essentielles sur leurs performances.<\/p>\n<p>G\u00e9rer les r\u00e9f\u00e9rences avec AffiliateWP et g\u00e9rer les paiements avec l&rsquo;API REST, les entreprises peuvent garder le contr\u00f4le total de leurs programmes d&rsquo;affiliation. Ceci, combin\u00e9 avec le<\/p>\n","protected":false},"featured_media":143087,"comment_status":"open","ping_status":"open","template":"","meta":[],"product_brand":[2453],"product_cat":[1200,1182,1181],"product_tag":[1202],"class_list":{"0":"post-113229","1":"product","2":"type-product","3":"status-publish","4":"has-post-thumbnail","6":"product_brand-affiliate-wp","7":"product_cat-commercialisation","8":"product_cat-commerce-electronique-plugins","9":"product_cat-plugins","10":"product_tag-affiliate-wp","11":"member-discount","12":"discount-restricted","14":"first","15":"instock","16":"sale","17":"downloadable","18":"virtual","19":"sold-individually","20":"purchasable","21":"product-type-simple"},"_links":{"self":[{"href":"https:\/\/gpl-love.com\/fr\/wp-json\/wp\/v2\/product\/113229","targetHints":{"allow":["GET"]}}],"collection":[{"href":"https:\/\/gpl-love.com\/fr\/wp-json\/wp\/v2\/product"}],"about":[{"href":"https:\/\/gpl-love.com\/fr\/wp-json\/wp\/v2\/types\/product"}],"replies":[{"embeddable":true,"href":"https:\/\/gpl-love.com\/fr\/wp-json\/wp\/v2\/comments?post=113229"}],"wp:featuredmedia":[{"embeddable":true,"href":"https:\/\/gpl-love.com\/fr\/wp-json\/wp\/v2\/media\/143087"}],"wp:attachment":[{"href":"https:\/\/gpl-love.com\/fr\/wp-json\/wp\/v2\/media?parent=113229"}],"wp:term":[{"taxonomy":"product_brand","embeddable":true,"href":"https:\/\/gpl-love.com\/fr\/wp-json\/wp\/v2\/product_brand?post=113229"},{"taxonomy":"product_cat","embeddable":true,"href":"https:\/\/gpl-love.com\/fr\/wp-json\/wp\/v2\/product_cat?post=113229"},{"taxonomy":"product_tag","embeddable":true,"href":"https:\/\/gpl-love.com\/fr\/wp-json\/wp\/v2\/product_tag?post=113229"}],"curies":[{"name":"wp","href":"https:\/\/api.w.org\/{rel}","templated":true}]}}