{"id":113203,"date":"2021-03-26T00:00:00","date_gmt":"2021-03-25T23:00:00","guid":{"rendered":"http:\/\/gpl-love.com\/fr\/produit\/minfox-software-landing-page-wordpress-theme\/"},"modified":"2026-04-10T18:31:34","modified_gmt":"2026-04-10T16:31:34","slug":"minfox-software-landing-page-wordpress-theme","status":"publish","type":"product","link":"https:\/\/gpl-love.com\/fr\/produit\/minfox-software-landing-page-wordpress-theme\/","title":{"rendered":"Minfox Software Landing Page WordPress Theme 1.4.8"},"content":{"rendered":"<h3>Minfox Software Landing Page WordPress Theme Traits<\/h3>\n<p>Le th\u00e8me WordPress de la page de destination du logiciel Minfox est un outil de conception Web hautement impressionnant et louable qui offre la capacit\u00e9 de cr\u00e9er une page de destination exceptionnelle et remarquable pour promouvoir et annoncer vos produits logiciels. B\u00e9n\u00e9ficiant d&rsquo;une conception \u00e9l\u00e9gante et de pointe, ce th\u00e8me s&rsquo;av\u00e8re \u00eatre la solution ultime pour pr\u00e9senter efficacement vos produits logiciels de mani\u00e8re professionnelle et captivante. Avec sa vaste gamme de sections pr\u00e9-con\u00e7ues, pr\u00e9sentant sans effort vos fonctionnalit\u00e9s logicielles, vos options de tarification, vos t\u00e9moignages et vos membres de l&rsquo;\u00e9quipe devient une t\u00e2che sans tracas. De plus, l&rsquo;inclusion d&rsquo;une section de portefeuille vous permet de pr\u00e9senter votre travail, tandis que la possibilit\u00e9 de mettre en \u00e9vidence vos articles de blog et d&rsquo;incorporer des widgets personnalis\u00e9s aide \u00e0 attirer un plus grand nombre de visiteurs sur votre site Web. De plus, il est \u00e0 noter que le th\u00e8me WordPress de la page de destination du logiciel Minfox est enti\u00e8rement r\u00e9actif et optimis\u00e9 de mani\u00e8re experte pour les moteurs de recherche, garantissant que votre site Web appara\u00eet non seulement visuellement sur tous les appareils, mais se classe \u00e9galement tr\u00e8s bien dans les recherches en ligne. Sans aucun doute, ce th\u00e8me se distingue comme un choix exceptionnel pour les personnes qui cherchent \u00e0 cr\u00e9er une page de destination impressionnante pour leurs produits logiciels.<\/p>\n<ul>\n<li>Conception de la page de destination professionnelle et moderne<\/li>\n<li>Compatible avec la plate-forme WordPress<\/li>\n<li>Options de personnalisation faciles avec int\u00e9gration du g\u00e9n\u00e9rateur de page Elementor<\/li>\n<li>Disposition enti\u00e8rement r\u00e9active pour une visualisation transparente sur diff\u00e9rents appareils<\/li>\n<li>Conception optimis\u00e9e SEO pour le classement des moteurs de recherche plus \u00e9lev\u00e9<\/li>\n<li>Interface conviviale pour les utilisateurs non techniques<\/li>\n<li>Compatibilit\u00e9 entre les navigateurs pour les performances lisses sur tous les navigateurs<\/li>\n<li>Vitesse de chargement rapide pour une meilleure exp\u00e9rience utilisateur et am\u00e9lior\u00e9 SEO<\/li>\n<li>Prise en charge multi-langues pour la port\u00e9e mondiale<\/li>\n<li>Code bien document\u00e9 pour la maintenance et les mises \u00e0 jour faciles<\/li>\n<li>Prix \u200b\u200babordables avec des mises \u00e0 jour r\u00e9guli\u00e8res et un soutien de l&rsquo;\u00e9quipe des d\u00e9veloppeurs<\/li>\n<\/ul>\n","protected":false},"excerpt":{"rendered":"<p>Le th\u00e8me WordPress de la page de destination du logiciel Minfox a \u00e9t\u00e9 m\u00e9ticuleusement con\u00e7u pour r\u00e9pondre aux besoins sp\u00e9cifiques des soci\u00e9t\u00e9s de logiciels cherchant \u00e0 afficher leurs offres et services. Son design \u00e9l\u00e9gant et contemporain d\u00e9gage un sentiment de sophistication, ce qui en fait un choix id\u00e9al pour \u00e9tablir une pr\u00e9sence en ligne convaincante et remarquable qui captive et attire efficacement une client\u00e8le potentielle. De plus, ce th\u00e8me propose une myriade d&rsquo;options personnalisables, y compris la possibilit\u00e9 d&rsquo;adapter les sch\u00e9mas de couleurs, les pr\u00e9f\u00e9rences de typographie et les arrangements de mise en page, vous permettant ainsi de fa\u00e7onner une page de destination non seulement unique mais aussi agr\u00e9able esth\u00e9tique, attirant ainsi efficacement les visiteurs et finalement les convertir en clients. En outre, Minfox est enti\u00e8rement r\u00e9actif et optimis\u00e9 pour les moteurs de recherche, garantissant que votre site Web maintiendra non seulement son attrait visuel sur une large gamme d&rsquo;appareils, mais assurera \u00e9galement un classement favorable dans les r\u00e9sultats des moteurs de recherche, am\u00e9liorant ainsi sa visibilit\u00e9 et augmentant davantage son potentiel pour succ\u00e8s.<\/p>\n","protected":false},"featured_media":144545,"comment_status":"open","ping_status":"closed","template":"","meta":[],"product_brand":[2433],"product_cat":[1516,1212,1213],"product_tag":[1366],"class_list":{"0":"post-113203","1":"product","2":"type-product","3":"status-publish","4":"has-post-thumbnail","6":"product_brand-themeforest","7":"product_cat-entreprise","8":"product_cat-themes","9":"product_cat-wordpress-themes","10":"product_tag-themeforest","11":"member-discount","12":"discount-restricted","14":"first","15":"instock","16":"sale","17":"downloadable","18":"virtual","19":"sold-individually","20":"purchasable","21":"product-type-simple"},"_links":{"self":[{"href":"https:\/\/gpl-love.com\/fr\/wp-json\/wp\/v2\/product\/113203","targetHints":{"allow":["GET"]}}],"collection":[{"href":"https:\/\/gpl-love.com\/fr\/wp-json\/wp\/v2\/product"}],"about":[{"href":"https:\/\/gpl-love.com\/fr\/wp-json\/wp\/v2\/types\/product"}],"replies":[{"embeddable":true,"href":"https:\/\/gpl-love.com\/fr\/wp-json\/wp\/v2\/comments?post=113203"}],"wp:featuredmedia":[{"embeddable":true,"href":"https:\/\/gpl-love.com\/fr\/wp-json\/wp\/v2\/media\/144545"}],"wp:attachment":[{"href":"https:\/\/gpl-love.com\/fr\/wp-json\/wp\/v2\/media?parent=113203"}],"wp:term":[{"taxonomy":"product_brand","embeddable":true,"href":"https:\/\/gpl-love.com\/fr\/wp-json\/wp\/v2\/product_brand?post=113203"},{"taxonomy":"product_cat","embeddable":true,"href":"https:\/\/gpl-love.com\/fr\/wp-json\/wp\/v2\/product_cat?post=113203"},{"taxonomy":"product_tag","embeddable":true,"href":"https:\/\/gpl-love.com\/fr\/wp-json\/wp\/v2\/product_tag?post=113203"}],"curies":[{"name":"wp","href":"https:\/\/api.w.org\/{rel}","templated":true}]}}