{"id":113202,"date":"2026-03-16T00:00:00","date_gmt":"2026-03-15T23:00:00","guid":{"rendered":"http:\/\/gpl-love.com\/fr\/produit\/ipanorama-360-virtual-tour-builder-for-wordpress\/"},"modified":"2026-03-20T23:20:33","modified_gmt":"2026-03-20T22:20:33","slug":"ipanorama-360-virtual-tour-builder-for-wordpress","status":"publish","type":"product","link":"https:\/\/gpl-love.com\/fr\/produit\/ipanorama-360-virtual-tour-builder-for-wordpress\/","title":{"rendered":"iPanorama 360 Virtual Tour Builder pour WordPress 1.9.1"},"content":{"rendered":"<h3>iPanorama 360 Virtual Tour Builder pour WordPress Traits<\/h3>\n<p>Ipanorama 360 Virtual Tour Builder for WordPress est un outil tr\u00e8s impressionnant et remarquable qui vous accorde la possibilit\u00e9 de cr\u00e9er sans effort des visites virtuelles \u00e0 couper le souffle visuellement \u00e0 couper le souffle. Ce plugin remarquable a \u00e9t\u00e9 sp\u00e9cifiquement con\u00e7u pour vous int\u00e9grer de mani\u00e8re transparente \u00e0 WordPress, vous permettant ainsi de fabriquer des visites virtuelles captivantes et enti\u00e8rement immersives \u00e0 360 degr\u00e9s qui captiveront ind\u00e9niablement et engageront vos visiteurs estim\u00e9s, \u00e9levant leur exp\u00e9rience utilisateur globale \u00e0 des hauteurs sans pr\u00e9c\u00e9dent. Avec Ipanorama 360 \u00e0 votre disposition, vous aurez la capacit\u00e9 sans pr\u00e9c\u00e9dent d&rsquo;incorporer sans effort des points chauds, du contenu multim\u00e9dia et divers autres \u00e9l\u00e9ments interactifs dans vos visites virtuelles, ce qui les rend finalement plus convaincants, engageants et informatifs. S&rsquo;appuyant sur son immense polyvalence, ce plugin est incroyablement personnalisable, vous offrant l&rsquo;occasion inestimable de configurer parfaitement pratiquement tous les aspects de vos visites virtuelles. Cela comprend, mais sans s&rsquo;y limiter, la modification de la couleur d&rsquo;arri\u00e8re-plan, incorporant de mani\u00e8re transparente les ic\u00f4nes personnalis\u00e9es, et bien plus encore. Sans l&rsquo;ombre d&rsquo;un doute, Ipanorama 360 est sans \u00e9quivoque la solution par excellence pour une vaste gamme de professionnels tels que des entreprises, des agents immobiliers, des photographes, des blogueurs de voyage et d&rsquo;innombrables autres personnes qui souhaitent pr\u00e9senter leurs produits et services in\u00e9gal\u00e9s dans un insens\u00e9 et in\u00e9gal\u00e9 et in\u00e9gal mani\u00e8re profond\u00e9ment immersive qui est distincte des autres.<\/p>\n<ul>\n<li>Cr\u00e9ez de superbes visites virtuelles \u00e0 360 degr\u00e9s sur votre site Web WordPress.<\/li>\n<li>Aucune comp\u00e9tence de codage requise, interface de glisser-d\u00e9poser et de d\u00e9pression conviviale.<\/li>\n<li>Fonctionne parfaitement avec n&rsquo;importe quel th\u00e8me WordPress et peut \u00eatre personnalis\u00e9 pour correspondre \u00e0 votre marque.<\/li>\n<li>Ajoutez des \u00e9l\u00e9ments interactifs tels que des points chauds, des vid\u00e9os et des images pour am\u00e9liorer l&rsquo;exp\u00e9rience utilisateur.<\/li>\n<li>Des visites enti\u00e8rement r\u00e9actives et conviviales qui peuvent \u00eatre visualis\u00e9es sur n&rsquo;importe quel appareil.<\/li>\n<li>Int\u00e9gations disponibles avec Google Maps et Google Street View.<\/li>\n<li>Des fonctionnalit\u00e9s avanc\u00e9es telles que le suivi des analyses et les formulaires de g\u00e9n\u00e9ration de leads pour capturer les clients potentiels.<\/li>\n<li>Option d&rsquo;int\u00e9grer des visites virtuelles sur des plates-formes externes telles que Facebook et Instagram.<\/li>\n<li>Prise en charge et mises \u00e0 jour propos\u00e9es pour s&rsquo;assurer que les derni\u00e8res technologies sont toujours disponibles pour les utilisateurs.<\/li>\n<\/ul>\n","protected":false},"excerpt":{"rendered":"<p>IPANORAMA 360 Virtual Tour Builder for WordPress est un plugin remarquablement convivial et extr\u00eamement puissant qui vous accorde la possibilit\u00e9 de fa\u00e7onner des visites virtuelles \u00e9tonnantes \u00e0 360 degr\u00e9s pour votre site Web. Cet outil exceptionnel vous permet de faire \u00e9talage de votre emplacement, de vos produits ou de vos services d&rsquo;une mani\u00e8re extr\u00eamement interactive et profond\u00e9ment immersive, vous permettant de captiver votre public et d&rsquo;augmenter votre entreprise en ligne. Le plugin est rempli d&rsquo;une vaste gamme de fonctionnalit\u00e9s, englobant une interface glisser-d\u00e9poser, des options de marque personnalisables, un support multim\u00e9dia et une pl\u00e9thore d&rsquo;autres fonctionnalit\u00e9s, ce qui en fait une solution id\u00e9ale pour les photographes, les agents immobiliers, les designers d&rsquo;int\u00e9rieur et Quiconque aspire \u00e0 cr\u00e9er des visites virtuelles exp\u00e9dintes et de premier ordre avec une facilit\u00e9 et une empressement remarquables. Par cons\u00e9quent, si vous aspirez \u00e0 \u00e9lever votre site Web \u00e0 des hauteurs sans pr\u00e9c\u00e9dent et \u00e0 offrir \u00e0 vos visiteurs une exp\u00e9rience ind\u00e9l\u00e9bile et in\u00e9gal\u00e9e, le constructeur de visites virtuels d&rsquo;Ipanorama 360 pour WordPress appara\u00eet comme le choix par excellence.<\/p>\n","protected":false},"featured_media":144246,"comment_status":"open","ping_status":"closed","template":"","meta":[],"product_brand":[2435],"product_cat":[1189,1181,1186],"product_tag":[1231],"class_list":{"0":"post-113202","1":"product","2":"type-product","3":"status-publish","4":"has-post-thumbnail","6":"product_brand-codecanyon","7":"product_cat-personnalisation","8":"product_cat-plugins","9":"product_cat-wordpress-plugins","10":"product_tag-codecanyon","11":"member-discount","12":"discount-restricted","14":"first","15":"instock","16":"sale","17":"downloadable","18":"virtual","19":"sold-individually","20":"purchasable","21":"product-type-simple"},"_links":{"self":[{"href":"https:\/\/gpl-love.com\/fr\/wp-json\/wp\/v2\/product\/113202","targetHints":{"allow":["GET"]}}],"collection":[{"href":"https:\/\/gpl-love.com\/fr\/wp-json\/wp\/v2\/product"}],"about":[{"href":"https:\/\/gpl-love.com\/fr\/wp-json\/wp\/v2\/types\/product"}],"replies":[{"embeddable":true,"href":"https:\/\/gpl-love.com\/fr\/wp-json\/wp\/v2\/comments?post=113202"}],"wp:featuredmedia":[{"embeddable":true,"href":"https:\/\/gpl-love.com\/fr\/wp-json\/wp\/v2\/media\/144246"}],"wp:attachment":[{"href":"https:\/\/gpl-love.com\/fr\/wp-json\/wp\/v2\/media?parent=113202"}],"wp:term":[{"taxonomy":"product_brand","embeddable":true,"href":"https:\/\/gpl-love.com\/fr\/wp-json\/wp\/v2\/product_brand?post=113202"},{"taxonomy":"product_cat","embeddable":true,"href":"https:\/\/gpl-love.com\/fr\/wp-json\/wp\/v2\/product_cat?post=113202"},{"taxonomy":"product_tag","embeddable":true,"href":"https:\/\/gpl-love.com\/fr\/wp-json\/wp\/v2\/product_tag?post=113202"}],"curies":[{"name":"wp","href":"https:\/\/api.w.org\/{rel}","templated":true}]}}