{"id":113200,"date":"2026-04-16T00:00:00","date_gmt":"2026-04-15T22:00:00","guid":{"rendered":"http:\/\/gpl-love.com\/fr\/produit\/betterdocs-pro-accelerate-the-power-of-knowledge-base\/"},"modified":"2026-04-17T00:30:24","modified_gmt":"2026-04-16T22:30:24","slug":"betterdocs-pro-accelerate-the-power-of-knowledge-base","status":"publish","type":"product","link":"https:\/\/gpl-love.com\/fr\/produit\/betterdocs-pro-accelerate-the-power-of-knowledge-base\/","title":{"rendered":"BetterDocs Pro Accelerate The Power Of Knowledge Base 3.7.1"},"content":{"rendered":"<h3>BetterDocs Pro Accelerate The Power Of Knowledge Base Traits<\/h3>\n<p>Le BetterDocs Pro Accelerate est un outil incroyablement robuste et dynamique qui sert \u00e0 augmenter les capacit\u00e9s des bases de connaissances. Il poss\u00e8de une pl\u00e9thore de fonctionnalit\u00e9s qui non seulement rationalisent mais am\u00e9liorent \u00e9galement le processus de documentation, simplifiant et acc\u00e9l\u00e9rant ainsi la cr\u00e9ation, la gestion et la diffusion d&rsquo;informations. BetterDocs Pro permet aux utilisateurs de cr\u00e9er des bases de connaissances visuellement \u00e9tonnantes et exceptionnellement conviviales qui sont enti\u00e8rement optimis\u00e9es pour les moteurs de recherche, ce qui entra\u00eene une exp\u00e9rience client am\u00e9lior\u00e9e. De plus, cet outil englobe des capacit\u00e9s d&rsquo;analyse sophistiqu\u00e9es, offrant aux utilisateurs la possibilit\u00e9 de suivre m\u00e9ticuleusement les mod\u00e8les d&rsquo;utilisation, d&rsquo;identifier un contenu tr\u00e8s recherch\u00e9 et de prendre des d\u00e9cisions inform\u00e9es des donn\u00e9es visant \u00e0 renforcer leur base de connaissances. Par cons\u00e9quent, il est clairement clair que l&rsquo;utilit\u00e9 indispensable de Betterdocs Pro acc\u00e9l\u00e9rer est \u00e9vidente et r\u00e9sonne avec quiconque d\u00e9sire \u00e9lever le statut de leur base de connaissances \u00e0 des hauteurs sans pr\u00e9c\u00e9dent.<\/p>\n<ul>\n<li>Am\u00e9lioration de la productivit\u00e9 et de l&rsquo;efficacit\u00e9 en fournissant les connaissances \u00e0 port\u00e9e de main<\/li>\n<li>Acc\u00e8s plus rapide et plus facile aux informations pertinentes \u00e0 l&rsquo;aide de la fonction de recherche et de filtrage<\/li>\n<li>Options de conception et de marque personnalisables pour correspondre \u00e0 l&rsquo;apparence et \u00e0 la sensation de votre site Web<\/li>\n<li>Analyse int\u00e9gr\u00e9e pour suivre le comportement des utilisateurs et optimiser votre base de connaissances pour la meilleure exp\u00e9rience utilisateur<\/li>\n<li>Gestion de l&rsquo;autorisation avanc\u00e9e pour contr\u00f4ler l&rsquo;acc\u00e8s et assurer la s\u00e9curit\u00e9 de vos informations<\/li>\n<li>Historique de contr\u00f4le de la version du contenu et de r\u00e9vision pour g\u00e9rer facilement les modifications et les mises \u00e0 jour<\/li>\n<li>Int\u00e9gration transparente avec des th\u00e8mes WordPress populaires et des constructeurs de pages<\/li>\n<li>Excellent support client et mises \u00e0 jour r\u00e9guli\u00e8res pour assurer les meilleures performances et l&rsquo;exp\u00e9rience utilisateur.<\/li>\n<\/ul>\n","protected":false},"excerpt":{"rendered":"<p>D\u00e9couvrez un niveau d&rsquo;efficacit\u00e9 in\u00e9gal\u00e9 avec BetterDocs Pro, con\u00e7u pour acc\u00e9l\u00e9rer la puissance de votre base de connaissances. Cette version premium offre des avantages complets qui rationalisent votre flux de travail et am\u00e9liorent votre productivit\u00e9. BetterDocs Pro r\u00e9volutionne la fa\u00e7on dont vous g\u00e9rez votre documentation, avec une interface intuitive et des outils avanc\u00e9s qui font de chaque t\u00e2che un jeu d&rsquo;enfant. Profitez de la puissance des r\u00e9ponses instantan\u00e9es, de la commodit\u00e9 de la recherche avanc\u00e9e en direct et de la simplicit\u00e9 des fonctionnalit\u00e9s de glisser-d\u00e9poser. Avec BetterDocs Pro, votre base de connaissances sera non seulement un r\u00e9f\u00e9rentiel d&rsquo;informations, mais un outil dynamique qui habilite votre \u00e9quipe et satisfait vos clients. Mettez \u00e0 niveau vers BetterDocs Pro et exp\u00e9rimentez la diff\u00e9rence aujourd&rsquo;hui.<\/p>\n","protected":false},"featured_media":143235,"comment_status":"open","ping_status":"closed","template":"","meta":[],"product_brand":[2471],"product_cat":[1189,1181,1186],"product_tag":[1826],"class_list":{"0":"post-113200","1":"product","2":"type-product","3":"status-publish","4":"has-post-thumbnail","6":"product_brand-wp-developer","7":"product_cat-personnalisation","8":"product_cat-plugins","9":"product_cat-wordpress-plugins","10":"product_tag-wp-developer","11":"member-discount","12":"discount-restricted","14":"first","15":"instock","16":"sale","17":"downloadable","18":"virtual","19":"sold-individually","20":"purchasable","21":"product-type-simple"},"_links":{"self":[{"href":"https:\/\/gpl-love.com\/fr\/wp-json\/wp\/v2\/product\/113200","targetHints":{"allow":["GET"]}}],"collection":[{"href":"https:\/\/gpl-love.com\/fr\/wp-json\/wp\/v2\/product"}],"about":[{"href":"https:\/\/gpl-love.com\/fr\/wp-json\/wp\/v2\/types\/product"}],"replies":[{"embeddable":true,"href":"https:\/\/gpl-love.com\/fr\/wp-json\/wp\/v2\/comments?post=113200"}],"wp:featuredmedia":[{"embeddable":true,"href":"https:\/\/gpl-love.com\/fr\/wp-json\/wp\/v2\/media\/143235"}],"wp:attachment":[{"href":"https:\/\/gpl-love.com\/fr\/wp-json\/wp\/v2\/media?parent=113200"}],"wp:term":[{"taxonomy":"product_brand","embeddable":true,"href":"https:\/\/gpl-love.com\/fr\/wp-json\/wp\/v2\/product_brand?post=113200"},{"taxonomy":"product_cat","embeddable":true,"href":"https:\/\/gpl-love.com\/fr\/wp-json\/wp\/v2\/product_cat?post=113200"},{"taxonomy":"product_tag","embeddable":true,"href":"https:\/\/gpl-love.com\/fr\/wp-json\/wp\/v2\/product_tag?post=113200"}],"curies":[{"name":"wp","href":"https:\/\/api.w.org\/{rel}","templated":true}]}}