{"id":113199,"date":"2026-04-18T00:00:00","date_gmt":"2026-04-17T22:00:00","guid":{"rendered":"http:\/\/gpl-love.com\/fr\/produit\/b2bking-the-ultimate-woocommerce-b2b-and-wholesale-plugin\/"},"modified":"2026-04-19T00:30:17","modified_gmt":"2026-04-18T22:30:17","slug":"b2bking-the-ultimate-woocommerce-b2b-and-wholesale-plugin","status":"publish","type":"product","link":"https:\/\/gpl-love.com\/fr\/produit\/b2bking-the-ultimate-woocommerce-b2b-and-wholesale-plugin\/","title":{"rendered":"B2BKing The Ultimate WooCommerce B2B et Wholesale Plugin 5.5.40"},"content":{"rendered":"<h3>B2BKing The Ultimate WooCommerce B2B et Wholesale Plugin Traits<\/h3>\n<p>B2Bking, une solution tr\u00e8s sophistiqu\u00e9e et compl\u00e8te adapt\u00e9e sp\u00e9cifiquement aux entreprises WooCommerce B2B et en gros, se pr\u00e9sente comme la r\u00e9ponse ultime aux d\u00e9fis complexes rencontr\u00e9s dans le domaine de la vente de produits \u00e0 d&rsquo;autres entreprises. Son plugin global qui englobe offre une approche transparente pour simplifier le processus autrement compliqu\u00e9. En mettant en \u0153uvre B2Bking dans votre cadre commercial, vous gagnez la possibilit\u00e9 de naviguer sans effort dans divers aspects essentiels tels que la gestion des prix, les formulaires de commande, les groupes de clients, les champs d&rsquo;enregistrement personnalis\u00e9s et une pl\u00e9thore d&rsquo;autres fonctionnalit\u00e9s avantageuses. De plus, cet outil remarquable vous donne la possibilit\u00e9 d&rsquo;\u00e9tablir des structures de prix distinctes personnalis\u00e9es pour diff\u00e9rents groupes de clients tout en vous permettant simultan\u00e9ment de r\u00e9guler efficacement leur acc\u00e8s \u00e0 des produits sp\u00e9cifiques. Le plugin poss\u00e8de \u00e9galement un tableau de fonctionnalit\u00e9s avanc\u00e9es, notamment, des demandes de devis, des capacit\u00e9s de n\u00e9gociation et des options de tarification \u00e0 plusieurs niveaux. Avec B2Bking int\u00e9gr\u00e9 de mani\u00e8re transparente dans vos op\u00e9rations, vous pourrez rationaliser vos efforts en gros, amplifier consid\u00e9rablement vos chiffres de vente et finalement cultiver une exp\u00e9rience client in\u00e9gal\u00e9e.<\/p>\n<ul>\n<li>Permet la fonctionnalit\u00e9 en gros et B2B sur votre site Web WooCommerce<\/li>\n<li>Prend en charge plusieurs r\u00f4les utilisateur et niveaux de tarification pour diff\u00e9rents groupes de clients<\/li>\n<li>Permet les m\u00e9thodes de paiement et d&rsquo;exp\u00e9dition personnalis\u00e9es pour diff\u00e9rents groupes de clients<\/li>\n<li>Offre un processus d&rsquo;inscription et d&rsquo;approbation personnalisable pour les clients B2B<\/li>\n<li>Comprend des fonctionnalit\u00e9s pour les quantit\u00e9s de commande minimales, les r\u00e9ductions de volume de commande et les structures de tarification \u00e0 plusieurs niveaux<\/li>\n<li>Fournit une visibilit\u00e9 avanc\u00e9e et des options de gestion des catalogues pour diff\u00e9rents types de clients<\/li>\n<li>Offre des options pour les exon\u00e9rations fiscales et la manipulation de la TVA pour les clients B2B<\/li>\n<li>Permet la messagerie personnalis\u00e9e et les notifications par e-mail pour les clients B2B et les statuts de commande<\/li>\n<li>Offre des outils de rapport et d&rsquo;analyse complets pour le suivi des performances des ventes B2B.<\/li>\n<\/ul>\n","protected":false},"excerpt":{"rendered":"<p>D\u00e9couvrez la puissance de B2Bking, le plugin ultime WooCommerce B2B et le plugin en gros con\u00e7u pour rationaliser vos op\u00e9rations commerciales. Notre plugin avanc\u00e9 est un outil essentiel pour toute entreprise qui cherche \u00e0 am\u00e9liorer leurs op\u00e9rations B2B et en gros. B2Bking apporte une multitude d&rsquo;avantages, offrant une suite compl\u00e8te de fonctionnalit\u00e9s pour r\u00e9pondre aux besoins uniques des entreprises B2B, en gros et hybrides.<\/p>\n<p>De la cr\u00e9ation de r\u00e8gles dynamiques pour les prix, les taxes et l&rsquo;exp\u00e9dition \u00e0 la gestion des formulaires d&rsquo;enregistrement B2B complexes, B2Bking couvre tout. Il propose des structures de tarification \u00e0 plusieurs niveaux, des champs de facturation personnalis\u00e9s et la possibilit\u00e9 de masquer les prix pour les utilisateurs invit\u00e9s afin de maintenir votre exclusivit\u00e9 B2B.<\/p>\n<p>Avec B2Bking, vous pouvez offrir une exp\u00e9rience d&rsquo;achat transparente \u00e0 vos clients de gros en int\u00e9grant des demandes de devis et des conversations directement dans l&rsquo;environnement de commerce \u00e9lectronique. De plus, vous pouvez contr\u00f4ler la visibilit\u00e9 des produits en fonction des r\u00f4les des utilisateurs et des abonnements de groupe, offrant une exp\u00e9rience personnalis\u00e9e \u00e0 vos clients.<\/p>\n<p>B2Bking propose \u00e9galement un ensemble complet<\/p>\n","protected":false},"featured_media":143214,"comment_status":"open","ping_status":"closed","template":"","meta":[],"product_brand":[2435],"product_cat":[1182,1223,1181],"product_tag":[1231],"class_list":{"0":"post-113199","1":"product","2":"type-product","3":"status-publish","4":"has-post-thumbnail","6":"product_brand-codecanyon","7":"product_cat-commerce-electronique-plugins","8":"product_cat-personnalisation-commerce-electronique-plugins","9":"product_cat-plugins","10":"product_tag-codecanyon","11":"member-discount","12":"discount-restricted","14":"first","15":"instock","16":"sale","17":"downloadable","18":"virtual","19":"sold-individually","20":"purchasable","21":"product-type-simple"},"_links":{"self":[{"href":"https:\/\/gpl-love.com\/fr\/wp-json\/wp\/v2\/product\/113199","targetHints":{"allow":["GET"]}}],"collection":[{"href":"https:\/\/gpl-love.com\/fr\/wp-json\/wp\/v2\/product"}],"about":[{"href":"https:\/\/gpl-love.com\/fr\/wp-json\/wp\/v2\/types\/product"}],"replies":[{"embeddable":true,"href":"https:\/\/gpl-love.com\/fr\/wp-json\/wp\/v2\/comments?post=113199"}],"wp:featuredmedia":[{"embeddable":true,"href":"https:\/\/gpl-love.com\/fr\/wp-json\/wp\/v2\/media\/143214"}],"wp:attachment":[{"href":"https:\/\/gpl-love.com\/fr\/wp-json\/wp\/v2\/media?parent=113199"}],"wp:term":[{"taxonomy":"product_brand","embeddable":true,"href":"https:\/\/gpl-love.com\/fr\/wp-json\/wp\/v2\/product_brand?post=113199"},{"taxonomy":"product_cat","embeddable":true,"href":"https:\/\/gpl-love.com\/fr\/wp-json\/wp\/v2\/product_cat?post=113199"},{"taxonomy":"product_tag","embeddable":true,"href":"https:\/\/gpl-love.com\/fr\/wp-json\/wp\/v2\/product_tag?post=113199"}],"curies":[{"name":"wp","href":"https:\/\/api.w.org\/{rel}","templated":true}]}}