{"id":113198,"date":"2022-03-28T00:00:00","date_gmt":"2022-03-27T22:00:00","guid":{"rendered":"http:\/\/gpl-love.com\/fr\/produit\/master-popups-plugin-for-wordpress\/"},"modified":"2026-03-20T23:23:51","modified_gmt":"2026-03-20T22:23:51","slug":"master-popups-plugin-for-wordpress","status":"publish","type":"product","link":"https:\/\/gpl-love.com\/fr\/produit\/master-popups-plugin-for-wordpress\/","title":{"rendered":"Master Popups Plugin pour WordPress 3.8.5"},"content":{"rendered":"<h3>Master Popups Plugin pour WordPress Traits<\/h3>\n<p>Le Plugin Master Popups pour WordPress est un outil extr\u00eamement robuste qui vous donne la capacit\u00e9 de fabriquer des popups extr\u00eamement captivants et immersifs pour votre site Web. Ce plugin exceptionnel fournit une vaste gamme de mod\u00e8les et de choix de personnalisation, facilitant la cr\u00e9ation de popups pour la g\u00e9n\u00e9ration de leads, les abonnements \u00e0 newsletter, les offres sp\u00e9ciales et une pl\u00e9thore d&rsquo;autres fins. La nature conviviale du plugin est illustr\u00e9e par son constructeur de glisser-d\u00e9poser accompagn\u00e9, rendant la construction des popups souhait\u00e9s une entreprise sans effort qui peut \u00eatre accomplie en quelques minutes, m\u00eame en l&rsquo;absence de toute expertise de codage. En outre, il poss\u00e8de des options de ciblage tr\u00e8s sophistiqu\u00e9es qui vous permettent de montrer pr\u00e9cis\u00e9ment vos popups au public appropri\u00e9 pendant les moments les plus opportuns. Que votre objectif implique d&rsquo;augmenter votre liste de diffusion ou d&rsquo;amplifier vos ventes, le plugin Master Popups est un outil indispensable pour tout propri\u00e9taire de site Web WordPress qui aspire \u00e0 am\u00e9liorer leurs taux de conversion.<\/p>\n<ul>\n<li>Cr\u00e9ez de belles popups sur votre site WordPress sans codage de connaissances<\/li>\n<li>Choisissez parmi une vari\u00e9t\u00e9 de mod\u00e8les pr\u00e9-con\u00e7us ou cr\u00e9ez vos propres fen\u00eatres personnalis\u00e9es<\/li>\n<li>Afficher les fen\u00eatres contextuelles \u00e0 des moments pr\u00e9cis comme lorsqu&rsquo;un utilisateur est sur le point de quitter la page ou apr\u00e8s un certain temps<\/li>\n<li>Augmentez les conversions en offrant des rabais ou des offres via vos popups<\/li>\n<li>Int\u00e9grez aux services de marketing par e-mail populaires pour capturer les informations des utilisateurs et d\u00e9velopper votre liste de diffusion<\/li>\n<li>Contr\u00f4lez le comportement des fen\u00eatres popup<\/li>\n<li>Utilisez l&rsquo;analyse pour suivre les performances de vos fen\u00eatres contextuelles et optimiser pour de meilleurs r\u00e9sultats<\/li>\n<li>Profitez d&rsquo;une interface r\u00e9active et conviviale pour une personnalisation et une gestion faciles de vos fen\u00eatres contextuelles.<\/li>\n<\/ul>\n","protected":false},"excerpt":{"rendered":"<p>Le plugin Popups Master, un outil incroyablement robuste sp\u00e9cialement con\u00e7u pour WordPress, offre aux utilisateurs la possibilit\u00e9 de g\u00e9n\u00e9rer sans effort des fen\u00eatres contextuelles visuellement, des formulaires d&rsquo;opt-in et des fen\u00eatres contextuelles de sortie. En utilisant son constructeur de glisser-d\u00e9poser tr\u00e8s intuitif, les individus sont autoris\u00e9s \u00e0 adapter sans effort leurs popups pour captiver et engager les visiteurs de leur site Web, ce qui entra\u00eene finalement des conversions accrues. Cette ressource inestimable peut \u00eatre exploit\u00e9e pour cultiver efficacement une liste de diffusion \u00e9largie, mettre en \u00e9vidence et amplifier les promotions, ainsi que pour faire conna\u00eetre les \u00e9v\u00e9nements de vente \u00e0 venir. De plus, ce plugin exceptionnel poss\u00e8de une vaste gamme d&rsquo;options de ciblage et de d\u00e9clenchement, garantissant que les fen\u00eatres g\u00e9n\u00e9r\u00e9es atteignent et r\u00e9sonnent efficacement avec le public pr\u00e9vu, pr\u00e9cis\u00e9ment lorsqu&rsquo;ils sont les plus r\u00e9ceptifs. Avec le plugin Master Popups \u00e0 votre disposition, vous \u00e9l\u00e8verez sans aucun doute les strat\u00e9gies de marketing de votre site Web \u00e0 des hauteurs sans pr\u00e9c\u00e9dent.<\/p>\n","protected":false},"featured_media":144464,"comment_status":"open","ping_status":"closed","template":"","meta":[],"product_brand":[2435],"product_cat":[1207,1181,1186],"product_tag":[1231],"class_list":{"0":"post-113198","1":"product","2":"type-product","3":"status-publish","4":"has-post-thumbnail","6":"product_brand-codecanyon","7":"product_cat-commercialisation-wordpress-plugins","8":"product_cat-plugins","9":"product_cat-wordpress-plugins","10":"product_tag-codecanyon","11":"member-discount","12":"discount-restricted","14":"first","15":"instock","16":"sale","17":"downloadable","18":"virtual","19":"sold-individually","20":"purchasable","21":"product-type-simple"},"_links":{"self":[{"href":"https:\/\/gpl-love.com\/fr\/wp-json\/wp\/v2\/product\/113198","targetHints":{"allow":["GET"]}}],"collection":[{"href":"https:\/\/gpl-love.com\/fr\/wp-json\/wp\/v2\/product"}],"about":[{"href":"https:\/\/gpl-love.com\/fr\/wp-json\/wp\/v2\/types\/product"}],"replies":[{"embeddable":true,"href":"https:\/\/gpl-love.com\/fr\/wp-json\/wp\/v2\/comments?post=113198"}],"wp:featuredmedia":[{"embeddable":true,"href":"https:\/\/gpl-love.com\/fr\/wp-json\/wp\/v2\/media\/144464"}],"wp:attachment":[{"href":"https:\/\/gpl-love.com\/fr\/wp-json\/wp\/v2\/media?parent=113198"}],"wp:term":[{"taxonomy":"product_brand","embeddable":true,"href":"https:\/\/gpl-love.com\/fr\/wp-json\/wp\/v2\/product_brand?post=113198"},{"taxonomy":"product_cat","embeddable":true,"href":"https:\/\/gpl-love.com\/fr\/wp-json\/wp\/v2\/product_cat?post=113198"},{"taxonomy":"product_tag","embeddable":true,"href":"https:\/\/gpl-love.com\/fr\/wp-json\/wp\/v2\/product_tag?post=113198"}],"curies":[{"name":"wp","href":"https:\/\/api.w.org\/{rel}","templated":true}]}}