{"id":113197,"date":"2024-01-06T00:00:00","date_gmt":"2024-01-05T23:00:00","guid":{"rendered":"http:\/\/gpl-love.com\/fr\/produit\/anon-multipurpose-elementor-woocommerce-themes\/"},"modified":"2026-03-20T22:54:43","modified_gmt":"2026-03-20T21:54:43","slug":"anon-multipurpose-elementor-woocommerce-themes","status":"publish","type":"product","link":"https:\/\/gpl-love.com\/fr\/produit\/anon-multipurpose-elementor-woocommerce-themes\/","title":{"rendered":"Anon Multipurpose Elementor WooCommerce Themes 2.2.10"},"content":{"rendered":"<h3>Anon Multipurpose Elementor WooCommerce Themes Traits<\/h3>\n<p>Le th\u00e8me WooCommerce multipurpose Anon, r\u00e9put\u00e9 pour sa robustesse et sa polyvalence inh\u00e9rentes, s&rsquo;av\u00e8re \u00eatre une solution impeccable et globale pour toute entreprise de commerce \u00e9lectronique. Notamment, ce th\u00e8me poss\u00e8de une pl\u00e9thore de caract\u00e9ristiques et de fonctionnalit\u00e9s exquises qui sont m\u00e9ticuleusement adapt\u00e9es pour vous aider \u00e0 fa\u00e7onner la boutique en ligne la plus id\u00e9aliste imaginable. En vertu du Builder de Page Elementor, vous \u00eates accord\u00e9 \u00e0 la capacit\u00e9 extraordinaire d&rsquo;adapter sans effort votre site Web pour s&rsquo;aligner impeccablement avec vos exigences sp\u00e9cifiques et vos inclinations personnelles. En outre, ce th\u00e8me est compatible parfaitement avec WooCommerce, vous permettant ainsi d&rsquo;administrer sans effort votre \u00e9ventail de produits, de commandes et de paiements. Peu importe que vous vendiez des marchandises tangibles ou intangibles, soyez assur\u00e9 que le th\u00e8me polyvalent Anon est un choix exemplaire pour toute entreprise en ligne. Son design immacul\u00e9 et contemporain, associ\u00e9 \u00e0 sa r\u00e9activit\u00e9 in\u00e9gal\u00e9e et \u00e0 son vaste \u00e9ventail d&rsquo;options de personnalisation, vous permet de manifester une plate-forme de commerce \u00e9lectronique qui d\u00e9gage sans effort le professionnalisme et captive les clients, favorisant finalement la fid\u00e9lit\u00e9 et la r\u00e9tention des clients.<\/p>\n<ul>\n<li>Parfait pour une utilisation polyvalente, y compris les sites Web de commerce \u00e9lectronique<\/li>\n<li>Construit avec le constructeur de pages glisser-d\u00e9poser Elementor<\/li>\n<li>Enti\u00e8rement personnalisable pour s&rsquo;adapter au style et \u00e0 l&rsquo;esth\u00e9tiques uniques de votre marque<\/li>\n<li>La conception r\u00e9active garantit une exp\u00e9rience transparente sur le bureau et les appareils mobiles<\/li>\n<li>S&rsquo;int\u00e8gre facilement \u00e0 WooCommerce pour cr\u00e9er une boutique en ligne rationalis\u00e9e<\/li>\n<li>Comprend des mod\u00e8les pr\u00e9-con\u00e7us pour une configuration et une personnalisation faciles<\/li>\n<li>Optimis\u00e9 pour la vitesse et le r\u00e9f\u00e9rencement<\/li>\n<li>R\u00e9guli\u00e8rement mis \u00e0 jour avec de nouvelles fonctionnalit\u00e9s et correctifs<\/li>\n<li>Assistance professionnelle et documentation disponibles<\/li>\n<li>Achat unique sans frais r\u00e9currents<\/li>\n<\/ul>\n","protected":false},"excerpt":{"rendered":"<p>Anon est un th\u00e8me WooCommerce polyvalent et haute performance qui s&rsquo;int\u00e8gre parfaitement \u00e0 Elementor, un g\u00e9n\u00e9rateur de page WordPress populaire. Parfait pour toute boutique ou entreprise en ligne, Anon propose une large gamme d&rsquo;options de personnalisation, vous permettant de cr\u00e9er un site unique et professionnel sans avoir besoin de comp\u00e9tences de codage. L&rsquo;int\u00e9gration WooCommerce d&rsquo;Anon garantit une exp\u00e9rience d&rsquo;achat fluide pour vos clients, avec des fonctionnalit\u00e9s int\u00e9gr\u00e9es telles qu&rsquo;un processus de paiement convivial, des passerelles de paiement s\u00e9curis\u00e9es et des galeries de produits compl\u00e8tes. Avec Elementor, vous pouvez facilement concevoir de superbes pages Web avec ses fonctionnalit\u00e9s de glisser-d\u00e9poser, ajoutant une touche personnelle \u00e0 votre boutique en ligne. La conception r\u00e9active d&rsquo;Anon garantit une exp\u00e9rience de visualisation optimale sur tous les appareils, tandis que sa structure adapt\u00e9e au r\u00e9f\u00e9rencement stimule la visibilit\u00e9 de votre site sur les moteurs de recherche. Mettez \u00e0 niveau votre pr\u00e9sence en ligne avec des th\u00e8mes WooCommerce Anon Multipurpose Elementor aujourd&rsquo;hui.<\/p>\n","protected":false},"featured_media":143137,"comment_status":"open","ping_status":"closed","template":"","meta":[],"product_brand":[2433],"product_cat":[1238,1444,1212],"product_tag":[1366],"class_list":{"0":"post-113197","1":"product","2":"type-product","3":"status-publish","4":"has-post-thumbnail","6":"product_brand-themeforest","7":"product_cat-commerce-electronique-themes","8":"product_cat-creatif-commerce-electronique-themes","9":"product_cat-themes","10":"product_tag-themeforest","11":"member-discount","12":"discount-restricted","14":"first","15":"instock","16":"sale","17":"downloadable","18":"virtual","19":"sold-individually","20":"purchasable","21":"product-type-simple"},"_links":{"self":[{"href":"https:\/\/gpl-love.com\/fr\/wp-json\/wp\/v2\/product\/113197","targetHints":{"allow":["GET"]}}],"collection":[{"href":"https:\/\/gpl-love.com\/fr\/wp-json\/wp\/v2\/product"}],"about":[{"href":"https:\/\/gpl-love.com\/fr\/wp-json\/wp\/v2\/types\/product"}],"replies":[{"embeddable":true,"href":"https:\/\/gpl-love.com\/fr\/wp-json\/wp\/v2\/comments?post=113197"}],"wp:featuredmedia":[{"embeddable":true,"href":"https:\/\/gpl-love.com\/fr\/wp-json\/wp\/v2\/media\/143137"}],"wp:attachment":[{"href":"https:\/\/gpl-love.com\/fr\/wp-json\/wp\/v2\/media?parent=113197"}],"wp:term":[{"taxonomy":"product_brand","embeddable":true,"href":"https:\/\/gpl-love.com\/fr\/wp-json\/wp\/v2\/product_brand?post=113197"},{"taxonomy":"product_cat","embeddable":true,"href":"https:\/\/gpl-love.com\/fr\/wp-json\/wp\/v2\/product_cat?post=113197"},{"taxonomy":"product_tag","embeddable":true,"href":"https:\/\/gpl-love.com\/fr\/wp-json\/wp\/v2\/product_tag?post=113197"}],"curies":[{"name":"wp","href":"https:\/\/api.w.org\/{rel}","templated":true}]}}