{"id":113196,"date":"2026-01-23T00:00:00","date_gmt":"2026-01-22T23:00:00","guid":{"rendered":"http:\/\/gpl-love.com\/fr\/produit\/pretty-links-pro-wordpress-url-shortener-plugin\/"},"modified":"2026-04-10T18:36:59","modified_gmt":"2026-04-10T16:36:59","slug":"pretty-links-pro-wordpress-url-shortener-plugin","status":"publish","type":"product","link":"https:\/\/gpl-love.com\/fr\/produit\/pretty-links-pro-wordpress-url-shortener-plugin\/","title":{"rendered":"Pretty Links Pro WordPress URL Shortener Plugin 3.6.21"},"content":{"rendered":"<h3>Pretty Links Pro WordPress URL Shortener Plugin Traits<\/h3>\n<p>Pretty Links Pro est un plugin de raccourcissement URL exceptionnellement robuste exclusivement con\u00e7u pour WordPress. Ce plugin permet aux utilisateurs de g\u00e9n\u00e9rer sans effort des liens concises et faciles \u00e0 penser pour leurs sites Web. Offrant une myriade de fonctionnalit\u00e9s avanc\u00e9es, les utilisateurs peuvent surveiller et examiner efficacement les performances de leurs liens, les optimiser pour am\u00e9liorer l&rsquo;optimisation des moteurs de recherche (SEO) et m\u00eame fabriquer des liens de marque sur mesure. De plus, ce plugin pr\u00e9sente une interface remarquablement conviviale, permettant aux utilisateurs de cr\u00e9er et de g\u00e9rer sans effort des liens. De plus, il poss\u00e8de une vaste gamme d&rsquo;options de personnalisation, garantissant qu&rsquo;il r\u00e9pond aux diverses exigences de ses utilisateurs. Si vous supervisez un blog personnel ou un vaste site Web d&rsquo;entreprise, Pretty Links Pro sert d&rsquo;outil indispensable, facilitant l&rsquo;am\u00e9lioration de l&rsquo;exp\u00e9rience utilisateur de votre site Web et renforce la g\u00e9n\u00e9ration de trafic vers votre site estim\u00e9.<\/p>\n<ul>\n<li>Raccourcir sans effort les liens pour cr\u00e9er une apparence plus propre et plus professionnelle<\/li>\n<li>Trace les clics et afficher des analyses d\u00e9taill\u00e9es pour comprendre les performances de votre lien<\/li>\n<li>Cr\u00e9ez facilement des URL de marque personnalis\u00e9es qui refl\u00e8tent votre entreprise ou votre marque personnelle<\/li>\n<li>Cr\u00e9ez automatiquement des redirectes pour vos liens anciens ou obsol\u00e8tes pour maintenir l&rsquo;int\u00e9grit\u00e9 du site Web<\/li>\n<li>G\u00e9n\u00e9rer des codes QR pour vos liens raccourcis pour un partage facile sur les appareils mobiles<\/li>\n<li>Int\u00e9grer parfaitement avec d&rsquo;autres plugins et outils WordPress<\/li>\n<li>Recevoir des mises \u00e0 jour automatiques et un excellent support client de d\u00e9veloppeurs<\/li>\n<\/ul>\n","protected":false},"excerpt":{"rendered":"<p>Le plugin de raccourcissement URL de Pretty Links Pro WordPress s&rsquo;av\u00e8re \u00eatre un outil indispensable et fondamental pour les personnes cherchant \u00e0 optimiser et \u00e0 rationaliser le contenu de leurs sites Web, conduisant finalement \u00e0 une augmentation importante des clics. Ce plugin remarquablement robuste permet aux utilisateurs de g\u00e9n\u00e9rer sans effort des URL personnalis\u00e9s, de surveiller et d&rsquo;analyser avec pr\u00e9cision les taux et les conversions de clics et d&rsquo;administrer de mani\u00e8re transparente leurs liens d&rsquo;affiliation. B\u00e9n\u00e9ficiant d&rsquo;une interface extr\u00eamement polie et intuitive, Pretty Links Pro appara\u00eet comme l&rsquo;incarnation de la perfection pour les blogueurs, les sp\u00e9cialistes du marketing et les entreprises de diverses proportions. Par cons\u00e9quent, pourquoi tergiverser? Embarquez dans votre voyage aujourd&rsquo;hui et propulsez votre site Web \u00e0 des hauteurs de succ\u00e8s in\u00e9gal\u00e9es avec les capacit\u00e9s in\u00e9gal\u00e9es de Pretty Links Pro!<\/p>\n","protected":false},"featured_media":145018,"comment_status":"open","ping_status":"closed","template":"","meta":[],"product_brand":[2632],"product_cat":[1207,1181,1186],"product_tag":[1850],"class_list":{"0":"post-113196","1":"product","2":"type-product","3":"status-publish","4":"has-post-thumbnail","6":"product_brand-caseproof","7":"product_cat-commercialisation-wordpress-plugins","8":"product_cat-plugins","9":"product_cat-wordpress-plugins","10":"product_tag-caseproof","11":"member-discount","12":"discount-restricted","14":"first","15":"instock","16":"sale","17":"downloadable","18":"virtual","19":"sold-individually","20":"purchasable","21":"product-type-simple"},"_links":{"self":[{"href":"https:\/\/gpl-love.com\/fr\/wp-json\/wp\/v2\/product\/113196","targetHints":{"allow":["GET"]}}],"collection":[{"href":"https:\/\/gpl-love.com\/fr\/wp-json\/wp\/v2\/product"}],"about":[{"href":"https:\/\/gpl-love.com\/fr\/wp-json\/wp\/v2\/types\/product"}],"replies":[{"embeddable":true,"href":"https:\/\/gpl-love.com\/fr\/wp-json\/wp\/v2\/comments?post=113196"}],"wp:featuredmedia":[{"embeddable":true,"href":"https:\/\/gpl-love.com\/fr\/wp-json\/wp\/v2\/media\/145018"}],"wp:attachment":[{"href":"https:\/\/gpl-love.com\/fr\/wp-json\/wp\/v2\/media?parent=113196"}],"wp:term":[{"taxonomy":"product_brand","embeddable":true,"href":"https:\/\/gpl-love.com\/fr\/wp-json\/wp\/v2\/product_brand?post=113196"},{"taxonomy":"product_cat","embeddable":true,"href":"https:\/\/gpl-love.com\/fr\/wp-json\/wp\/v2\/product_cat?post=113196"},{"taxonomy":"product_tag","embeddable":true,"href":"https:\/\/gpl-love.com\/fr\/wp-json\/wp\/v2\/product_tag?post=113196"}],"curies":[{"name":"wp","href":"https:\/\/api.w.org\/{rel}","templated":true}]}}