{"id":113195,"date":"2026-04-18T00:00:00","date_gmt":"2026-04-17T22:00:00","guid":{"rendered":"http:\/\/gpl-love.com\/fr\/produit\/free-gifts-for-woocommerce\/"},"modified":"2026-04-19T00:30:32","modified_gmt":"2026-04-18T22:30:32","slug":"free-gifts-for-woocommerce","status":"publish","type":"product","link":"https:\/\/gpl-love.com\/fr\/produit\/free-gifts-for-woocommerce\/","title":{"rendered":"Free Gifts pour WooCommerce 13.1.0"},"content":{"rendered":"<h3>Free Gifts pour WooCommerce Traits<\/h3>\n<p>Les cadeaux gratuits pour le plugin WooCommerce sert d&rsquo;outil pr\u00e9cieux pour les propri\u00e9taires de magasins en ligne, les permettant de consacrer des cadeaux gratuits \u00e0 leurs clients estim\u00e9s comme un signe d&rsquo;appr\u00e9ciation pour leurs achats. Ce plugin remarquable sert de catalyseur aux entreprises pour assister \u00e0 une augmentation exponentielle de leurs chiffres de vente et \u00e0 la loyaut\u00e9 in\u00e9branlable de leur client\u00e8le, car elle incite inconditionnellement les acheteurs potentiels \u00e0 terminer leurs transactions. Ce plugin permet g\u00e9n\u00e9reusement au propri\u00e9taire du magasin de r\u00e9diger m\u00e9ticuleusement un ensemble de r\u00e9glementations r\u00e9gissant le d\u00e9caissement de ces offres compl\u00e9mentaires, que ce soit un seuil d&rsquo;achat minimum pr\u00e9d\u00e9fini ou les produits sp\u00e9cifiques inclus dans la transaction. En outre, le propri\u00e9taire du magasin a accord\u00e9 l&rsquo;autonomie pour d\u00e9cider si le cadeau se mat\u00e9rialise sous la forme d&rsquo;un article tangible ou d&rsquo;un code de r\u00e9duction inestimable. En plus de ces fonctionnalit\u00e9s impressionnantes, le plugin englobe une pl\u00e9thore d&rsquo;options de personnalisation pour le message cadeau et la conception, garantissant que chaque cadeau est une repr\u00e9sentation unique et esth\u00e9tique de la gratitude de l&rsquo;entreprise. En prime, l&rsquo;installation et l&rsquo;utilisation des cadeaux gratuits pour le plugin WooCommerce sont une brise absolue, garantissant ainsi que les entreprises de toutes tailles peuvent mettre en \u0153uvre de mani\u00e8re transparente un programme cadeau gratuit robuste et tr\u00e8s efficace qui augmenterait indubitablement l&rsquo;engagement client et, par cons\u00e9quent, l&rsquo;augmentation Les ventes figurent \u00e0 des hauteurs sans pr\u00e9c\u00e9dent.<\/p>\n<ul>\n<li>Ajoute la possibilit\u00e9 d&rsquo;offrir des cadeaux gratuits aux clients qui r\u00e9pondent \u00e0 certains crit\u00e8res d&rsquo;achat<\/li>\n<li>Processus de configuration facile avec des options intuitives pour configurer les r\u00e8gles et conditions des cadeaux<\/li>\n<li>Message cadeau personnalisable qui peut \u00eatre affich\u00e9 sur les pages de produits ou dans le panier<\/li>\n<li>Compatible avec les abonnements WooCommerce, permettant des cadeaux r\u00e9currents<\/li>\n<li>Prend en charge divers types de cadeaux, notamment des produits physiques, des produits num\u00e9riques et des remises<\/li>\n<li>Int\u00e9gration avec des passerelles de paiement populaires, comme PayPal et Stripe<\/li>\n<li>Flexibilit\u00e9 pour fixer des limites de cadeaux par client ou par commande pour \u00e9viter les abus<\/li>\n<li>Documentation compl\u00e8te et soutien pour aider \u00e0 tout probl\u00e8me ou questions<\/li>\n<li>Augmente la fid\u00e9lit\u00e9 des clients et encourage les ventes en incitant les achats plus importants<\/li>\n<li>Aucune expertise de codage ou technique requise pour utiliser le plugin.<\/li>\n<\/ul>\n","protected":false},"excerpt":{"rendered":"<p>L&rsquo;extension Free Gifts for WooCommerce offre une solution optimale aux e-commer\u00e7ants souhaitant fid\u00e9liser leurs clients et augmenter leurs ventes. Gr\u00e2ce \u00e0 elle, ils peuvent offrir des cadeaux \u00e0 leurs clients sous certaines conditions, comme l&rsquo;achat d&rsquo;un produit sp\u00e9cifique ou l&rsquo;atteinte d&rsquo;un certain montant d&rsquo;achats. Free Gifts for WooCommerce permet de cr\u00e9er et de personnaliser facilement ses offres de cadeaux, tout en suivant leur efficacit\u00e9 gr\u00e2ce \u00e0 des rapports d\u00e9taill\u00e9s. Cet outil performant est un v\u00e9ritable atout pour attirer de nouveaux clients, fid\u00e9liser la client\u00e8le et, au final, accro\u00eetre le chiffre d&rsquo;affaires. Adoptez Free Gifts for WooCommerce d\u00e8s aujourd&rsquo;hui et constatez les avantages d&rsquo;offrir de la valeur \u00e0 vos clients.<\/p>\n","protected":false},"featured_media":143927,"comment_status":"open","ping_status":"closed","template":"","meta":[],"product_brand":[2440],"product_cat":[1182,1200,1181],"product_tag":[1398],"class_list":{"0":"post-113195","1":"product","2":"type-product","3":"status-publish","4":"has-post-thumbnail","6":"product_brand-woocommerce","7":"product_cat-commerce-electronique-plugins","8":"product_cat-commercialisation","9":"product_cat-plugins","10":"product_tag-woocommerce","11":"member-discount","12":"discount-restricted","14":"first","15":"instock","16":"sale","17":"downloadable","18":"virtual","19":"sold-individually","20":"purchasable","21":"product-type-simple"},"_links":{"self":[{"href":"https:\/\/gpl-love.com\/fr\/wp-json\/wp\/v2\/product\/113195","targetHints":{"allow":["GET"]}}],"collection":[{"href":"https:\/\/gpl-love.com\/fr\/wp-json\/wp\/v2\/product"}],"about":[{"href":"https:\/\/gpl-love.com\/fr\/wp-json\/wp\/v2\/types\/product"}],"replies":[{"embeddable":true,"href":"https:\/\/gpl-love.com\/fr\/wp-json\/wp\/v2\/comments?post=113195"}],"wp:featuredmedia":[{"embeddable":true,"href":"https:\/\/gpl-love.com\/fr\/wp-json\/wp\/v2\/media\/143927"}],"wp:attachment":[{"href":"https:\/\/gpl-love.com\/fr\/wp-json\/wp\/v2\/media?parent=113195"}],"wp:term":[{"taxonomy":"product_brand","embeddable":true,"href":"https:\/\/gpl-love.com\/fr\/wp-json\/wp\/v2\/product_brand?post=113195"},{"taxonomy":"product_cat","embeddable":true,"href":"https:\/\/gpl-love.com\/fr\/wp-json\/wp\/v2\/product_cat?post=113195"},{"taxonomy":"product_tag","embeddable":true,"href":"https:\/\/gpl-love.com\/fr\/wp-json\/wp\/v2\/product_tag?post=113195"}],"curies":[{"name":"wp","href":"https:\/\/api.w.org\/{rel}","templated":true}]}}