{"id":113182,"date":"2024-07-26T00:00:00","date_gmt":"2024-07-25T22:00:00","guid":{"rendered":"http:\/\/gpl-love.com\/fr\/produit\/engitech-it-solutions-and-services-wordpress-theme\/"},"modified":"2026-03-20T23:04:00","modified_gmt":"2026-03-20T22:04:00","slug":"engitech-it-solutions-and-services-wordpress-theme","status":"publish","type":"product","link":"https:\/\/gpl-love.com\/fr\/produit\/engitech-it-solutions-and-services-wordpress-theme\/","title":{"rendered":"Engitech IT Solutions et Services WordPress Theme 1.8.6"},"content":{"rendered":"<h3>Engitech IT Solutions et Services WordPress Theme Traits<\/h3>\n<p>Le th\u00e8me WordPress des solutions et services IT Engitech poss\u00e8de une pl\u00e9thore de fonctionnalit\u00e9s et un niveau de polyvalence remarquable, ce qui en fait le choix parfait pour les entreprises qui cherchent \u00e0 pr\u00e9senter leurs services informatiques et leurs solutions de mani\u00e8re polie et visuellement frappante. Avec une vaste collection de pages et de dispositions pr\u00e9-con\u00e7ues, ce th\u00e8me facilite sans effort la cr\u00e9ation d&rsquo;un site Web qui s&rsquo;aligne parfaitement sur vos besoins commerciaux uniques. En outre, son inclusion d&rsquo;un constructeur de pages de glisser-d\u00e9poser robuste permet aux utilisateurs d&rsquo;adapter sans effort leur site Web \u00e0 leurs sp\u00e9cifications exactes, le tout sans n\u00e9cessiter aucune connaissance du codage. Notamment, le th\u00e8me WordPress des solutions et services IT Engitech est enti\u00e8rement r\u00e9actif, garantissant que votre site Web appara\u00eet toujours sans faille sur tous les appareils. De plus, avec sa capacit\u00e9 \u00e0 s&rsquo;int\u00e9grer de mani\u00e8re transparente \u00e0 une vari\u00e9t\u00e9 de plugins populaires et \u00e0 sa pl\u00e9thore d&rsquo;options de personnalisation avanc\u00e9es, ce th\u00e8me se pr\u00e9sente comme un choix exceptionnel pour les entreprises d\u00e9termin\u00e9es \u00e0 \u00e9tablir une pr\u00e9sence en ligne robuste et dominante.<\/p>\n<ul>\n<li>Engitech est un th\u00e8me WordPress enti\u00e8rement r\u00e9actif et hautement personnalisable con\u00e7u sp\u00e9cifiquement pour les solutions informatiques et les fournisseurs de services.<\/li>\n<li>Le th\u00e8me est livr\u00e9 avec 14 dispositions de page d&rsquo;accueil pr\u00e9-con\u00e7ues qui s&rsquo;adressent \u00e0 une gamme de services informatiques diff\u00e9rents, garantissant qu&rsquo;il existe une option qui convient \u00e0 vos besoins commerciaux.<\/li>\n<li>Engitech comprend un certain nombre d&rsquo;options de personnalisation avanc\u00e9es, vous permettant de tout ajuster, des couleurs aux polices \u00e0 la mise en page, en vous assurant que votre site ressemble exactement \u00e0 la fa\u00e7on dont vous le souhaitez.<\/li>\n<li>Le th\u00e8me est optimis\u00e9 pour la vitesse et les performances, garantissant que votre site se charge rapidement et efficacement entre les appareils et les navigateurs.<\/li>\n<li>Engitech comprend un constructeur de pages glisser-d\u00e9poser intuitif, vous permettant de cr\u00e9er facilement du contenu et des dispositions attrayants sans aucune connaissance de codage.<\/li>\n<li>Le th\u00e8me est enti\u00e8rement int\u00e9gr\u00e9 au plugin WooCommerce, ce qui facilite l&rsquo;ajout de fonctionnalit\u00e9s de commerce \u00e9lectronique \u00e0 votre site et de commencer \u00e0 vendre des solutions et des services directement aux clients.<\/li>\n<li>Engitech est r\u00e9guli\u00e8rement mis \u00e0 jour pour assurer la compatibilit\u00e9 avec les derni\u00e8res versions de WordPress et les plugins les plus populaires, et est livr\u00e9 avec un support et une documentation d\u00e9di\u00e9s pour vous aider \u00e0 tirer le meilleur parti de votre site.<\/li>\n<\/ul>\n","protected":false},"excerpt":{"rendered":"<p>Engitech Inform Solutions and Services est un th\u00e8me WordPress exemplaire qui a \u00e9t\u00e9 con\u00e7u de mani\u00e8re experte pour s&rsquo;adresser sp\u00e9cifiquement aux fournisseurs de services et de services informatiques. Ce th\u00e8me m\u00e9ticuleusement con\u00e7u poss\u00e8de une qualit\u00e9 de code impeccable et a \u00e9t\u00e9 m\u00e9ticuleusement optimis\u00e9 pour offrir des performances exceptionnelles. Il offre une vaste gamme de fonctionnalit\u00e9s et d&rsquo;outils qui vous permettent de cr\u00e9er sans effort un site Web intuitivement navigable et captivant. Parmi ses attributs notables, il y a une page d&rsquo;accueil enti\u00e8rement personnalisable avec une gamme diversifi\u00e9e d&rsquo;options de mise en page, une s\u00e9lection compl\u00e8te de mod\u00e8les de pages pr\u00e9d\u00e9finis et des capacit\u00e9s de style avanc\u00e9es qui vous accordent la libert\u00e9 d&rsquo;infuser votre site Web avec une esth\u00e9tique distincte et sans pr\u00e9c\u00e9dent. De plus, sa conception r\u00e9active garantit que votre site Web d\u00e9gagera de la magnificence et s&rsquo;adaptera de mani\u00e8re transparente \u00e0 tous les appareils et navigateurs. En tant qu&rsquo;avantage suppl\u00e9mentaire, le th\u00e8me des solutions et services IT Engitech est intrins\u00e8quement convivial, rationalisant ainsi le processus d&rsquo;atteinte \u00e0 un classement \u00e9lev\u00e9 sur les moteurs de recherche. Si vous recherchez un th\u00e8me fiable et de pointe qui pr\u00e9sentera efficacement vos services informatiques, ne cherchez pas plus loin, car les solutions et services d&rsquo;Engitech vous ont soigneusement couvert.<\/p>\n","protected":false},"featured_media":143746,"comment_status":"open","ping_status":"open","template":"","meta":[],"product_brand":[2433],"product_cat":[1516,1212,1213],"product_tag":[1366],"class_list":{"0":"post-113182","1":"product","2":"type-product","3":"status-publish","4":"has-post-thumbnail","6":"product_brand-themeforest","7":"product_cat-entreprise","8":"product_cat-themes","9":"product_cat-wordpress-themes","10":"product_tag-themeforest","11":"member-discount","12":"discount-restricted","14":"first","15":"instock","16":"sale","17":"downloadable","18":"virtual","19":"sold-individually","20":"purchasable","21":"product-type-simple"},"_links":{"self":[{"href":"https:\/\/gpl-love.com\/fr\/wp-json\/wp\/v2\/product\/113182","targetHints":{"allow":["GET"]}}],"collection":[{"href":"https:\/\/gpl-love.com\/fr\/wp-json\/wp\/v2\/product"}],"about":[{"href":"https:\/\/gpl-love.com\/fr\/wp-json\/wp\/v2\/types\/product"}],"replies":[{"embeddable":true,"href":"https:\/\/gpl-love.com\/fr\/wp-json\/wp\/v2\/comments?post=113182"}],"wp:featuredmedia":[{"embeddable":true,"href":"https:\/\/gpl-love.com\/fr\/wp-json\/wp\/v2\/media\/143746"}],"wp:attachment":[{"href":"https:\/\/gpl-love.com\/fr\/wp-json\/wp\/v2\/media?parent=113182"}],"wp:term":[{"taxonomy":"product_brand","embeddable":true,"href":"https:\/\/gpl-love.com\/fr\/wp-json\/wp\/v2\/product_brand?post=113182"},{"taxonomy":"product_cat","embeddable":true,"href":"https:\/\/gpl-love.com\/fr\/wp-json\/wp\/v2\/product_cat?post=113182"},{"taxonomy":"product_tag","embeddable":true,"href":"https:\/\/gpl-love.com\/fr\/wp-json\/wp\/v2\/product_tag?post=113182"}],"curies":[{"name":"wp","href":"https:\/\/api.w.org\/{rel}","templated":true}]}}