{"id":113180,"date":"2026-01-28T00:00:00","date_gmt":"2026-01-27T23:00:00","guid":{"rendered":"http:\/\/gpl-love.com\/fr\/produit\/snip-the-rich-snippets\/"},"modified":"2026-04-10T18:40:00","modified_gmt":"2026-04-10T16:40:00","slug":"snip-the-rich-snippets","status":"publish","type":"product","link":"https:\/\/gpl-love.com\/fr\/produit\/snip-the-rich-snippets\/","title":{"rendered":"Snip The Rich Snippets 2.31.11"},"content":{"rendered":"<h3>Snip The Rich Snippets Traits<\/h3>\n<p>Snip the Rich Snippets, un outil extr\u00eamement puissant, permet aux propri\u00e9taires de sites Web en facilitant l&rsquo;ajout sans effort d&rsquo;extraits riches \u00e0 leur contenu, fournissant ainsi des d\u00e9tails suppl\u00e9mentaires et complets concernant le contenu d&rsquo;un site Web lorsqu&rsquo;ils sont affich\u00e9s dans les r\u00e9sultats des moteurs de recherche. Cet outil remarquable rationalise le processus d&rsquo;incorporation de balisage dans votre contenu, vous donnant la capacit\u00e9 de mettre en lumi\u00e8re des informations imp\u00e9ratives englobant les notes, les critiques et les prix dans les r\u00e9sultats de la recherche. En exploitant les capacit\u00e9s de Snip les riches extraits, vous pouvez augmenter consid\u00e9rablement la pro\u00e9minence de votre site Web et optimiser son classement de moteur de recherche, ce qui le rend plus accessible aux clients potentiels qui cherchent \u00e0 se familiariser avec vos produits ou services exceptionnels.<\/p>\n<ul>\n<li>Cr\u00e9er sans effort les extraits de r\u00e9sultats de recherche professionnels<\/li>\n<li>Augmenter les taux de clics sur les r\u00e9sultats de la recherche<\/li>\n<li>Optimiser le contenu du site Web pour les extraits en vedette<\/li>\n<li>Entrer facilement les m\u00e9tadonn\u00e9es pour les extraits riches<\/li>\n<li>Afficher les informations pertinentes telles que les notations, les prix et la disponibilit\u00e9<\/li>\n<li>Am\u00e9liorer la visibilit\u00e9 du site Web et l&rsquo;engagement des utilisateurs<\/li>\n<li>Fonctionne avec des moteurs de recherche populaires comme Google, Yahoo et Bing<\/li>\n<li>Aucune comp\u00e9tence de codage ou technique requise<\/li>\n<li>Configuration rapide et facile<\/li>\n<li>Options de tarification abordables disponibles<\/li>\n<li>Obtenez un acc\u00e8s instantan\u00e9 aux r\u00e9sultats de l&rsquo;extrait de haute qualit\u00e9<\/li>\n<li>Boostez le trafic du site Web et am\u00e9liorez le classement des moteurs de recherche<\/li>\n<\/ul>\n","protected":false},"excerpt":{"rendered":"<p>Snip the Rich Snippets est un outil incroyablement robuste et convivial qui permet aux propri\u00e9taires de sites Web la possibilit\u00e9 d&rsquo;extraire et de pr\u00e9senter des extraits riches, commun\u00e9ment appel\u00e9s marquage de sch\u00e9ma, \u00e0 partir de leurs pages Web. Ces riches extraits proposent des moteurs de recherche et des visiteurs potentiels avec des informations pr\u00e9cieuses, y compris les examens de produits, les notes et les prix, qui jouent tous un r\u00f4le central en am\u00e9liorant consid\u00e9rablement les taux de clics et les taux de conversion. En tirant parti de la puissance de Snip les riches extraits, vous pouvez incorporer sans effort et rapidement un balisage de sch\u00e9ma dans vos pages Web, le tout sans n\u00e9cessiter de prouesses techniques ou d&rsquo;expertise de codage. \u00c9levez la visibilit\u00e9 de votre site Web et stimulez un afflux de trafic substantiel en adoptant les avantages in\u00e9gal\u00e9s de Snip les riches extraits aujourd&rsquo;hui.<\/p>\n","protected":false},"featured_media":145279,"comment_status":"open","ping_status":"open","template":"","meta":[],"product_brand":[2435],"product_cat":[1181,1335,1186],"product_tag":[1231],"class_list":{"0":"post-113180","1":"product","2":"type-product","3":"status-publish","4":"has-post-thumbnail","6":"product_brand-codecanyon","7":"product_cat-plugins","8":"product_cat-seo","9":"product_cat-wordpress-plugins","10":"product_tag-codecanyon","11":"member-discount","12":"discount-restricted","14":"first","15":"instock","16":"sale","17":"downloadable","18":"virtual","19":"sold-individually","20":"purchasable","21":"product-type-simple"},"_links":{"self":[{"href":"https:\/\/gpl-love.com\/fr\/wp-json\/wp\/v2\/product\/113180","targetHints":{"allow":["GET"]}}],"collection":[{"href":"https:\/\/gpl-love.com\/fr\/wp-json\/wp\/v2\/product"}],"about":[{"href":"https:\/\/gpl-love.com\/fr\/wp-json\/wp\/v2\/types\/product"}],"replies":[{"embeddable":true,"href":"https:\/\/gpl-love.com\/fr\/wp-json\/wp\/v2\/comments?post=113180"}],"wp:featuredmedia":[{"embeddable":true,"href":"https:\/\/gpl-love.com\/fr\/wp-json\/wp\/v2\/media\/145279"}],"wp:attachment":[{"href":"https:\/\/gpl-love.com\/fr\/wp-json\/wp\/v2\/media?parent=113180"}],"wp:term":[{"taxonomy":"product_brand","embeddable":true,"href":"https:\/\/gpl-love.com\/fr\/wp-json\/wp\/v2\/product_brand?post=113180"},{"taxonomy":"product_cat","embeddable":true,"href":"https:\/\/gpl-love.com\/fr\/wp-json\/wp\/v2\/product_cat?post=113180"},{"taxonomy":"product_tag","embeddable":true,"href":"https:\/\/gpl-love.com\/fr\/wp-json\/wp\/v2\/product_tag?post=113180"}],"curies":[{"name":"wp","href":"https:\/\/api.w.org\/{rel}","templated":true}]}}