{"id":113178,"date":"2024-08-22T00:00:00","date_gmt":"2024-08-21T22:00:00","guid":{"rendered":"http:\/\/gpl-love.com\/fr\/produit\/live-chat-unlimited\/"},"modified":"2026-03-20T23:22:41","modified_gmt":"2026-03-20T22:22:41","slug":"live-chat-unlimited","status":"publish","type":"product","link":"https:\/\/gpl-love.com\/fr\/produit\/live-chat-unlimited\/","title":{"rendered":"Live Chat Unlimited 3.7.6"},"content":{"rendered":"<h3>Live Chat Unlimited Traits<\/h3>\n<p>Live Chat Unlimited, un logiciel de chat en direct sur le Web, offre aux entreprises la capacit\u00e9 de s&rsquo;engager dans une communication en temps r\u00e9el avec les visiteurs de leur site Web. L&rsquo;aspect avantageux de ce logiciel r\u00e9side dans sa fourniture de sessions de chat illimit\u00e9es, \u00e9liminant ainsi toutes les limitations du nombre de chats qui peuvent se produire. De plus, l&rsquo;installation et l&rsquo;utilisation de ce logiciel sont assez simples, et il englobe une myriade de fonctionnalit\u00e9s, y compris les transcriptions de chat, le partage de fichiers et l&rsquo;analyse de chat. Une fonctionnalit\u00e9 suppl\u00e9mentaire de Live Chat Unlimited est sa capacit\u00e9 \u00e0 \u00eatre personnalis\u00e9e pour s&rsquo;aligner sur l&rsquo;esth\u00e9tique de votre site Web, parall\u00e8lement \u00e0 son int\u00e9gration avec divers outils tiers tels que CRM et un logiciel de marketing par e-mail. En utilisant Live Chat Unlimited, les entreprises peuvent fournir un service client exceptionnel, am\u00e9liorer les ventes et augmenter les niveaux de satisfaction des clients.<\/p>\n<ul>\n<li>Permet aux entreprises d&rsquo;offrir un support de chat en direct \u00e0 leurs clients 24\/7<\/li>\n<li>Peut \u00eatre int\u00e9gr\u00e9 \u00e0 n&rsquo;importe quel site Web ou application mobile<\/li>\n<li>Prend en charge plusieurs agents et d\u00e9partements pour une gestion efficace des demandes des clients<\/li>\n<li>Fournit des analyses et des rapports en temps r\u00e9el pour suivre la satisfaction des clients et les performances de l&rsquo;agent<\/li>\n<li>Offre des widgets de chat personnalisables et des messages automatis\u00e9s pour une exp\u00e9rience client personnalis\u00e9e<\/li>\n<li>Prend en charge le partage de fichiers et le partage d&rsquo;\u00e9cran pour un d\u00e9pannage efficace<\/li>\n<li>Fournit un routage et une file d&rsquo;attente automatis\u00e9s pour s&rsquo;assurer qu&rsquo;aucun appel n&rsquo;est manqu\u00e9<\/li>\n<li>Offre une int\u00e9gration transparente avec un logiciel CRM et Helpdesk populaire pour le flux de travail rationalis\u00e9<\/li>\n<li>Fournit une communication fiable et s\u00e9curis\u00e9e via des protocoles de messagerie chiffr\u00e9s<\/li>\n<li>Comprend une prise en charge et une maintenance 24\/7 pour un service ininterrompu.<\/li>\n<\/ul>\n","protected":false},"excerpt":{"rendered":"<p>Le Chat en direct de l&rsquo;ENTRING Unlimited est une solution incroyablement efficace et efficiente qui r\u00e9pond aux besoins et aux d\u00e9sirs des entreprises qui cherchent \u00e0 fournir un service client exceptionnel via leur site Web. En utilisant ce produit exceptionnel, votre \u00e9quipe sera \u00e9quip\u00e9e de la possibilit\u00e9 de s&rsquo;engager dans une communication en temps r\u00e9el avec les clients, en veillant \u00e0 ce que leurs requ\u00eates soient rapidement trait\u00e9es et que toutes les pr\u00e9occupations ou probl\u00e8mes qu&rsquo;ils rencontrent sont efficacement r\u00e9solus. L&rsquo;aspect le plus avantageux de cette solution remarquable est sa capacit\u00e9 de chat illimit\u00e9e, qui \u00e9radique toutes les contraintes sur le nombre de conversations dans lesquelles votre \u00e9quipe peut engager, facilitant ainsi la gestion transparente des demandes des clients et augmentant consid\u00e9rablement les cotes de satisfaction de vos clients. Embrassez le pouvoir transformateur de Live Chat Unlimited aujourd&rsquo;hui et assistez \u00e0 son impact profond sur votre entreprise.<\/p>\n","protected":false},"featured_media":144390,"comment_status":"open","ping_status":"open","template":"","meta":[],"product_brand":[2435],"product_cat":[1189,1181,1186],"product_tag":[1231],"class_list":{"0":"post-113178","1":"product","2":"type-product","3":"status-publish","4":"has-post-thumbnail","6":"product_brand-codecanyon","7":"product_cat-personnalisation","8":"product_cat-plugins","9":"product_cat-wordpress-plugins","10":"product_tag-codecanyon","11":"member-discount","12":"discount-restricted","14":"first","15":"instock","16":"sale","17":"downloadable","18":"virtual","19":"sold-individually","20":"purchasable","21":"product-type-simple"},"_links":{"self":[{"href":"https:\/\/gpl-love.com\/fr\/wp-json\/wp\/v2\/product\/113178","targetHints":{"allow":["GET"]}}],"collection":[{"href":"https:\/\/gpl-love.com\/fr\/wp-json\/wp\/v2\/product"}],"about":[{"href":"https:\/\/gpl-love.com\/fr\/wp-json\/wp\/v2\/types\/product"}],"replies":[{"embeddable":true,"href":"https:\/\/gpl-love.com\/fr\/wp-json\/wp\/v2\/comments?post=113178"}],"wp:featuredmedia":[{"embeddable":true,"href":"https:\/\/gpl-love.com\/fr\/wp-json\/wp\/v2\/media\/144390"}],"wp:attachment":[{"href":"https:\/\/gpl-love.com\/fr\/wp-json\/wp\/v2\/media?parent=113178"}],"wp:term":[{"taxonomy":"product_brand","embeddable":true,"href":"https:\/\/gpl-love.com\/fr\/wp-json\/wp\/v2\/product_brand?post=113178"},{"taxonomy":"product_cat","embeddable":true,"href":"https:\/\/gpl-love.com\/fr\/wp-json\/wp\/v2\/product_cat?post=113178"},{"taxonomy":"product_tag","embeddable":true,"href":"https:\/\/gpl-love.com\/fr\/wp-json\/wp\/v2\/product_tag?post=113178"}],"curies":[{"name":"wp","href":"https:\/\/api.w.org\/{rel}","templated":true}]}}