{"id":113176,"date":"2025-06-19T00:00:00","date_gmt":"2025-06-18T22:00:00","guid":{"rendered":"http:\/\/gpl-love.com\/fr\/produit\/convertplus-popup-plugin-for-wordpress\/"},"modified":"2026-03-20T22:59:02","modified_gmt":"2026-03-20T21:59:02","slug":"convertplus-popup-plugin-for-wordpress","status":"publish","type":"product","link":"https:\/\/gpl-love.com\/fr\/produit\/convertplus-popup-plugin-for-wordpress\/","title":{"rendered":"ConvertPlus Popup Plugin For WordPress 3.6.2"},"content":{"rendered":"<h3>ConvertPlus Popup Plugin For WordPress Traits<\/h3>\n<p>Convertplus est un plugin popup incroyablement robuste sp\u00e9cifiquement adapt\u00e9 \u00e0 WordPress, permettant aux propri\u00e9taires de sites Web de transformer de mani\u00e8re transparente les visiteurs de leur site en prospects, abonn\u00e9s et m\u00eame clients fid\u00e8les. Remarquablement convivial, ce plugin poss\u00e8de un \u00e9diteur de glisser-d\u00e9poser intuitif, permettant aux utilisateurs d&rsquo;\u00e9laborer sans effort des fen\u00eatres contextuelles et des formulaires d&rsquo;adoption en quelques minutes, le tout sans n\u00e9cessiter de connaissances de codage pr\u00e9alables. De plus, Convertplus offre aux utilisateurs une collection diversifi\u00e9e de mod\u00e8les con\u00e7us par des professionnels pour servir de base \u00e0 leurs cr\u00e9ations, chacun pouvant \u00eatre facilement personnalis\u00e9 pour s&rsquo;aligner parfaitement sur la marque et le style de leurs sites Web respectifs. En outre, ce plugin exceptionnel est \u00e9quip\u00e9 d&rsquo;un assortiment d&rsquo;options de ciblage et de d\u00e9clenchement, y compris les m\u00e9canismes tr\u00e8s efficaces de sortie, bas\u00e9s sur le d\u00e9filement et bas\u00e9s sur le temps, entre autres, garantissant que les fen\u00eatres contextuelles sont affich\u00e9es pr\u00e9cis\u00e9ment au bon moment et efficacement atteindre le public pr\u00e9vu. De plus, Convertplus am\u00e9liore encore son utilit\u00e9 en offrant des fonctionnalit\u00e9s avanc\u00e9es d&rsquo;analyse et de test A \/ B, permettant aux utilisateurs de suivre et d&rsquo;optimiser m\u00e9ticuleusement les performances de leurs popups, garantissant ainsi des taux de conversion optimaux. En fin de compte, Convertplus repr\u00e9sente un outil indispensable pour tous les propri\u00e9taires de sites Web WordPress aspirant \u00e0 \u00e9largir leurs listes de diffusion, \u00e0 renforcer leurs chiffres de vente et, finalement, \u00e0 am\u00e9liorer l&rsquo;exp\u00e9rience utilisateur globale.<\/p>\n<ul>\n<li>Cr\u00e9ez facilement des fen\u00eatres contextuelles engageantes sur votre site WordPress<\/li>\n<li>Vari\u00e9t\u00e9 de types contextuels, y compris l&rsquo;intention de sortie, le d\u00e9clencheur de d\u00e9filement et les popups chronom\u00e9tr\u00e9s<\/li>\n<li>Large gamme de mod\u00e8les de conception au choix ou \u00e0 la cr\u00e9ation de votre propre conception personnalis\u00e9e<\/li>\n<li>Hautement personnalisable avec des dizaines d&rsquo;options pour le texte, les images, les animations et plus encore<\/li>\n<li>Int\u00e9grer avec des plateformes de marketing par e-mail populaires comme MailChimp, Aweber et plus<\/li>\n<li>Options de ciblage avanc\u00e9es pour afficher des fen\u00eatres contextuelles en fonction de pages sp\u00e9cifiques, de sources de r\u00e9f\u00e9rence, et plus<\/li>\n<li>Analyse compl\u00e8te et rapport pour suivre les performances et les conversions contextuelles<\/li>\n<li>Les fen\u00eatres contextuelles adapt\u00e9es aux mobiles garantissent une exp\u00e9rience transparente pour tous les utilisateurs<\/li>\n<li>Int\u00e9gration transparente avec les plugins et th\u00e8mes WordPress<\/li>\n<li>\u00c9quipe de support d\u00e9di\u00e9e \u00e0 aider \u00e0 la configuration et au d\u00e9pannage.<\/li>\n<\/ul>\n","protected":false},"excerpt":{"rendered":"<p>D\u00e9couvrez le plugin Power of Convertplus pour WordPress, votre solution ultime pour la g\u00e9n\u00e9ration de leads et la conversion des clients. Ce plugin WordPress vous offre une large gamme de fonctionnalit\u00e9s, y compris une installation facile, une interface conviviale et une vari\u00e9t\u00e9 de mod\u00e8les contextuels personnalisables. Avec Convertplus, la cr\u00e9ation et la gestion des popups n&rsquo;ont jamais \u00e9t\u00e9 aussi simples. Que vous souhaitiez capturer des prospects par e-mail, promouvoir des offres sp\u00e9ciales ou augmenter votre suivi des m\u00e9dias sociaux, Convertplus est un excellent outil pour atteindre vos objectifs marketing. De plus, il fournit une int\u00e9gration transparente avec des plateformes de marketing par e-mail populaires, vous permettant de maximiser votre port\u00e9e et votre efficacit\u00e9. Choisissez le plugin popup Convertplus, l&rsquo;outil puissant qui transforme votre site Web en une puissance de g\u00e9n\u00e9ration de leads.<\/p>\n","protected":false},"featured_media":143422,"comment_status":"open","ping_status":"open","template":"","meta":[],"product_brand":[2435],"product_cat":[1207,1181,1186],"product_tag":[1231],"class_list":{"0":"post-113176","1":"product","2":"type-product","3":"status-publish","4":"has-post-thumbnail","6":"product_brand-codecanyon","7":"product_cat-commercialisation-wordpress-plugins","8":"product_cat-plugins","9":"product_cat-wordpress-plugins","10":"product_tag-codecanyon","11":"member-discount","12":"discount-restricted","14":"first","15":"instock","16":"sale","17":"downloadable","18":"virtual","19":"sold-individually","20":"purchasable","21":"product-type-simple"},"_links":{"self":[{"href":"https:\/\/gpl-love.com\/fr\/wp-json\/wp\/v2\/product\/113176","targetHints":{"allow":["GET"]}}],"collection":[{"href":"https:\/\/gpl-love.com\/fr\/wp-json\/wp\/v2\/product"}],"about":[{"href":"https:\/\/gpl-love.com\/fr\/wp-json\/wp\/v2\/types\/product"}],"replies":[{"embeddable":true,"href":"https:\/\/gpl-love.com\/fr\/wp-json\/wp\/v2\/comments?post=113176"}],"wp:featuredmedia":[{"embeddable":true,"href":"https:\/\/gpl-love.com\/fr\/wp-json\/wp\/v2\/media\/143422"}],"wp:attachment":[{"href":"https:\/\/gpl-love.com\/fr\/wp-json\/wp\/v2\/media?parent=113176"}],"wp:term":[{"taxonomy":"product_brand","embeddable":true,"href":"https:\/\/gpl-love.com\/fr\/wp-json\/wp\/v2\/product_brand?post=113176"},{"taxonomy":"product_cat","embeddable":true,"href":"https:\/\/gpl-love.com\/fr\/wp-json\/wp\/v2\/product_cat?post=113176"},{"taxonomy":"product_tag","embeddable":true,"href":"https:\/\/gpl-love.com\/fr\/wp-json\/wp\/v2\/product_tag?post=113176"}],"curies":[{"name":"wp","href":"https:\/\/api.w.org\/{rel}","templated":true}]}}