{"id":113166,"date":"2025-11-30T00:00:00","date_gmt":"2025-11-29T23:00:00","guid":{"rendered":"http:\/\/gpl-love.com\/fr\/produit\/urna-all-in-one-woocommerce-wordpress-theme\/"},"modified":"2026-03-20T23:42:17","modified_gmt":"2026-03-20T22:42:17","slug":"urna-all-in-one-woocommerce-wordpress-theme","status":"publish","type":"product","link":"https:\/\/gpl-love.com\/fr\/produit\/urna-all-in-one-woocommerce-wordpress-theme\/","title":{"rendered":"Urna All in one WooCommerce WordPress Theme 2.5.13"},"content":{"rendered":"<h3>Urna All in one WooCommerce WordPress Theme Traits<\/h3>\n<p>Urna dans un th\u00e8me WOOCommerce WordPress, avec sa nature multiforme et avanc\u00e9e, s&rsquo;av\u00e8re \u00eatre un choix exemplaire pour les personnes qui sont propri\u00e9taires de magasins en ligne. Ce th\u00e8me poss\u00e8de une vaste gamme d&rsquo;attributs et de fonctionnalit\u00e9s qui ont \u00e9t\u00e9 astucieusement con\u00e7us pour vous aider dans la cr\u00e9ation d&rsquo;une boutique en ligne professionnelle et conviviale. De plus, ce th\u00e8me exceptionnel est enti\u00e8rement harmonieux avec WooCommerce, la plate-forme de commerce \u00e9lectronique la plus largement reconnu, vous offrant ainsi la possibilit\u00e9 de personnaliser votre magasin avec une impressionnante gamme de d\u00e9monstrations, de dispositions et de plugins pr\u00e9-construits. Les capacit\u00e9s globales d&rsquo;Urna vous permettent de superviser sans effort vos produits, commandes, clients et paiements, le tout dans un emplacement centralis\u00e9 et convivial. En tant qu&rsquo;avantage suppl\u00e9mentaire, ce th\u00e8me est exceptionnellement r\u00e9actif, poss\u00e8de une optimisation SEO et a \u00e9t\u00e9 m\u00e9ticuleusement con\u00e7u pour faciliter les temps de chargement rapides, garantissant ainsi \u00e0 vos clients une exp\u00e9rience d&rsquo;achat sans couture et rapide. Ainsi, si vous \u00eates \u00e0 la recherche d&rsquo;un moyen fiable et adepte de lancer votre propre boutique en ligne, cela vaut sans aucun doute la peine d&rsquo;envisager d&rsquo;utiliser l&rsquo;urna dans un th\u00e8me WOOCommerce WordPress.<\/p>\n<ul>\n<li>Design moderne et professionnel adapt\u00e9 \u00e0 toute boutique en ligne<\/li>\n<li>Enti\u00e8rement r\u00e9actif et optimis\u00e9 pour tous les appareils<\/li>\n<li>Compatible avec la derni\u00e8re version de WooCommerce et WordPress<\/li>\n<li>Builder de page de glisser-d\u00e9poser int\u00e9gr\u00e9 pour une personnalisation facile<\/li>\n<li>Des dizaines de dispositions et de mod\u00e8les pr\u00e9-fait uniques fournis<\/li>\n<li>Importateur de d\u00e9monstration en un clic pour configurer facilement votre magasin<\/li>\n<li>Panneau d&rsquo;options de th\u00e8me avanc\u00e9 pour encore plus de personnalisation<\/li>\n<li>Styles d&rsquo;en-t\u00eate et de pied de page multiples inclus<\/li>\n<li>Options pour les polices, les couleurs et les arri\u00e8re-plans personnalis\u00e9s<\/li>\n<li>SEO convivial et optimis\u00e9 pour la vitesse<\/li>\n<li>Support client 24\/7 pour toute assistance n\u00e9cessaire<\/li>\n<\/ul>\n","protected":false},"excerpt":{"rendered":"<p>L&rsquo;Urna All in One WooCommerce WordPress th\u00e8me pr\u00e9sente une r\u00e9solution id\u00e9ale dans l&rsquo;\u00e9tablissement d&rsquo;un site Web de commerce \u00e9lectronique visuellement captivant et influent. Avec son design rationalis\u00e9 et contemporain, ce th\u00e8me a \u00e9t\u00e9 m\u00e9ticuleusement con\u00e7u pour offrir des fonctionnalit\u00e9s et une efficacit\u00e9 optimales pour les magasins virtuels. Il englobe une multitude de fonctionnalit\u00e9s avanc\u00e9es, y compris, mais sans s&rsquo;y limiter, les filtres de produits, les m\u00e9ga menus, les listes de souhaits, etc., facilitant ainsi la cr\u00e9ation d&rsquo;une exp\u00e9rience d&rsquo;achat sur mesure pour votre client\u00e8le estim\u00e9e. De plus, ce th\u00e8me s&rsquo;int\u00e8gre harmonieusement \u00e0 WooCommerce, accordant aux utilisateurs une gestion sans effort de leurs produits, commandes et paiements. Peu importe que l&rsquo;on construise une petite boutique en ligne ou une vaste plate-forme de commerce \u00e9lectronique, le th\u00e8me Urna dans un WooCommerce WordPress est l&rsquo;incarnation d&rsquo;une solution appropri\u00e9e pour r\u00e9pondre \u00e0 des besoins aussi divers.<\/p>\n","protected":false},"featured_media":145669,"comment_status":"open","ping_status":"open","template":"","meta":[],"product_brand":[2433],"product_cat":[1238,1851,1212],"product_tag":[1366],"class_list":{"0":"post-113166","1":"product","2":"type-product","3":"status-publish","4":"has-post-thumbnail","6":"product_brand-themeforest","7":"product_cat-commerce-electronique-themes","8":"product_cat-entreprise-commerce-electronique-themes","9":"product_cat-themes","10":"product_tag-themeforest","11":"member-discount","12":"discount-restricted","14":"first","15":"instock","16":"sale","17":"downloadable","18":"virtual","19":"sold-individually","20":"purchasable","21":"product-type-simple"},"_links":{"self":[{"href":"https:\/\/gpl-love.com\/fr\/wp-json\/wp\/v2\/product\/113166","targetHints":{"allow":["GET"]}}],"collection":[{"href":"https:\/\/gpl-love.com\/fr\/wp-json\/wp\/v2\/product"}],"about":[{"href":"https:\/\/gpl-love.com\/fr\/wp-json\/wp\/v2\/types\/product"}],"replies":[{"embeddable":true,"href":"https:\/\/gpl-love.com\/fr\/wp-json\/wp\/v2\/comments?post=113166"}],"wp:featuredmedia":[{"embeddable":true,"href":"https:\/\/gpl-love.com\/fr\/wp-json\/wp\/v2\/media\/145669"}],"wp:attachment":[{"href":"https:\/\/gpl-love.com\/fr\/wp-json\/wp\/v2\/media?parent=113166"}],"wp:term":[{"taxonomy":"product_brand","embeddable":true,"href":"https:\/\/gpl-love.com\/fr\/wp-json\/wp\/v2\/product_brand?post=113166"},{"taxonomy":"product_cat","embeddable":true,"href":"https:\/\/gpl-love.com\/fr\/wp-json\/wp\/v2\/product_cat?post=113166"},{"taxonomy":"product_tag","embeddable":true,"href":"https:\/\/gpl-love.com\/fr\/wp-json\/wp\/v2\/product_tag?post=113166"}],"curies":[{"name":"wp","href":"https:\/\/api.w.org\/{rel}","templated":true}]}}