{"id":113164,"date":"2026-02-05T00:00:00","date_gmt":"2026-02-04T23:00:00","guid":{"rendered":"http:\/\/gpl-love.com\/fr\/produit\/secupress-pro-premium-wordpress-security-plugin\/"},"modified":"2026-04-10T18:39:08","modified_gmt":"2026-04-10T16:39:08","slug":"secupress-pro-premium-wordpress-security-plugin","status":"publish","type":"product","link":"https:\/\/gpl-love.com\/fr\/produit\/secupress-pro-premium-wordpress-security-plugin\/","title":{"rendered":"SecuPress Pro Premium WordPress Security Plugin 2.6"},"content":{"rendered":"<h3>SecuPress Pro Premium WordPress Security Plugin Traits<\/h3>\n<p>Le plugin de s\u00e9curit\u00e9 WordPress SecUpress Pro Premium est une solution extr\u00eamement puissante et formidable qui accorde \u00e0 votre site Web WordPress une gamme globale et compl\u00e8te de fonctionnalit\u00e9s de s\u00e9curit\u00e9 de pointe. Fabriqu\u00e9 et con\u00e7u avec seulement la technologie la plus avanc\u00e9e et la plus innovante, ce plugin remarquable garantit que votre site Web ch\u00e9ri reste imperm\u00e9able \u00e0 un large \u00e9ventail d&rsquo;attaques pernicieuses et malveillantes, y compris, mais sans s&rsquo;y limiter, des attaques de force brute et des injections de code insidieuses, entre autres. Ce plugin extraordinaire propose non seulement une interface intuitive et conviviale pour une convivialit\u00e9 transparente, mais poss\u00e8de \u00e9galement un vaste r\u00e9pertoire de fonctionnalit\u00e9s indispensables, telles que la possibilit\u00e9 de rechercher et de d\u00e9tecter les logiciels malveillants, un pare-feu robuste pour une protection infaillible, ainsi qu&rsquo;une formidable M\u00e9canisme de protection de connexion, parmi une corne d&rsquo;abondance des autres. De plus, il convient de mentionner que ce plugin impressionnant vous offre \u00e9galement une myriade d&rsquo;options personnalisables pour augmenter et optimiser la s\u00e9curit\u00e9 de votre pr\u00e9cieux site Web. Avec la pr\u00e9sence indomptable et in\u00e9branlable du plugin de s\u00e9curit\u00e9 WordPress SecUpress Pro Premium, vous pouvez vous pr\u00e9lasser dans la tranquillit\u00e9 et la s\u00e9r\u00e9nit\u00e9 de savoir que votre site Web WordPress bien-aim\u00e9 est non seulement fortifi\u00e9 et prot\u00e9g\u00e9, mais \u00e9galement prot\u00e9g\u00e9 de toutes les menaces potentiellement catastrophiques qui peuvent se profiler dans le plan dans le sein du sein du sein du sein du sein du sein du sein du sein du sein du sein de la plan Abyses p\u00e9rilleuses du domaine num\u00e9rique.<\/p>\n<ul>\n<li>Protection totale de votre site Web WordPress contre les tentatives de piratage et les infections de logiciels malveillants<\/li>\n<li>Caract\u00e9ristiques de s\u00e9curit\u00e9 avanc\u00e9es, telles que la protection contre les attaques par force brute, le pare-feu et les fonctionnalit\u00e9s anti-spam<\/li>\n<li>R\u00e8gles de s\u00e9curit\u00e9 personnalisables pour r\u00e9pondre aux besoins sp\u00e9cifiques de votre site Web<\/li>\n<li>Des analyses et des mises \u00e0 jour r\u00e9guli\u00e8res pour garder votre site Web en s\u00e9curit\u00e9 et \u00e0 jour contre de nouvelles menaces<\/li>\n<li>Interface facile \u00e0 utiliser avec des rapports clairs sur les probl\u00e8mes de s\u00e9curit\u00e9 d\u00e9tect\u00e9s<\/li>\n<li>Installation rapide et facile sans aucune connaissance de codage requise<\/li>\n<li>Soutien prioritaire de l&rsquo;\u00e9quipe SecUpress pour toute question ou probl\u00e8me<\/li>\n<li>Conforme au RGPD pour assurer la protection des donn\u00e9es pour vous et vos visiteurs<\/li>\n<li>Compatible avec plusieurs versions WordPress et autres plugins populaires.<\/li>\n<li>Sauvegardes r\u00e9guli\u00e8res pour emp\u00eacher la perte de donn\u00e9es ou la corruption en cas de violation de s\u00e9curit\u00e9.<\/li>\n<\/ul>\n","protected":false},"excerpt":{"rendered":"<p>SECUPress Pro, un plugin de s\u00e9curit\u00e9 de haute qualit\u00e9 sp\u00e9cifiquement adapt\u00e9 \u00e0 WordPress, a \u00e9t\u00e9 m\u00e9ticuleusement con\u00e7u pour prot\u00e9ger votre site Web \u00e0 partir d&rsquo;une multitude d&rsquo;activit\u00e9s malveillantes telles que le piratage des efforts, des infiltrations malveillantes insidieuses et diverses autres menaces de s\u00e9curit\u00e9 pernicieuses. Compl\u00e9t\u00e9 par un \u00e9ventail de fonctionnalit\u00e9s de pointe, notamment un pare-feu imprenable, un scanner de logiciels malveillants astucieux, un vaste scanner de vuln\u00e9rabilit\u00e9 et un syst\u00e8me d&rsquo;authentification \u00e0 deux facteurs indomptable, garantie de mani\u00e8re transparente et perp\u00e9tuale de votre site Web. Ind\u00e9pendamment de savoir si vous \u00eates le propri\u00e9taire d&rsquo;un blog diminutif ou d&rsquo;une plate-forme de commerce \u00e9lectronique colossale, SecUPress Pro englobe un r\u00e9pertoire exhaustif de fonctionnalit\u00e9s qui abordent singularissement toutes vos exigences et pr\u00e9servent efficacement le caract\u00e8re sacr\u00e9 et la s\u00e9curit\u00e9 de votre domaine en ligne. Par cons\u00e9quent, si vous aspirez \u00e0 un sens in\u00e9gal\u00e9 de tranquillit\u00e9 et de fortification compl\u00e8te pour votre site WordPress estim\u00e9, la ligne de conduite la plus sage serait de s\u00e9lectionner sans s\u00e9curisation SecUpress Pro comme compagnon de s\u00e9curit\u00e9 sans plus tarder.<\/p>\n","protected":false},"featured_media":145205,"comment_status":"open","ping_status":"open","template":"","meta":[],"product_brand":[2650],"product_cat":[1187,1181,1186],"product_tag":[1846],"class_list":{"0":"post-113164","1":"product","2":"type-product","3":"status-publish","4":"has-post-thumbnail","6":"product_brand-secupress","7":"product_cat-administration-wordpress-plugins","8":"product_cat-plugins","9":"product_cat-wordpress-plugins","10":"product_tag-secupress","11":"member-discount","12":"discount-restricted","14":"first","15":"instock","16":"sale","17":"downloadable","18":"virtual","19":"sold-individually","20":"purchasable","21":"product-type-simple"},"_links":{"self":[{"href":"https:\/\/gpl-love.com\/fr\/wp-json\/wp\/v2\/product\/113164","targetHints":{"allow":["GET"]}}],"collection":[{"href":"https:\/\/gpl-love.com\/fr\/wp-json\/wp\/v2\/product"}],"about":[{"href":"https:\/\/gpl-love.com\/fr\/wp-json\/wp\/v2\/types\/product"}],"replies":[{"embeddable":true,"href":"https:\/\/gpl-love.com\/fr\/wp-json\/wp\/v2\/comments?post=113164"}],"wp:featuredmedia":[{"embeddable":true,"href":"https:\/\/gpl-love.com\/fr\/wp-json\/wp\/v2\/media\/145205"}],"wp:attachment":[{"href":"https:\/\/gpl-love.com\/fr\/wp-json\/wp\/v2\/media?parent=113164"}],"wp:term":[{"taxonomy":"product_brand","embeddable":true,"href":"https:\/\/gpl-love.com\/fr\/wp-json\/wp\/v2\/product_brand?post=113164"},{"taxonomy":"product_cat","embeddable":true,"href":"https:\/\/gpl-love.com\/fr\/wp-json\/wp\/v2\/product_cat?post=113164"},{"taxonomy":"product_tag","embeddable":true,"href":"https:\/\/gpl-love.com\/fr\/wp-json\/wp\/v2\/product_tag?post=113164"}],"curies":[{"name":"wp","href":"https:\/\/api.w.org\/{rel}","templated":true}]}}