{"id":113162,"date":"2021-02-09T00:00:00","date_gmt":"2021-02-08T23:00:00","guid":{"rendered":"http:\/\/gpl-love.com\/fr\/produit\/droow-ajax-portfolio-wordpress-theme\/"},"modified":"2026-03-20T23:01:36","modified_gmt":"2026-03-20T22:01:36","slug":"droow-ajax-portfolio-wordpress-theme","status":"publish","type":"product","link":"https:\/\/gpl-love.com\/fr\/produit\/droow-ajax-portfolio-wordpress-theme\/","title":{"rendered":"Droow Ajax Portfolio WordPress Theme 1.2.0"},"content":{"rendered":"<h3>Droow Ajax Portfolio WordPress Theme Traits<\/h3>\n<p>Repr\u00e9ci\u00e9 pour sa fonctionnalit\u00e9 exceptionnelle, le th\u00e8me WordPress du portefeuille Droow Ajax sert d&rsquo;outil inestimable pour les individus dans les domaines de la photographie, de l&rsquo;art et des professions cr\u00e9atives. B\u00e9n\u00e9ficiant d&rsquo;une disposition contemporaine vierge, ce th\u00e8me permet aux utilisateurs de pr\u00e9senter leur travail de mani\u00e8re visuellement frappante. Tirant parti de la puissance de la technologie Ajax, le th\u00e8me Droow garantit une exp\u00e9rience de chargement transparente et rapide pour les visiteurs. De plus, la conception r\u00e9active garantit que votre portefeuille maintiendra son attrait esth\u00e9tique \u00e9tonnant sur les appareils de bureau et mobiles. De plus, ce th\u00e8me dynamique offre un \u00e9ventail d&rsquo;options de personnalisation, accordant aux utilisateurs la possibilit\u00e9 de choisir parmi divers styles de portfolio et une vaste s\u00e9lection de sch\u00e9mas de couleurs. Admenez l&rsquo;opportunit\u00e9 de cr\u00e9er un portefeuille vraiment unique en son genre et personnalis\u00e9 avec Droow, car il sert de plate-forme pour montrer votre cr\u00e9ativit\u00e9 avec le plus grand professionnalisme et l&rsquo;engagement.<\/p>\n<ul>\n<li>Design de portefeuille superbe et moderne<\/li>\n<li>Enti\u00e8rement r\u00e9actif et convivial<\/li>\n<li>Facile \u00e0 utiliser et \u00e0 personnaliser avec le g\u00e9n\u00e9rateur de page de glisser-d\u00e9poser int\u00e9gr\u00e9<\/li>\n<li>Multiotions de portefeuille et options de style<\/li>\n<li>SEO optimis\u00e9 pour aider votre portefeuille \u00e0 se faire remarquer<\/li>\n<li>Compatibilit\u00e9 compl\u00e8te avec WooCommerce pour une vente en ligne facile<\/li>\n<li>Les mises \u00e0 jour \u00e0 vie et le soutien professionnel inclus<\/li>\n<li>Int\u00e9gration des m\u00e9dias sociaux pour pr\u00e9senter votre travail sur toutes les plateformes<\/li>\n<li>Construit en utilisant les derni\u00e8res normes de codage HTML5 et CSS3<\/li>\n<li>Chargement l\u00e9ger et rapide pour une exp\u00e9rience utilisateur optimale.<\/li>\n<\/ul>\n","protected":false},"excerpt":{"rendered":"<p>Droow est un th\u00e8me WordPress de portefeuille Ajax haut de gamme qui est parfaitement adapt\u00e9 aux cr\u00e9atifs, aux pigistes et aux agences. Ce th\u00e8me est con\u00e7u pour pr\u00e9senter votre travail de la mani\u00e8re la plus attrayante visuellement, avec une conception r\u00e9active facile \u00e0 utiliser. La fonction de portefeuille Ajax permet des transitions \u00e9l\u00e9gantes et un look propre, ajoutant une touche professionnelle \u00e0 votre portefeuille en ligne. Il est hautement personnalisable, ce qui signifie que vous pouvez le modifier pour correspondre parfaitement \u00e0 votre marque et \u00e0 votre style unique. Avec Droow, vous appr\u00e9cierez \u00e9galement l&rsquo;int\u00e9gration transparente avec tous les plugins WordPress populaires. Ce th\u00e8me est con\u00e7u pour vous aider \u00e0 vous d\u00e9marquer de la foule, \u00e0 attirer des clients potentiels et \u00e0 pr\u00e9senter efficacement votre travail.<\/p>\n","protected":false},"featured_media":143589,"comment_status":"open","ping_status":"open","template":"","meta":[],"product_brand":[2433],"product_cat":[1242,1212,1213],"product_tag":[1366],"class_list":{"0":"post-113162","1":"product","2":"type-product","3":"status-publish","4":"has-post-thumbnail","6":"product_brand-themeforest","7":"product_cat-creatif","8":"product_cat-themes","9":"product_cat-wordpress-themes","10":"product_tag-themeforest","11":"member-discount","12":"discount-restricted","14":"first","15":"instock","16":"sale","17":"downloadable","18":"virtual","19":"sold-individually","20":"purchasable","21":"product-type-simple"},"_links":{"self":[{"href":"https:\/\/gpl-love.com\/fr\/wp-json\/wp\/v2\/product\/113162","targetHints":{"allow":["GET"]}}],"collection":[{"href":"https:\/\/gpl-love.com\/fr\/wp-json\/wp\/v2\/product"}],"about":[{"href":"https:\/\/gpl-love.com\/fr\/wp-json\/wp\/v2\/types\/product"}],"replies":[{"embeddable":true,"href":"https:\/\/gpl-love.com\/fr\/wp-json\/wp\/v2\/comments?post=113162"}],"wp:featuredmedia":[{"embeddable":true,"href":"https:\/\/gpl-love.com\/fr\/wp-json\/wp\/v2\/media\/143589"}],"wp:attachment":[{"href":"https:\/\/gpl-love.com\/fr\/wp-json\/wp\/v2\/media?parent=113162"}],"wp:term":[{"taxonomy":"product_brand","embeddable":true,"href":"https:\/\/gpl-love.com\/fr\/wp-json\/wp\/v2\/product_brand?post=113162"},{"taxonomy":"product_cat","embeddable":true,"href":"https:\/\/gpl-love.com\/fr\/wp-json\/wp\/v2\/product_cat?post=113162"},{"taxonomy":"product_tag","embeddable":true,"href":"https:\/\/gpl-love.com\/fr\/wp-json\/wp\/v2\/product_tag?post=113162"}],"curies":[{"name":"wp","href":"https:\/\/api.w.org\/{rel}","templated":true}]}}