{"id":113160,"date":"2025-12-28T00:00:00","date_gmt":"2025-12-27T23:00:00","guid":{"rendered":"http:\/\/gpl-love.com\/fr\/produit\/donation-for-woocommerce\/"},"modified":"2026-03-20T23:01:13","modified_gmt":"2026-03-20T22:01:13","slug":"donation-for-woocommerce","status":"publish","type":"product","link":"https:\/\/gpl-love.com\/fr\/produit\/donation-for-woocommerce\/","title":{"rendered":"Donation For WooCommerce 3.9.8"},"content":{"rendered":"<h3>Donation For WooCommerce Traits<\/h3>\n<p>Le don de WooCommerce, un plugin robuste, accorde aux propri\u00e9taires de la boutique en ligne la possibilit\u00e9 d&rsquo;accepter des dons sur leurs sites Web. En utilisant ce plugin, les clients peuvent facilement contribuer \u00e0 leurs organismes de bienfaisance ou organisations pr\u00e9f\u00e9r\u00e9s en ajoutant simplement un montant de don \u00e0 leur panier. Les formulaires de don personnalisables de Plugin Proffers qui peuvent \u00eatre ajout\u00e9s sans effort \u00e0 n&rsquo;importe quelle page ou publication via l&rsquo;utilisation de codes ou de widgets. De plus, il englobe un \u00e9ventail de passerelles de paiement, telles que PayPal, Stripe et Authorize.net, facilitant ainsi les clients dans le don via leur mode de paiement pr\u00e9f\u00e9r\u00e9. Gr\u00e2ce \u00e0 un don pour WooCommerce, les propri\u00e9taires de magasins peuvent surveiller et administrer sans effort tous les dons \u00e0 partir d&rsquo;un tableau de bord solitaire, rationalisant ainsi le processus de suivi des contributions et garantissant leur allocation appropri\u00e9e. Sans aucun doute, ce plugin est un outil indispensable pour tout propri\u00e9taire de magasin WooCommerce aspirant \u00e0 exercer une influence positive sur leur client\u00e8le et sa soci\u00e9t\u00e9 dans son ensemble.<\/p>\n<ul>\n<li>Acceptez les dons de mani\u00e8re transparente dans votre boutique WooCommerce<\/li>\n<li>Personnaliser les montants de dons et configurer des dons r\u00e9currents<\/li>\n<li>Suivre et g\u00e9rer facilement les dons dans votre tableau de bord WooCommerce<\/li>\n<li>Envoyer automatiquement les re\u00e7us de don aux donateurs<\/li>\n<li>Boostez l&rsquo;engagement des clients en donnant la possibilit\u00e9 de faire un don lors du paiement<\/li>\n<li>Choisissez parmi diverses passerelles de paiement pour traiter les dons en toute s\u00e9curit\u00e9<\/li>\n<li>Enti\u00e8rement int\u00e9gr\u00e9 \u00e0 WooCommerce, donc aucun param\u00e8tre ou installation suppl\u00e9mentaire requis<\/li>\n<li>Configurez sans effort une page de don sur votre site Web sans aucune comp\u00e9tence de codage<\/li>\n<li>Encourager le partage social en permettant aux donateurs de partager leur contribution sur les r\u00e9seaux sociaux<\/li>\n<li>Augmentez votre impact caritatif et cr\u00e9ez une exp\u00e9rience client positive.<\/li>\n<\/ul>\n","protected":false},"excerpt":{"rendered":"<p>Pr\u00e9sentez votre c\u00f4t\u00e9 altruiste avec notre don pour le plugin WooCommerce. Ce logiciel puissant et convivial s&rsquo;int\u00e8gre sans effort avec votre boutique WooCommerce, vous permettant d&rsquo;accepter les dons de vos clients. Que vous collectez des fonds pour un organisme de bienfaisance, que vous financez un projet ou que vous recherchiez simplement un soutien suppl\u00e9mentaire pour votre entreprise, ce plugin rationalise le processus de don. Les fonctionnalit\u00e9s cl\u00e9s incluent des montants de dons personnalisables, des r\u00e9compenses de donneurs en option et une compatibilit\u00e9 compl\u00e8te avec tous les th\u00e8mes WooCommerce. Alimentez vos revenus et \u00e9tablissez des relations avec les clients plus solides avec notre don pour le plugin WooCommerce.<\/p>\n","protected":false},"featured_media":143564,"comment_status":"open","ping_status":"open","template":"","meta":[],"product_brand":[2440],"product_cat":[1182,1223,1181],"product_tag":[1398],"class_list":{"0":"post-113160","1":"product","2":"type-product","3":"status-publish","4":"has-post-thumbnail","6":"product_brand-woocommerce","7":"product_cat-commerce-electronique-plugins","8":"product_cat-personnalisation-commerce-electronique-plugins","9":"product_cat-plugins","10":"product_tag-woocommerce","11":"member-discount","12":"discount-restricted","14":"first","15":"instock","16":"sale","17":"downloadable","18":"virtual","19":"sold-individually","20":"purchasable","21":"product-type-simple"},"_links":{"self":[{"href":"https:\/\/gpl-love.com\/fr\/wp-json\/wp\/v2\/product\/113160","targetHints":{"allow":["GET"]}}],"collection":[{"href":"https:\/\/gpl-love.com\/fr\/wp-json\/wp\/v2\/product"}],"about":[{"href":"https:\/\/gpl-love.com\/fr\/wp-json\/wp\/v2\/types\/product"}],"replies":[{"embeddable":true,"href":"https:\/\/gpl-love.com\/fr\/wp-json\/wp\/v2\/comments?post=113160"}],"wp:featuredmedia":[{"embeddable":true,"href":"https:\/\/gpl-love.com\/fr\/wp-json\/wp\/v2\/media\/143564"}],"wp:attachment":[{"href":"https:\/\/gpl-love.com\/fr\/wp-json\/wp\/v2\/media?parent=113160"}],"wp:term":[{"taxonomy":"product_brand","embeddable":true,"href":"https:\/\/gpl-love.com\/fr\/wp-json\/wp\/v2\/product_brand?post=113160"},{"taxonomy":"product_cat","embeddable":true,"href":"https:\/\/gpl-love.com\/fr\/wp-json\/wp\/v2\/product_cat?post=113160"},{"taxonomy":"product_tag","embeddable":true,"href":"https:\/\/gpl-love.com\/fr\/wp-json\/wp\/v2\/product_tag?post=113160"}],"curies":[{"name":"wp","href":"https:\/\/api.w.org\/{rel}","templated":true}]}}