{"id":113158,"date":"2025-12-29T00:00:00","date_gmt":"2025-12-28T23:00:00","guid":{"rendered":"http:\/\/gpl-love.com\/fr\/produit\/fullevents-event-plugin-wordpress\/"},"modified":"2026-04-19T00:30:33","modified_gmt":"2026-04-18T22:30:33","slug":"fullevents-event-plugin-wordpress","status":"publish","type":"product","link":"https:\/\/gpl-love.com\/fr\/produit\/fullevents-event-plugin-wordpress\/","title":{"rendered":"FullEvents Event Plugin WordPress 1.3.2"},"content":{"rendered":"<h3>FullEvents Event Plugin WordPress Traits<\/h3>\n<p>Fullevents est un plugin d&rsquo;\u00e9v\u00e9nements extraordinaire con\u00e7u sp\u00e9cifiquement pour WordPress, s&rsquo;adressant \u00e0 la gestion holistique et \u00e0 l&rsquo;exposition d&rsquo;\u00e9v\u00e9nements. Ce plugin remarquable offre aux utilisateurs une solution compl\u00e8te et globale pour cr\u00e9er, organiser et pr\u00e9senter des \u00e9v\u00e9nements sans effort sur leur site Web. Avec Fullevents, les utilisateurs sont \u00e9quip\u00e9s d&rsquo;une pl\u00e9thore d&rsquo;outils et de fonctionnalit\u00e9s essentiels, leur permettant de g\u00e9n\u00e9rer des \u00e9v\u00e9nements de mani\u00e8re transparente, d&rsquo;int\u00e9grer des horaires, de localiser des emplacements sp\u00e9cifiques et d&#8217;embellir leurs pages d&rsquo;\u00e9v\u00e9nements avec des d\u00e9tails complexes. De plus, ce plugin exceptionnel permet aux utilisateurs la possibilit\u00e9 d&rsquo;adapter finement la conception et la disposition de leurs pages d&rsquo;\u00e9v\u00e9nements, assurant une int\u00e9gration harmonieuse avec le th\u00e8me global de leur site Web. En outre, Fullevents transcende le domaine des plugins d&rsquo;\u00e9v\u00e9nements standard en dominant les utilisateurs d&rsquo;une pl\u00e9thore de fonctionnalit\u00e9s et de capacit\u00e9s avanc\u00e9es, y compris la gestion d&rsquo;\u00e9v\u00e9nements r\u00e9currents, l&rsquo;enregistrement des \u00e9v\u00e9nements rationalis\u00e9s et les ventes de billets efficaces. Si vous vous trouvez \u00e0 la recherche d&rsquo;un plugin d&rsquo;\u00e9v\u00e9nements complet, convivial et immersif pour WordPress, ne cherchez pas plus loin que Fullevents, car il est un choix in\u00e9gal\u00e9 dans son domaine.<\/p>\n<ul>\n<li>Cr\u00e9er et publier sans effort les listes d&rsquo;\u00e9v\u00e9nements personnalis\u00e9s sur votre site WordPress<\/li>\n<li>Profitez d&rsquo;une vari\u00e9t\u00e9 d&rsquo;options d&rsquo;affichage d&rsquo;\u00e9v\u00e9nements pour correspondre \u00e0 l&rsquo;apparence de votre site<\/li>\n<li>Personnalisez le formulaire de soumission des \u00e9v\u00e9nements pour capturer les informations dont vous avez besoin des participants<\/li>\n<li>G\u00e9n\u00e9rez automatiquement les vues de calendrier des \u00e9v\u00e9nements \u00e0 venir<\/li>\n<li>G\u00e9rer facilement les \u00e9v\u00e9nements du tableau de bord WordPress, y compris l&rsquo;\u00e9dition et la suppression des \u00e9v\u00e9nements au besoin<\/li>\n<li>Permettre aux participants de l&rsquo;\u00e9v\u00e9nement de s&rsquo;inscrire et d&rsquo;acheter des billets directement via votre site<\/li>\n<li>Les options de traitement des paiements int\u00e9gr\u00e9s retirent les tracas des ventes de billets<\/li>\n<li>Obtenir des informations pr\u00e9cieuses sur la fr\u00e9quentation des \u00e9v\u00e9nements et les revenus avec des fonctionnalit\u00e9s de rapport int\u00e9gr\u00e9es<\/li>\n<li>Partagez rapidement les \u00e9v\u00e9nements sur les r\u00e9seaux sociaux avec des boutons de partage social faciles \u00e0 utiliser<\/li>\n<li>Profitez de la prise en charge r\u00e9active et des mises \u00e0 jour des plugins r\u00e9guliers pour assurer une fonctionnalit\u00e9 et une compatibilit\u00e9 maximales avec la derni\u00e8re version WordPress.<\/li>\n<\/ul>\n","protected":false},"excerpt":{"rendered":"<p>Le plugin FullEvents Event est un outil incroyablement performant et efficace, sp\u00e9cialement con\u00e7u pour les sites WordPress. Son objectif principal est d&rsquo;offrir aux utilisateurs une mani\u00e8re simple et pratique de g\u00e9rer et de pr\u00e9senter efficacement leurs \u00e9v\u00e9nements \u00e0 venir, gr\u00e2ce \u00e0 une interface intuitive. FullEvents Event propose un large \u00e9ventail de fonctionnalit\u00e9s qui contribuent \u00e0 son efficacit\u00e9 globale\u00a0: cr\u00e9ation facile de plusieurs \u00e9v\u00e9nements, d\u00e9finition pr\u00e9cise des dates et heures, attribution des lieux, int\u00e9gration de descriptions d\u00e9taill\u00e9es et d&rsquo;images attrayantes, et m\u00eame vente de billets gr\u00e2ce \u00e0 son int\u00e9gration fluide avec la plateforme WooCommerce. De plus, le plugin offre un niveau de personnalisation remarquable, permettant aux utilisateurs d&rsquo;adapter la pr\u00e9sentation visuelle de leurs \u00e9v\u00e9nements afin qu&rsquo;elle s&rsquo;int\u00e8gre parfaitement au design et \u00e0 l&rsquo;esth\u00e9tique de leur site WordPress. Que vous organisiez une petite r\u00e9union ou un \u00e9v\u00e9nement d&rsquo;envergure, le plugin FullEvents Event poss\u00e8de tous les outils et ressources n\u00e9cessaires pour faire de votre \u00e9v\u00e9nement un succ\u00e8s et un moment inoubliable.<\/p>\n","protected":false},"featured_media":143930,"comment_status":"open","ping_status":"open","template":"","meta":[],"product_brand":[2435],"product_cat":[1189,1181,1186],"product_tag":[1231],"class_list":{"0":"post-113158","1":"product","2":"type-product","3":"status-publish","4":"has-post-thumbnail","6":"product_brand-codecanyon","7":"product_cat-personnalisation","8":"product_cat-plugins","9":"product_cat-wordpress-plugins","10":"product_tag-codecanyon","11":"member-discount","12":"discount-restricted","14":"first","15":"instock","16":"sale","17":"downloadable","18":"virtual","19":"sold-individually","20":"purchasable","21":"product-type-simple"},"_links":{"self":[{"href":"https:\/\/gpl-love.com\/fr\/wp-json\/wp\/v2\/product\/113158","targetHints":{"allow":["GET"]}}],"collection":[{"href":"https:\/\/gpl-love.com\/fr\/wp-json\/wp\/v2\/product"}],"about":[{"href":"https:\/\/gpl-love.com\/fr\/wp-json\/wp\/v2\/types\/product"}],"replies":[{"embeddable":true,"href":"https:\/\/gpl-love.com\/fr\/wp-json\/wp\/v2\/comments?post=113158"}],"wp:featuredmedia":[{"embeddable":true,"href":"https:\/\/gpl-love.com\/fr\/wp-json\/wp\/v2\/media\/143930"}],"wp:attachment":[{"href":"https:\/\/gpl-love.com\/fr\/wp-json\/wp\/v2\/media?parent=113158"}],"wp:term":[{"taxonomy":"product_brand","embeddable":true,"href":"https:\/\/gpl-love.com\/fr\/wp-json\/wp\/v2\/product_brand?post=113158"},{"taxonomy":"product_cat","embeddable":true,"href":"https:\/\/gpl-love.com\/fr\/wp-json\/wp\/v2\/product_cat?post=113158"},{"taxonomy":"product_tag","embeddable":true,"href":"https:\/\/gpl-love.com\/fr\/wp-json\/wp\/v2\/product_tag?post=113158"}],"curies":[{"name":"wp","href":"https:\/\/api.w.org\/{rel}","templated":true}]}}