{"id":113156,"date":"2026-03-04T00:00:00","date_gmt":"2026-03-03T23:00:00","guid":{"rendered":"http:\/\/gpl-love.com\/fr\/produit\/kadence-pro-premium-addon-for-the-kadence-theme\/"},"modified":"2026-03-20T23:21:26","modified_gmt":"2026-03-20T22:21:26","slug":"kadence-pro-premium-addon-for-the-kadence-theme","status":"publish","type":"product","link":"https:\/\/gpl-love.com\/fr\/produit\/kadence-pro-premium-addon-for-the-kadence-theme\/","title":{"rendered":"Kadence Th\u00e8me Pro Addon 1.1.19"},"content":{"rendered":"<h3>Kadence Th\u00e8me Pro Addon Traits<\/h3>\n<p>Pour les personnes qui utilisent le th\u00e8me de Kadence pour leur site Web, l&rsquo;acquisition de l&rsquo;addon Kadence Pro Premium est absolument essentielle. Cet addon exceptionnel offre une pl\u00e9thore de fonctionnalit\u00e9s robustes qui servent \u00e0 am\u00e9liorer \u00e0 la fois la conception et la fonctionnalit\u00e9 de votre site Web, lui permettant ainsi de d\u00e9passer la concurrence. Les inclusions remarquables englobent l&rsquo;en-t\u00eate et le pied de page tr\u00e8s influentes, les options de typographie avanc\u00e9es, ainsi que l&rsquo;int\u00e9gration transparente avec WooCommerce, parmi de nombreuses autres. En utilisant l&rsquo;addon Kadence Pro Premium, vous pourrez cr\u00e9er sans effort un site Web qui d\u00e9gage du professionnalisme, repr\u00e9sentant efficacement votre marque et captivant votre public cible. Que vous soyez un blogueur ou un entrepreneur qui exploite une entreprise en ligne, cet addon sert de solution d\u00e9finitive pour \u00e9lever votre site Web \u00e0 de nouveaux sommets.<\/p>\n<ul>\n<li>Un addon premium pour le th\u00e8me de Kadence, con\u00e7u pour am\u00e9liorer les fonctionnalit\u00e9s et les caract\u00e9ristiques du th\u00e8me<\/li>\n<li>Offre des options de personnalisation avanc\u00e9es et des outils pour les utilisateurs pour cr\u00e9er facilement des sites Web uniques de qualit\u00e9 professionnelle<\/li>\n<li>Comprend une vari\u00e9t\u00e9 de mod\u00e8les pr\u00e9d\u00e9finis et d&rsquo;\u00e9l\u00e9ments de conception pour aider \u00e0 rationaliser le processus de d\u00e9veloppement du site Web<\/li>\n<li>Propose un en-t\u00eate et un pied de page puissant, permettant aux utilisateurs de cr\u00e9er des en-t\u00eates et des pieds de page enti\u00e8rement personnalis\u00e9s sans aucune connaissance de codage requise<\/li>\n<li>Donne acc\u00e8s \u00e0 une multitude de modules suppl\u00e9mentaires, tels que des carrousels, des galeries d&rsquo;images, des t\u00e9moignages, etc. pour ajouter un int\u00e9r\u00eat visuel et une fonctionnalit\u00e9 aux pages Web<\/li>\n<li>Comprend des options de style avanc\u00e9es, telles que les polices et la typographie personnalis\u00e9es, les sch\u00e9mas de couleurs et les param\u00e8tres d&rsquo;espacement, pour aider les utilisateurs \u00e0 cr\u00e9er des conceptions convaincantes visuellement<\/li>\n<li>Offre une int\u00e9gration avec des plugins tiers populaires, tels que les formulaires WooCommerce et Gravity, pour \u00e9tendre encore plus la fonctionnalit\u00e9 du site Web<\/li>\n<li>Con\u00e7u pour \u00eatre enti\u00e8rement r\u00e9actif, garantissant que les sites Web cr\u00e9\u00e9s avec Kadence Pro Premium sont superbes sur toutes les tailles et appareils d&rsquo;\u00e9cran.<\/li>\n<\/ul>\n","protected":false},"excerpt":{"rendered":"<p>L&rsquo;addon Kadence Pro Premium sert d&rsquo;am\u00e9lioration tr\u00e8s appropri\u00e9e et impeccable au th\u00e8me de Kadence, fournissant aux utilisateurs une pl\u00e9thore de fonctionnalit\u00e9s sophistiqu\u00e9es et un vaste \u00e9ventail d&rsquo;options de personnalisation qui sont tenus de satisfaire leurs besoins. En incorporant cet addon, on est habilit\u00e9 \u00e0 fabriquer sans effort et adepte les sites Web esth\u00e9tiquement agr\u00e9ables et impeccablement fonctionnels. Certaines des caract\u00e9ristiques par excellence et notables que Kadence Pro impliquent englobs, mais sans s&rsquo;y limiter, un r\u00e9pertoire augment\u00e9 et embelli des choix typographiques, la capacit\u00e9 de mettre en \u0153uvre et de manipuler des effets de d\u00e9filement avanc\u00e9s, la fourniture de dispositions sur mesure, la capacit\u00e9 de maintenir et d&rsquo;afficher et d&rsquo;afficher certains \u00e9l\u00e9ments d&rsquo;un \u00e9cran et une profusion d&rsquo;autres attributs louables. Peu importe que l&rsquo;on se trouve \u00eatre un blogueur ardent et prolifique, un entrepreneur florissant et en plein essor, ou un concepteur Web hautement qualifi\u00e9 et cr\u00e9atif, Kadence Pro sert sans aucun doute de solution optimale et quintessentielle pour \u00e9lever la conception du site Web \u00e0 des hauteurs sans pr\u00e9c\u00e9dent et sans pr\u00e9c\u00e9dent.<\/p>\n","protected":false},"featured_media":144304,"comment_status":"open","ping_status":"open","template":"","meta":[],"product_brand":[2460],"product_cat":[1189,1181,1186],"product_tag":[1845],"class_list":{"0":"post-113156","1":"product","2":"type-product","3":"status-publish","4":"has-post-thumbnail","6":"product_brand-kadence-wp","7":"product_cat-personnalisation","8":"product_cat-plugins","9":"product_cat-wordpress-plugins","10":"product_tag-kadence-wp","11":"member-discount","12":"discount-restricted","14":"first","15":"instock","16":"sale","17":"downloadable","18":"virtual","19":"sold-individually","20":"purchasable","21":"product-type-simple"},"_links":{"self":[{"href":"https:\/\/gpl-love.com\/fr\/wp-json\/wp\/v2\/product\/113156","targetHints":{"allow":["GET"]}}],"collection":[{"href":"https:\/\/gpl-love.com\/fr\/wp-json\/wp\/v2\/product"}],"about":[{"href":"https:\/\/gpl-love.com\/fr\/wp-json\/wp\/v2\/types\/product"}],"replies":[{"embeddable":true,"href":"https:\/\/gpl-love.com\/fr\/wp-json\/wp\/v2\/comments?post=113156"}],"wp:featuredmedia":[{"embeddable":true,"href":"https:\/\/gpl-love.com\/fr\/wp-json\/wp\/v2\/media\/144304"}],"wp:attachment":[{"href":"https:\/\/gpl-love.com\/fr\/wp-json\/wp\/v2\/media?parent=113156"}],"wp:term":[{"taxonomy":"product_brand","embeddable":true,"href":"https:\/\/gpl-love.com\/fr\/wp-json\/wp\/v2\/product_brand?post=113156"},{"taxonomy":"product_cat","embeddable":true,"href":"https:\/\/gpl-love.com\/fr\/wp-json\/wp\/v2\/product_cat?post=113156"},{"taxonomy":"product_tag","embeddable":true,"href":"https:\/\/gpl-love.com\/fr\/wp-json\/wp\/v2\/product_tag?post=113156"}],"curies":[{"name":"wp","href":"https:\/\/api.w.org\/{rel}","templated":true}]}}