{"id":113154,"date":"2022-06-11T00:00:00","date_gmt":"2022-06-10T22:00:00","guid":{"rendered":"http:\/\/gpl-love.com\/fr\/produit\/barberry-modern-woocommerce-theme\/"},"modified":"2026-03-20T22:55:56","modified_gmt":"2026-03-20T21:55:56","slug":"barberry-modern-woocommerce-theme","status":"publish","type":"product","link":"https:\/\/gpl-love.com\/fr\/produit\/barberry-modern-woocommerce-theme\/","title":{"rendered":"Barberry Modern WooCommerce Theme 2.9.9.1"},"content":{"rendered":"<h3>Barberry Modern WooCommerce Theme Traits<\/h3>\n<p>Barberry Modern WooCommerce Theme pr\u00e9sente un mod\u00e8le de site Web de commerce \u00e9lectronique impressionnant qui propose des \u00e9l\u00e9ments de conception sophistiqu\u00e9s et de pointe. \u00c9quip\u00e9 d&rsquo;une mise en page r\u00e9active, ce th\u00e8me a \u00e9t\u00e9 m\u00e9ticuleusement optimis\u00e9 pour des performances transparentes sur tous les appareils, que ce soit des ordinateurs de bureau, des tablettes ou des t\u00e9l\u00e9phones portables. La simplicit\u00e9 et l&rsquo;esth\u00e9tique raffin\u00e9e de sa conception servent \u00e0 accentuer les produits et leurs caract\u00e9ristiques remarquables, \u00e9levant l&rsquo;exp\u00e9rience d&rsquo;achat globale pour les utilisateurs. En outre, ce th\u00e8me offre une vaste gamme d&rsquo;options de personnalisation, allant des sch\u00e9mas de couleurs polyvalents \u00e0 diverses polices et dispositions, permettant ainsi aux propri\u00e9taires de magasins pour personnaliser sans effort l&rsquo;identit\u00e9 visuelle de leur emporium en ligne. S&rsquo;adressant \u00e0 un large \u00e9ventail d&rsquo;industries, notamment la mode, l&rsquo;\u00e9lectronique et la d\u00e9coration int\u00e9rieure, le th\u00e8me WooCommerce moderne de Barberry permet \u00e0 votre magasin d&rsquo;\u00e9merger en tant que joueur de premier plan, gr\u00e2ce \u00e0 sa conception et sa fonctionnalit\u00e9 contemporaines.<\/p>\n<ul>\n<li>Design \u00e9l\u00e9gant et moderne pour les magasins en ligne aliment\u00e9s par WooCommerce<\/li>\n<li>Enti\u00e8rement r\u00e9actif, compatible avec tous les appareils et tailles d&rsquo;\u00e9cran<\/li>\n<li>Plusieurs options de personnalisation pour plus de flexibilit\u00e9 et de personnalisation<\/li>\n<li>Facile \u00e0 utiliser Drag and Drop Page Builder pour la construction de sites Web sans effort<\/li>\n<li>D\u00e9mos pr\u00e9-construites pour diff\u00e9rentes niches telles que l&rsquo;\u00e9lectronique, la mode, la forme physique et plus<\/li>\n<li>Optimisation de SEO int\u00e9gr\u00e9e pour une am\u00e9lioration de la visibilit\u00e9 et du classement des moteurs de recherche<\/li>\n<li>Assistance client rapide et fiable pour les probl\u00e8mes ou questions<\/li>\n<li>Mises \u00e0 jour r\u00e9guli\u00e8res pour am\u00e9liorer les fonctionnalit\u00e9s et la compatibilit\u00e9<\/li>\n<li>Int\u00e9gration avec des plugins populaires tels que MailChimp et Yoast SEO.<\/li>\n<\/ul>\n","protected":false},"excerpt":{"rendered":"<p>D\u00e9couvrez la puissance de la polyvalence avec le th\u00e8me WooCommerce moderne. Ce th\u00e8me innovant est con\u00e7u pour faire ressortir votre boutique en ligne avec ses fonctionnalit\u00e9s personnalisables et une esth\u00e9tique \u00e9l\u00e9gante et moderne. Il est r\u00e9actif, assurant une exp\u00e9rience d&rsquo;achat transparente, quel que soit l&rsquo;appareil. L&rsquo;int\u00e9gration WooCommerce simplifie le processus de configuration et de gestion de votre boutique en ligne. Barberry propose \u00e9galement des plugins premium, en ajoutant des fonctionnalit\u00e9s suppl\u00e9mentaires et en am\u00e9liorant l&rsquo;exp\u00e9rience client. Le th\u00e8me est pr\u00eat pour la r\u00e9tine, offrant une r\u00e9solution cristalline sur tous les \u00e9crans haute d\u00e9finition. Avec l&rsquo;avantage suppl\u00e9mentaire de la conformit\u00e9 du RGPD, vous \u00eates assur\u00e9 de respecter tous les r\u00e9glementations de confidentialit\u00e9 des donn\u00e9es. Le th\u00e8me comprend \u00e9galement un mega Mega int\u00e9gr\u00e9 pour une navigation facile, facilitant une interface conviviale. Ce th\u00e8me est con\u00e7u pour vous donner tous les outils n\u00e9cessaires pour cr\u00e9er une boutique en ligne r\u00e9ussie. Tirez le meilleur parti de votre entreprise de commerce \u00e9lectronique avec le th\u00e8me WooCommerce moderne.<\/p>\n","protected":false},"featured_media":143218,"comment_status":"open","ping_status":"open","template":"","meta":[],"product_brand":[2433],"product_cat":[1238,1444,1212],"product_tag":[1366],"class_list":{"0":"post-113154","1":"product","2":"type-product","3":"status-publish","4":"has-post-thumbnail","6":"product_brand-themeforest","7":"product_cat-commerce-electronique-themes","8":"product_cat-creatif-commerce-electronique-themes","9":"product_cat-themes","10":"product_tag-themeforest","11":"member-discount","12":"discount-restricted","14":"first","15":"instock","16":"sale","17":"downloadable","18":"virtual","19":"sold-individually","20":"purchasable","21":"product-type-simple"},"_links":{"self":[{"href":"https:\/\/gpl-love.com\/fr\/wp-json\/wp\/v2\/product\/113154","targetHints":{"allow":["GET"]}}],"collection":[{"href":"https:\/\/gpl-love.com\/fr\/wp-json\/wp\/v2\/product"}],"about":[{"href":"https:\/\/gpl-love.com\/fr\/wp-json\/wp\/v2\/types\/product"}],"replies":[{"embeddable":true,"href":"https:\/\/gpl-love.com\/fr\/wp-json\/wp\/v2\/comments?post=113154"}],"wp:featuredmedia":[{"embeddable":true,"href":"https:\/\/gpl-love.com\/fr\/wp-json\/wp\/v2\/media\/143218"}],"wp:attachment":[{"href":"https:\/\/gpl-love.com\/fr\/wp-json\/wp\/v2\/media?parent=113154"}],"wp:term":[{"taxonomy":"product_brand","embeddable":true,"href":"https:\/\/gpl-love.com\/fr\/wp-json\/wp\/v2\/product_brand?post=113154"},{"taxonomy":"product_cat","embeddable":true,"href":"https:\/\/gpl-love.com\/fr\/wp-json\/wp\/v2\/product_cat?post=113154"},{"taxonomy":"product_tag","embeddable":true,"href":"https:\/\/gpl-love.com\/fr\/wp-json\/wp\/v2\/product_tag?post=113154"}],"curies":[{"name":"wp","href":"https:\/\/api.w.org\/{rel}","templated":true}]}}