{"id":113152,"date":"2021-12-17T00:00:00","date_gmt":"2021-12-16T23:00:00","guid":{"rendered":"http:\/\/gpl-love.com\/fr\/produit\/point-finder-directory-and-listing-wordpress-theme\/"},"modified":"2026-03-20T23:31:52","modified_gmt":"2026-03-20T22:31:52","slug":"point-finder-directory-and-listing-wordpress-theme","status":"publish","type":"product","link":"https:\/\/gpl-love.com\/fr\/produit\/point-finder-directory-and-listing-wordpress-theme\/","title":{"rendered":"Point Finder Directory et Listing WordPress Theme 2.0.2"},"content":{"rendered":"<h3>Point Finder Directory et Listing WordPress Theme Traits<\/h3>\n<p>Le r\u00e9pertoire de ponctuels et le th\u00e8me WordPress inscrit, dot\u00e9 de son m\u00e9lange impeccable de sophistication et de contemporan\u00e9it\u00e9, se manifeste comme un instrument exceptionnellement efficace pour la cr\u00e9ation de r\u00e9pertoires et listes en ligne sans pr\u00e9c\u00e9dent et conviviaux. En raison de sa conception esth\u00e9tique et de pointe, ce th\u00e8me sert de plate-forme exemplaire pour l&rsquo;exposition et la promotion des entreprises, des propri\u00e9t\u00e9s, des \u00e9v\u00e9nements et une pl\u00e9thore d&rsquo;autres entreprises. \u00c9manant avec une multitude d&rsquo;attributs louables, ce th\u00e8me facilite la personnalisation transparente et la gestion efficace de votre r\u00e9pertoire, gracieuset\u00e9 de ses fonctionnalit\u00e9s de recherche avanc\u00e9es, des champs personnalis\u00e9s et des capacit\u00e9s d&rsquo;enregistrement et de connexion des utilisateurs. En outre, avec son int\u00e9gration transparente des passerelles de paiement multiples et la compatibilit\u00e9 avec des plugins distingu\u00e9s tels que WooCommerce, le th\u00e8me Point Finder est debout comme la solution par excellence pour les personnes cherchant \u00e0 engendrer un r\u00e9pertoire ou une liste en ligne robuste et in\u00e9gal\u00e9.<\/p>\n<ul>\n<li>Conception propre et moderne pour une personnalisation facile<\/li>\n<li>Syst\u00e8me de gestion des annonces faciles \u00e0 utiliser<\/li>\n<li>Options de recherche et filtre personnalisables pour la commodit\u00e9 des utilisateurs<\/li>\n<li>Plusieurs mises en page de page d&rsquo;accueil et de pages int\u00e9rieures au choix<\/li>\n<li>Conception conviviale pour le r\u00e9f\u00e9rencement pour une meilleure visibilit\u00e9 du moteur de recherche<\/li>\n<li>Compatible avec des plugins populaires tels que WooCommerce et Contact Form 7<\/li>\n<li>Chargement rapide et r\u00e9actif pour une exp\u00e9rience utilisateur optimale<\/li>\n<li>Options pour les avis des utilisateurs et les notes des listes<\/li>\n<li>Capacit\u00e9 \u00e0 mon\u00e9tiser via des listes et des espaces publicitaires en vedette<\/li>\n<li>Documentation compl\u00e8te et support client utile.<\/li>\n<\/ul>\n","protected":false},"excerpt":{"rendered":"<p>Point Finder est un th\u00e8me WordPress exceptionnel et influent pour les r\u00e9pertoires et les listes, sur mesure pour vous permettre d&rsquo;\u00e9tablir des r\u00e9pertoires en ligne et des listes en ligne compl\u00e8tes et enti\u00e8rement tracases pour tout domaine ou industrie sp\u00e9cialis\u00e9. Son interface est conviviale et intuitive, permettant une navigation sans effort. De plus, ses filtres de recherche avanc\u00e9s et ses options de conception personnalisables contribuent \u00e0 la cr\u00e9ation de r\u00e9pertoires visuellement captivants et conviviaux, qui sont tenus de captiver vos visiteurs.<\/p>\n","protected":false},"featured_media":144994,"comment_status":"open","ping_status":"open","template":"","meta":[],"product_brand":[2433],"product_cat":[1516,1212,1213],"product_tag":[1366],"class_list":{"0":"post-113152","1":"product","2":"type-product","3":"status-publish","4":"has-post-thumbnail","6":"product_brand-themeforest","7":"product_cat-entreprise","8":"product_cat-themes","9":"product_cat-wordpress-themes","10":"product_tag-themeforest","11":"member-discount","12":"discount-restricted","14":"first","15":"instock","16":"sale","17":"downloadable","18":"virtual","19":"sold-individually","20":"purchasable","21":"product-type-simple"},"_links":{"self":[{"href":"https:\/\/gpl-love.com\/fr\/wp-json\/wp\/v2\/product\/113152","targetHints":{"allow":["GET"]}}],"collection":[{"href":"https:\/\/gpl-love.com\/fr\/wp-json\/wp\/v2\/product"}],"about":[{"href":"https:\/\/gpl-love.com\/fr\/wp-json\/wp\/v2\/types\/product"}],"replies":[{"embeddable":true,"href":"https:\/\/gpl-love.com\/fr\/wp-json\/wp\/v2\/comments?post=113152"}],"wp:featuredmedia":[{"embeddable":true,"href":"https:\/\/gpl-love.com\/fr\/wp-json\/wp\/v2\/media\/144994"}],"wp:attachment":[{"href":"https:\/\/gpl-love.com\/fr\/wp-json\/wp\/v2\/media?parent=113152"}],"wp:term":[{"taxonomy":"product_brand","embeddable":true,"href":"https:\/\/gpl-love.com\/fr\/wp-json\/wp\/v2\/product_brand?post=113152"},{"taxonomy":"product_cat","embeddable":true,"href":"https:\/\/gpl-love.com\/fr\/wp-json\/wp\/v2\/product_cat?post=113152"},{"taxonomy":"product_tag","embeddable":true,"href":"https:\/\/gpl-love.com\/fr\/wp-json\/wp\/v2\/product_tag?post=113152"}],"curies":[{"name":"wp","href":"https:\/\/api.w.org\/{rel}","templated":true}]}}