{"id":113150,"date":"2022-06-01T00:00:00","date_gmt":"2022-05-31T22:00:00","guid":{"rendered":"http:\/\/gpl-love.com\/fr\/produit\/fat-event-wordpress-event-and-calendar-booking\/"},"modified":"2026-03-20T23:05:41","modified_gmt":"2026-03-20T22:05:41","slug":"fat-event-wordpress-event-and-calendar-booking","status":"publish","type":"product","link":"https:\/\/gpl-love.com\/fr\/produit\/fat-event-wordpress-event-and-calendar-booking\/","title":{"rendered":"FAT Event WordPress Event et Calendar Booking 5.9"},"content":{"rendered":"<h3>FAT Event WordPress Event et Calendar Booking Traits<\/h3>\n<p>L&rsquo;\u00e9v\u00e9nement WordPress et la r\u00e9servation de calendrier de l&rsquo;\u00e9v\u00e9nement FAT est un syst\u00e8me complet et convivial qui a \u00e9t\u00e9 m\u00e9ticuleusement con\u00e7u pour r\u00e9pondre aux besoins des organisateurs d&rsquo;\u00e9v\u00e9nements et des gestionnaires. Cet outil exceptionnel permet aux utilisateurs de cr\u00e9er et de g\u00e9rer efficacement sans effort divers \u00e9v\u00e9nements, de planifier m\u00e9ticuleusement les dates et d&rsquo;\u00e9tablir sans effort des options de r\u00e9servation et de paiement. L&rsquo;une des fonctionnalit\u00e9s remarquables de ce syst\u00e8me remarquable est sa fonctionnalit\u00e9 de calendrier personnalisable, qui s&rsquo;int\u00e8gre de mani\u00e8re transparente \u00e0 votre site WordPress, vous permettant ainsi de pr\u00e9senter et de mettre en \u00e9vidence sans effort vos \u00e9v\u00e9nements \u00e0 venir et vos activit\u00e9s engageantes. De plus, ce syst\u00e8me remarquable offre \u00e9galement une pl\u00e9thore d&rsquo;options de billetterie, y compris des passerelles de paiement renomm\u00e9es comme PayPal et Stripe, ainsi que la disposition des paiements hors ligne. Cette flexibilit\u00e9 remarquable vous permet finalement de g\u00e9rer efficacement tous les aspects des r\u00e9servations et des paiements. En fin de compte, l&rsquo;\u00e9v\u00e9nement WordPress et la r\u00e9servation de calendrier de l&rsquo;\u00e9v\u00e9nement FAT se distingue comme un outil vraiment exceptionnel qui poss\u00e8de une interface utilisateur intuitive et un ensemble robuste de fonctionnalit\u00e9s, ce qui en fait un atout indispensable pour tous ceux qui cherchent \u00e0 rationaliser et \u00e0 optimiser leur processus de gestion d&rsquo;\u00e9v\u00e9nements.<\/p>\n<ul>\n<li>Permet une gestion facile des \u00e9v\u00e9nements et des r\u00e9servations sur un site WordPress<\/li>\n<li>S&rsquo;int\u00e8gre au calendrier Google pour la synchronisation transparente<\/li>\n<li>Offre des pages d&rsquo;\u00e9v\u00e9nements personnalisables et des formulaires de r\u00e9servation pour les utilisateurs<\/li>\n<li>Fournit diverses options de paiement pour les r\u00e9servations, y compris PayPal et Stripe<\/li>\n<li>Prend en charge plusieurs types de billets et r\u00e9ductions pour les \u00e9v\u00e9nements<\/li>\n<li>Envoie des e-mails de confirmation automatique aux utilisateurs lors de la r\u00e9servation et du paiement<\/li>\n<li>Permet aux organisateurs d&rsquo;\u00e9v\u00e9nements de g\u00e9rer les participants, d&rsquo;afficher les statistiques de r\u00e9servation et les listes des participants \u00e0 l&rsquo;exportation<\/li>\n<li>Offre une conception r\u00e9active et une disposition conviviale pour une exp\u00e9rience utilisateur optimale<\/li>\n<li>Fournit une documentation d\u00e9taill\u00e9e et une prise en charge pour une impl\u00e9mentation et une utilisation faciles.<\/li>\n<\/ul>\n","protected":false},"excerpt":{"rendered":"<p>Le Fat Event WordPress Event and Calendar Booking Plugin est un outil exceptionnel et tr\u00e8s efficace qui fournit une solution compl\u00e8te pour la gestion transparente des \u00e9v\u00e9nements et des r\u00e9servations. Son interface est incroyablement conviviale, ce qui rend les utilisateurs sans effort pour cr\u00e9er et superviser les \u00e9v\u00e9nements, \u00e9tablir des structures de tarification et collecter efficacement les paiements. De plus, ce plugin englobe une vue de calendrier remarquable, facilitant le suivi des \u00e9v\u00e9nements sans effort et la gestion efficace de la r\u00e9servation. Que vous organisiez un \u00e9v\u00e9nement \u00e9labor\u00e9 et \u00e0 grande \u00e9chelle ou un rassemblement plus intime, l&rsquo;\u00e9v\u00e9nement WordPress de Fat Event et le plugin de r\u00e9servation de calendrier poss\u00e8de une vaste gamme de fonctionnalit\u00e9s qui sont parfaitement adapt\u00e9es pour rationaliser et optimiser vos proc\u00e9dures de planification et de r\u00e9servation d&rsquo;\u00e9v\u00e9nements.<\/p>\n","protected":false},"featured_media":143855,"comment_status":"open","ping_status":"open","template":"","meta":[],"product_brand":[2435],"product_cat":[1189,1181,1186],"product_tag":[1231],"class_list":{"0":"post-113150","1":"product","2":"type-product","3":"status-publish","4":"has-post-thumbnail","6":"product_brand-codecanyon","7":"product_cat-personnalisation","8":"product_cat-plugins","9":"product_cat-wordpress-plugins","10":"product_tag-codecanyon","11":"member-discount","12":"discount-restricted","14":"first","15":"instock","16":"sale","17":"downloadable","18":"virtual","19":"sold-individually","20":"purchasable","21":"product-type-simple"},"_links":{"self":[{"href":"https:\/\/gpl-love.com\/fr\/wp-json\/wp\/v2\/product\/113150","targetHints":{"allow":["GET"]}}],"collection":[{"href":"https:\/\/gpl-love.com\/fr\/wp-json\/wp\/v2\/product"}],"about":[{"href":"https:\/\/gpl-love.com\/fr\/wp-json\/wp\/v2\/types\/product"}],"replies":[{"embeddable":true,"href":"https:\/\/gpl-love.com\/fr\/wp-json\/wp\/v2\/comments?post=113150"}],"wp:featuredmedia":[{"embeddable":true,"href":"https:\/\/gpl-love.com\/fr\/wp-json\/wp\/v2\/media\/143855"}],"wp:attachment":[{"href":"https:\/\/gpl-love.com\/fr\/wp-json\/wp\/v2\/media?parent=113150"}],"wp:term":[{"taxonomy":"product_brand","embeddable":true,"href":"https:\/\/gpl-love.com\/fr\/wp-json\/wp\/v2\/product_brand?post=113150"},{"taxonomy":"product_cat","embeddable":true,"href":"https:\/\/gpl-love.com\/fr\/wp-json\/wp\/v2\/product_cat?post=113150"},{"taxonomy":"product_tag","embeddable":true,"href":"https:\/\/gpl-love.com\/fr\/wp-json\/wp\/v2\/product_tag?post=113150"}],"curies":[{"name":"wp","href":"https:\/\/api.w.org\/{rel}","templated":true}]}}