{"id":113148,"date":"2022-01-15T00:00:00","date_gmt":"2022-01-14T23:00:00","guid":{"rendered":"http:\/\/gpl-love.com\/fr\/produit\/vani-cosmetic-beauty-woocommerce-wordpress-theme\/"},"modified":"2026-04-10T18:44:52","modified_gmt":"2026-04-10T16:44:52","slug":"vani-cosmetic-beauty-woocommerce-wordpress-theme","status":"publish","type":"product","link":"https:\/\/gpl-love.com\/fr\/produit\/vani-cosmetic-beauty-woocommerce-wordpress-theme\/","title":{"rendered":"Vani Cosmetic Beauty WooCommerce WordPress Theme 2.1.2"},"content":{"rendered":"<h3>Vani Cosmetic Beauty WooCommerce WordPress Theme Traits<\/h3>\n<p>Le th\u00e8me WordPress de Vani Cosmetic Beauty WooCommerce se pr\u00e9sente comme un choix optimal pour les personnes cherchant \u00e0 \u00e9tablir une boutique en ligne exquise d\u00e9di\u00e9e \u00e0 la vente de produits cosm\u00e9tiques ou de beaut\u00e9. Ce th\u00e8me poss\u00e8de un \u00e9ventail de fonctionnalit\u00e9s remarquables, englobant une conception \u00e9l\u00e9gante et contemporaine, des options de personnalisation conviviales, ainsi qu&rsquo;une int\u00e9gration transparente avec le robuste plugin woocommerce, permettant une gestion sans effort des produits, des commandes et des paiements. De plus, le th\u00e8me est \u00e9quip\u00e9 d&rsquo;une conception r\u00e9active, le rendant accessible sur tous les appareils \u00e9lectroniques, et propose un assortiment de pages pr\u00e9-con\u00e7ues qui peuvent \u00eatre adapt\u00e9es aux exigences sp\u00e9cifiques. En utilisant le th\u00e8me WordPress de Vani Cosmetic Beauty WooCommerce, on peut r\u00e9ussir \u00e0 \u00e9tablir une boutique en ligne sophistiqu\u00e9e, capable de captiver les clients et de favoriser l&rsquo;expansion de leurs efforts commerciaux.<\/p>\n<ul>\n<li>Un th\u00e8me professionnel et personnalisable con\u00e7u sp\u00e9cifiquement pour les entreprises de beaut\u00e9 et de cosm\u00e9tique utilisant WordPress et WooCommerce<\/li>\n<li>Fonctionnalit\u00e9s de navigation qui rendent votre site facile \u00e0 parcourir et convivial pour les clients<\/li>\n<li>Disposages personnalisables qui mettent vos produits et services \u00e0 l&rsquo;avant et au centre, permettant une promotion et des ventes faciles<\/li>\n<li>Mod\u00e8les pr\u00e9-con\u00e7us qui permettent une cr\u00e9ation de sites Web rapide et facile, un temps d&rsquo;\u00e9conomie et des tracas<\/li>\n<li>Des options de conception flexibles qui vous permettent d&rsquo;adapter l&rsquo;apparence de votre site Web pour refl\u00e9ter votre marque unique et vos objectifs marketing<\/li>\n<li>Les int\u00e9grations qui permettent la vente et la promotion multicanaux, y compris les m\u00e9dias sociaux, le marketing par e-mail, et plus<\/li>\n<li>Pages de produits avanc\u00e9s WooCommerce qui vous permettent de pr\u00e9senter vos produits en d\u00e9tail, offrant aux clients une meilleure compr\u00e9hension de ce qu&rsquo;ils ach\u00e8tent<\/li>\n<li>Conception r\u00e9active mobile pour l&rsquo;acc\u00e8s transparent et l&rsquo;exp\u00e9rience de navigation sur les appareils<\/li>\n<li>Documentation compl\u00e8te et support client pour aider \u00e0 tous les probl\u00e8mes ou personnalisations.<\/li>\n<\/ul>\n","protected":false},"excerpt":{"rendered":"<p>Le th\u00e8me WordPress de Vani Cosmetic Beauty WooCommerce est un th\u00e8me exquis et tr\u00e8s sophistiqu\u00e9 qui r\u00e9pond aux besoins de tout magasin de commerce \u00e9lectronique sp\u00e9cialis\u00e9 dans le domaine de la beaut\u00e9. Sa conception exceptionnelle et sa pl\u00e9thore de fonctionnalit\u00e9s personnalisables permettent une exp\u00e9rience de magasinage in\u00e9gal\u00e9e, ce qui rend votre boutique en ligne la destination ultime pour toutes les conditions de beaut\u00e9 et de cosm\u00e9tiques. De plus, ce th\u00e8me poss\u00e8de une r\u00e9activit\u00e9 compl\u00e8te, garantissant des fonctionnalit\u00e9s sans faille sur tous les appareils, garantissant ainsi une exp\u00e9rience de navigation ininterrompue et sans couture pour vos pr\u00e9cieux clients. Notamment, le th\u00e8me Vani s&rsquo;int\u00e8gre de mani\u00e8re transparente \u00e0 WooCommerce, une plate-forme remarquablement conviviale et intuitive con\u00e7ue pour g\u00e9rer efficacement votre boutique en ligne. Embrasser le th\u00e8me WordPress de Vani Cosmetic Beauty WooCommerce vous donnera un arsenal complet d&rsquo;outils n\u00e9cessaires pour commercialiser efficacement et montrer votre gamme de produits de beaut\u00e9 sur la vaste \u00e9tendue de la sph\u00e8re num\u00e9rique.<\/p>\n","protected":false},"featured_media":145703,"comment_status":"open","ping_status":"open","template":"","meta":[],"product_brand":[2433],"product_cat":[1238,1444,1212],"product_tag":[1366],"class_list":{"0":"post-113148","1":"product","2":"type-product","3":"status-publish","4":"has-post-thumbnail","6":"product_brand-themeforest","7":"product_cat-commerce-electronique-themes","8":"product_cat-creatif-commerce-electronique-themes","9":"product_cat-themes","10":"product_tag-themeforest","11":"member-discount","12":"discount-restricted","14":"first","15":"instock","16":"sale","17":"downloadable","18":"virtual","19":"sold-individually","20":"purchasable","21":"product-type-simple"},"_links":{"self":[{"href":"https:\/\/gpl-love.com\/fr\/wp-json\/wp\/v2\/product\/113148","targetHints":{"allow":["GET"]}}],"collection":[{"href":"https:\/\/gpl-love.com\/fr\/wp-json\/wp\/v2\/product"}],"about":[{"href":"https:\/\/gpl-love.com\/fr\/wp-json\/wp\/v2\/types\/product"}],"replies":[{"embeddable":true,"href":"https:\/\/gpl-love.com\/fr\/wp-json\/wp\/v2\/comments?post=113148"}],"wp:featuredmedia":[{"embeddable":true,"href":"https:\/\/gpl-love.com\/fr\/wp-json\/wp\/v2\/media\/145703"}],"wp:attachment":[{"href":"https:\/\/gpl-love.com\/fr\/wp-json\/wp\/v2\/media?parent=113148"}],"wp:term":[{"taxonomy":"product_brand","embeddable":true,"href":"https:\/\/gpl-love.com\/fr\/wp-json\/wp\/v2\/product_brand?post=113148"},{"taxonomy":"product_cat","embeddable":true,"href":"https:\/\/gpl-love.com\/fr\/wp-json\/wp\/v2\/product_cat?post=113148"},{"taxonomy":"product_tag","embeddable":true,"href":"https:\/\/gpl-love.com\/fr\/wp-json\/wp\/v2\/product_tag?post=113148"}],"curies":[{"name":"wp","href":"https:\/\/api.w.org\/{rel}","templated":true}]}}