{"id":113146,"date":"2022-03-19T00:00:00","date_gmt":"2022-03-18T23:00:00","guid":{"rendered":"http:\/\/gpl-love.com\/fr\/produit\/the-simple-business-wordpress-theme\/"},"modified":"2026-04-10T18:42:22","modified_gmt":"2026-04-10T16:42:22","slug":"the-simple-business-wordpress-theme","status":"publish","type":"product","link":"https:\/\/gpl-love.com\/fr\/produit\/the-simple-business-wordpress-theme\/","title":{"rendered":"The Simple Business WordPress Theme 2.8.0"},"content":{"rendered":"<h3>The Simple Business WordPress Theme Traits<\/h3>\n<p>Le th\u00e8me WordPress commercial simple, avec son apparence esth\u00e9tique et polie, est une option id\u00e9ale pour les entreprises minuscules ou les individus visionnaires aspirant \u00e0 \u00e9tablir une pr\u00e9sence virtuelle. Sa disposition simpliste facilite non seulement la travers\u00e9e sans effort, mais pr\u00e9sente \u00e9galement efficacement votre contenu. De plus, ce th\u00e8me poss\u00e8de des capacit\u00e9s de personnalisation compl\u00e8tes et englobe une gamme de fonctionnalit\u00e9s avantageuses, y compris des mod\u00e8les pr\u00e9-con\u00e7us, des widgets sur mesure et une conception r\u00e9active qui s&rsquo;adapte de mani\u00e8re transparente \u00e0 chaque appareil. De plus, il s&rsquo;accompagne d&rsquo;un m\u00e9canisme d&rsquo;optimisation SEO int\u00e9gr\u00e9, qui rationalise le processus d&rsquo;atteinte \u00e0 un classement plus \u00e9lev\u00e9 sur divers moteurs de recherche. Dans son int\u00e9gralit\u00e9, le th\u00e8me WordPress Business simple repr\u00e9sente un choix exceptionnel pour ceux qui recherchent un th\u00e8me de qualit\u00e9 sup\u00e9rieure et convivial pour leur site Web ax\u00e9 sur l&rsquo;entreprise.<\/p>\n<ul>\n<li>Un design \u00e9l\u00e9gant et moderne, parfait pour tout site Web d&rsquo;entreprise<\/li>\n<li>Enti\u00e8rement personnalisable avec une vari\u00e9t\u00e9 d&rsquo;options de couleur et de mise en page<\/li>\n<li>Sensible au mobile et optimis\u00e9 pour les vitesses de chargement rapide<\/li>\n<li>Comprend un g\u00e9n\u00e9rateur de page de glisser-d\u00e9poser facile \u00e0 utiliser<\/li>\n<li>Plusieurs options de page d&rsquo;accueil au choix, y compris un curseur plein \u00e9cran et une image statique<\/li>\n<li>Formulaire de contact int\u00e9gr\u00e9 et int\u00e9gration de cartes pour une communication client facile<\/li>\n<li>Int\u00e9gration avec des plugins populaires tels que WooCommerce et Formulaire de contact 7<\/li>\n<li>SEO optimis\u00e9 pour les classements de moteur de recherche plus \u00e9lev\u00e9s<\/li>\n<li>Documentation utile et support client pour une configuration et une utilisation faciles.<\/li>\n<\/ul>\n","protected":false},"excerpt":{"rendered":"<p>Le th\u00e8me WordPress d&rsquo;affaires simple, orn\u00e9 d&rsquo;une esth\u00e9tique \u00e9l\u00e9gante et moderne, a \u00e9t\u00e9 m\u00e9ticuleusement con\u00e7u pour servir de plate-forme pour exposer votre entreprise ou votre marque personnelle de mani\u00e8re captivante. Sa conception minimaliste, associ\u00e9e \u00e0 ses sch\u00e9mas de couleurs personnalisables et ses fonctionnalit\u00e9s conviviales, permet m\u00eame \u00e0 ceux d\u00e9pourvus d&rsquo;expertise de codage pour organiser sans effort un site Web qui d\u00e9gage du professionnalisme. Le th\u00e8me poss\u00e8de un \u00e9ventail de mod\u00e8les pr\u00e9-con\u00e7us pour des pages essentielles telles que sur, les services et les contacts, tout en offrant des options pour pr\u00e9senter de mani\u00e8re transparente votre portefeuille ou votre contenu de blog. Comme il est \u00e0 la fois r\u00e9actif et optimis\u00e9 pour la visibilit\u00e9 du moteur de recherche, le th\u00e8me WordPress commercial simple appara\u00eet comme un choix exceptionnel pour les personnes qui cherchent \u00e0 \u00e9lever leur pr\u00e9sence en ligne \u00e0 des sommets sans pr\u00e9c\u00e9dent.<\/p>\n","protected":false},"featured_media":145477,"comment_status":"open","ping_status":"open","template":"","meta":[],"product_brand":[2433],"product_cat":[1516,1212,1213],"product_tag":[1366],"class_list":{"0":"post-113146","1":"product","2":"type-product","3":"status-publish","4":"has-post-thumbnail","6":"product_brand-themeforest","7":"product_cat-entreprise","8":"product_cat-themes","9":"product_cat-wordpress-themes","10":"product_tag-themeforest","11":"member-discount","12":"discount-restricted","14":"first","15":"instock","16":"sale","17":"downloadable","18":"virtual","19":"sold-individually","20":"purchasable","21":"product-type-simple"},"_links":{"self":[{"href":"https:\/\/gpl-love.com\/fr\/wp-json\/wp\/v2\/product\/113146","targetHints":{"allow":["GET"]}}],"collection":[{"href":"https:\/\/gpl-love.com\/fr\/wp-json\/wp\/v2\/product"}],"about":[{"href":"https:\/\/gpl-love.com\/fr\/wp-json\/wp\/v2\/types\/product"}],"replies":[{"embeddable":true,"href":"https:\/\/gpl-love.com\/fr\/wp-json\/wp\/v2\/comments?post=113146"}],"wp:featuredmedia":[{"embeddable":true,"href":"https:\/\/gpl-love.com\/fr\/wp-json\/wp\/v2\/media\/145477"}],"wp:attachment":[{"href":"https:\/\/gpl-love.com\/fr\/wp-json\/wp\/v2\/media?parent=113146"}],"wp:term":[{"taxonomy":"product_brand","embeddable":true,"href":"https:\/\/gpl-love.com\/fr\/wp-json\/wp\/v2\/product_brand?post=113146"},{"taxonomy":"product_cat","embeddable":true,"href":"https:\/\/gpl-love.com\/fr\/wp-json\/wp\/v2\/product_cat?post=113146"},{"taxonomy":"product_tag","embeddable":true,"href":"https:\/\/gpl-love.com\/fr\/wp-json\/wp\/v2\/product_tag?post=113146"}],"curies":[{"name":"wp","href":"https:\/\/api.w.org\/{rel}","templated":true}]}}